{"id":647,"date":"2021-03-29T02:13:52","date_gmt":"2021-03-29T02:13:52","guid":{"rendered":"http:\/\/localhost\/nuss\/?page_id=647"},"modified":"2025-11-24T15:54:43","modified_gmt":"2025-11-24T15:54:43","slug":"servizi","status":"publish","type":"page","link":"https:\/\/licloudshotel.com\/it\/servizi\/","title":{"rendered":"Servizi"},"content":{"rendered":"<div data-elementor-type=\"wp-page\" data-elementor-id=\"647\" class=\"elementor elementor-647\">\n\t\t\t\t\t\t<section class=\"elementor-section elementor-top-section elementor-element elementor-element-3353bc8 elementor-section-boxed elementor-section-gap-beside-yes elementor-section-height-default elementor-section-height-default elementor-section-column-vertical-align-stretch\" data-id=\"3353bc8\" data-element_type=\"section\" data-e-type=\"section\">\n\t\t\t\t\t\t<div class=\"elementor-container elementor-column-gap-extended\">\n\t\t\t\t\t<div class=\"elementor-column elementor-col-100 elementor-top-column elementor-element elementor-element-0a2bc64\" data-id=\"0a2bc64\" data-element_type=\"column\" data-e-type=\"column\">\n\t\t\t<div class=\"elementor-widget-wrap elementor-element-populated\">\n\t\t\t\t\t\t<div class=\"elementor-element elementor-element-447e3ef elementor-widget__width-initial elementor-invisible elementor-widget elementor-widget-text-editor\" data-id=\"447e3ef\" data-element_type=\"widget\" data-e-type=\"widget\" data-settings=\"{&quot;_animation&quot;:&quot;nussFadeInUp&quot;}\" data-widget_type=\"text-editor.default\">\n\t\t\t\t\t\t\t\t\t<div class=\"svelte-1c06zsf\" data-lang-code=\"\"><p><strong data-spm-anchor-id=\"a2ty_o01.29997173.0.i0.2caa5171R5ucuY\">LiCLOUDS HOTEL (Guilin Parco Xiangshan dei Due Fiumi e dei Quattro Laghi): dove ogni servizio \u00e8 una promessa mantenuta: scopri l&#039;arte dell&#039;ospitalit\u00e0 senza sforzo<\/strong><\/p><\/div>\t\t\t\t\t\t\t\t<\/div>\n\t\t\t\t\t<\/div>\n\t\t<\/div>\n\t\t\t\t\t<\/div>\n\t\t<\/section>\n\t\t<div class=\"elementor-element elementor-element-76953f7 e-flex e-con-boxed e-con e-parent\" data-id=\"76953f7\" data-element_type=\"container\" data-e-type=\"container\">\n\t\t\t\t\t<div class=\"e-con-inner\">\n\t\t\t\t<div class=\"elementor-element elementor-element-2f32cd6 elementor-widget elementor-widget-text-editor\" data-id=\"2f32cd6\" data-element_type=\"widget\" data-e-type=\"widget\" data-widget_type=\"text-editor.default\">\n\t\t\t\t\t\t\t\t\t<p>Al LiCLOUDS HOTEL non offriamo solo servizi: creiamo esperienze uniche. Situato al numero 2 di Zhongshan Middle Road, nel vivace quartiere Xiangshan di Guilin, il nostro hotel \u00e8 pi\u00f9 di un semplice luogo di riposo: \u00e8 un rifugio dove ogni esigenza, grande o piccola, viene anticipata e soddisfatta con calore genuino, tecnologia intelligente e incrollabile professionalit\u00e0. Ristrutturato nel 2024 e costantemente valutato <strong>9,8\/10 per il servizio<\/strong> Grazie a oltre 5.434 ospiti su Trip.com, abbiamo ridefinito il significato di &quot;ospitalit\u00e0&quot; nel cuore di una delle citt\u00e0 pi\u00f9 poetiche della Cina.<\/p><p>La nostra filosofia \u00e8 semplice: il tuo viaggio deve essere impeccabile dal momento della prenotazione fino alla partenza. Che tu sia un viaggiatore solitario in cerca di tranquillit\u00e0, una famiglia che vuole creare ricordi indelebili o un professionista che necessita di una base produttiva, il nostro team e le nostre strutture sono progettati per trasformare il tuo soggiorno da ordinario a straordinario.<\/p><div class=\"py-2 my-3\"><hr \/><\/div><h3><strong>Il cuore del nostro servizio: persone a cui importa<\/strong><\/h3><p>Ci\u00f2 che distingue davvero LiCLOUDS non sono solo i nostri servizi, ma anche il nostro personale. Gli ospiti descrivono ripetutamente il nostro staff come &quot;eccezionale&quot;, &quot;cordiale e disponibile&quot; e persino &quot;come avere un maggiordomo personale&quot;. Non \u00e8 un caso; \u00e8 una cultura.<\/p><ul dir=\"auto\"><li><strong>Concierge personalizzato 24 ore su 24, 7 giorni su 7:<\/strong> La nostra reception \u00e8 aperta 24 ore su 24, pronta ad assistervi per qualsiasi cosa, dalle prenotazioni di taxi a tarda notte alle prenotazioni last minute di ristoranti. Molti ospiti segnalano che il personale li aggiunge proattivamente su WeChat per ricevere assistenza in tempo reale, offrendo consigli sulla zona, indicazioni stradali e persino aiuto per commissioni personali.<\/li><li><strong>Team di lingua inglese:<\/strong> Per garantire che i viaggiatori internazionali si sentano a casa, impieghiamo <strong>personale di lingua inglese<\/strong> che pu\u00f2 guidarti durante il tuo soggiorno, rispondere a domande sulle attrazioni locali come Elephant Trunk Hill o i Due Fiumi e Quattro Laghi e rendere la tua esperienza davvero confortevole.<\/li><li><strong>Supporto incentrato sulla famiglia:<\/strong> Viaggi con bambini? Il nostro team fa di tutto per aiutarti a orientarti nel miniclub e a garantire che la tua camera a tema familiare sia perfettamente allestita con giocattoli sterilizzati con raggi UV e accappatoi per bambini: sappiamo che i genitori felici iniziano con i bambini felici.<\/li><li><strong>Redenzione e recupero:<\/strong> Anche quando le cose non vanno alla perfezione, come ha notato un ospite durante una tradizionale attivit\u00e0 di creazione di ventagli, il nostro staff interviene per sistemare le cose. Un giovane signore \u00e8 stato segnalato per il suo &quot;servizio esemplare&quot;, aiutando in ogni cosa, dallo spostamento delle casseforti alla condivisione di consigli culinari. Noi di LiCLOUDS crediamo nel trasformare le sfide in opportunit\u00e0 per stupire.<\/li><\/ul><div class=\"py-2 my-3\"><hr \/><\/div><h3><strong>Servizi intelligenti, senza interruzioni e senza stress<\/strong><\/h3><p>Combiniamo tecnologie all&#039;avanguardia con un design attento per garantire che il vostro soggiorno non sia solo confortevole, ma anche estremamente pratico.<\/p><ul dir=\"auto\"><li><strong>Camere intelligenti Xiao Du:<\/strong> Ogni camera \u00e8 dotata di <strong>controllo intelligente dell&#039;intera casa tramite comando vocale Xiao Du<\/strong>. Regola l&#039;illuminazione, la temperatura o l&#039;intrattenimento senza alzare un dito. \u00c8 un lusso che ascolta.<\/li><li><strong>Robot di servizio:<\/strong> Per una maggiore comodit\u00e0, il nostro <strong>robot di servizio<\/strong> Offrono servizi in camera, riducendo al minimo i disagi e massimizzando l&#039;efficienza: perfetti per chi apprezza la privacy o \u00e8 impegnato a lavorare.<\/li><li><strong>Wi-Fi ad alta velocit\u00e0 gratuito:<\/strong> Rimani connesso ovunque tu sia. La connessione Wi-Fi gratuita ad alta velocit\u00e0 \u00e8 disponibile in tutte le camere e nelle aree comuni, per consentirti di lavorare, guardare contenuti in streaming o condividere le tue avventure a Guilin senza intoppi.<\/li><li><strong>Parcheggio gratuito e deposito bagagli:<\/strong> Arrivate in macchina? Divertitevi <strong>parcheggio privato gratuito<\/strong> in loco (posti limitati, non \u00e8 necessaria la prenotazione). Hai bisogno di esplorare prima del check-in o dopo il check-out? Il nostro <strong>deposito bagagli gratuito<\/strong> ti permette di girovagare per la citt\u00e0 senza pensieri.<\/li><\/ul><div class=\"py-2 my-3\"><hr \/><\/div><h3><strong>Per chi viaggia per lavoro: la produttivit\u00e0 incontra le viste panoramiche<\/strong><\/h3><p>LiCLOUDS HOTEL \u00e8 un polo strategico per i professionisti. Situato appena <strong>1,3 km dalla stazione ferroviaria di Guilin<\/strong> E <strong>28 km dall&#039;aeroporto internazionale di Liangjiang<\/strong>, la logistica \u00e8 semplice.<\/p><ul dir=\"auto\"><li><strong>Spazi di lavoro dedicati:<\/strong> Scegli tra <strong>spazi di coworking<\/strong> e un <strong>piano esecutivo<\/strong> Progettata per favorire la concentrazione, dotata di sedute ergonomiche, prese di corrente e comfort di alta qualit\u00e0.<\/li><li><strong>Strutture per riunioni ed eventi:<\/strong> Organizza riunioni o workshop nel nostro versatile <strong>sale conferenze<\/strong> E <strong>sale polifunzionali<\/strong>, dotato di sistemi audiovisivi all&#039;avanguardia. Servizi di segreteria, fax\/fotocopie e servizi postali sono disponibili su richiesta.<\/li><li><strong>Check-in\/out flessibile:<\/strong> Risparmia tempo con <strong>check-in\/check-out espresso<\/strong> E <strong>Servizio di check-in VIP<\/strong>, assicurando che il tuo viaggio d&#039;affari inizi e finisca senza intoppi.<\/li><\/ul><div class=\"py-2 my-3\"><hr \/><\/div><h3><strong>Paradiso per famiglie: dove i bambini giocano, i genitori si rilassano<\/strong><\/h3><p>Abbiamo trasformato i viaggi in famiglia in pura gioia. Il nostro parco giochi al decimo piano \u00e8 un paradiso per i piccoli avventurieri.<\/p><ul dir=\"auto\"><li><strong>Miniclub e parco giochi:<\/strong> Lascia che i tuoi bambini sprigionino la loro energia sul <strong>scivolo con palline oceaniche<\/strong>, schizzare nel <strong>piscina per bambini<\/strong>, o godere di attivit\u00e0 supervisionate nel <strong>miniclub<\/strong>.<\/li><li><strong>Camere a tema familiare:<\/strong> Progettate per garantire comfort e divertimento, queste spaziose camere dispongono di aree gioco dedicate, sterilizzazione a LED UV per i giocattoli e tende per bambini, il tutto per rendere il vostro soggiorno senza stress.<\/li><li><strong>Tocchi adatti ai bambini:<\/strong> Da <strong>accappatoi e pantofole per bambini<\/strong> A <strong>Giocattoli sterilizzati con raggi UV<\/strong> E <strong>libri e video<\/strong>, abbiamo pensato a tutto per garantire la felicit\u00e0 e la sicurezza dei vostri piccoli.<\/li><\/ul><div class=\"py-2 my-3\"><hr \/><\/div><h3><strong>Benessere e svago: ricaricati in mezzo alla bellezza naturale<\/strong><\/h3><p>Dopo una giornata trascorsa ad esplorare le meraviglie carsiche di Guilin, rilassatevi con stile.<\/p><ul dir=\"auto\"><li><strong>Due piscine esterne gratuite:<\/strong> Immergiti nel relax presso il nostro <strong>due piscine esterne gratuite<\/strong>, tra cui uno straordinario <strong>piscina a sfioro sul tetto<\/strong> con vista panoramica sul paesaggio iconico di Guilin. Rilassatevi sotto gli ombrelloni o sorseggiate un drink al <strong>ristorante a bordo piscina<\/strong>.<\/li><li><strong>Palestra gratuita:<\/strong> Mantenetevi attivi grazie al nostro centro fitness gratuito, attrezzato per gli ospiti che desiderano mantenere la propria routine.<\/li><li><strong>Biblioteca e sala da t\u00e8:<\/strong> Trova momenti di tranquillit\u00e0 nel nostro <strong>biblioteca<\/strong> o goditi una tazza di t\u00e8 rilassante nel nostro <strong>sala da t\u00e8<\/strong>\u2014perfetto per leggere, riflettere o semplicemente godersi l&#039;atmosfera serena.<\/li><\/ul><div class=\"py-2 my-3\"><hr \/><\/div><h3><strong>Ogni dettaglio considerato: dal trasporto alla tranquillit\u00e0<\/strong><\/h3><p>Sappiamo che le vacanze migliori sono quelle in cui non devi preoccuparti della logistica.<\/p><ul dir=\"auto\"><li><strong>Trasferimenti aeroportuali prioritari:<\/strong> A pagamento, organizzare <strong>servizio prioritario di prelievo e rientro in aeroporto<\/strong> per garantire un arrivo o una partenza senza intoppi.<\/li><li><strong>Prenotazione taxi e noleggio auto:<\/strong> Hai bisogno di esplorare luoghi pi\u00f9 lontani a piedi? Il nostro concierge pu\u00f2 aiutarti a prenotare taxi o auto a noleggio.<\/li><li><strong>Assistenza bagagli:<\/strong> Nostro <strong>servizio di facchinaggio<\/strong> garantisce che i tuoi bagagli vengano trattati con cura, sia in arrivo che in partenza.<\/li><li><strong>Sicurezza e protezione:<\/strong> Riposa in pace sapendo che diamo priorit\u00e0 al tuo benessere con <strong>personale di sicurezza 24 ore su 24<\/strong>, <strong>Videosorveglianza nelle aree pubbliche<\/strong>, <strong>sistemi di ingresso con tessera magnetica<\/strong>, E <strong>kit di pronto soccorso<\/strong> facilmente reperibile.<\/li><\/ul><div class=\"py-2 my-3\"><hr \/><\/div><h3><strong>Un impegno per l&#039;eccellenza che dice molto<\/strong><\/h3><p>Nostro <strong>Valutazione del servizio 9,8\/10<\/strong> Non \u00e8 solo un numero: \u00e8 la testimonianza della nostra dedizione. Gli ospiti elogiano costantemente la nostra pulizia, la posizione e i servizi per le famiglie, ma \u00e8 il servizio che lascia il segno pi\u00f9 profondo. Come ha scritto un recensore: &quot;Il livello di servizio offerto \u00e8 stato eccezionale... sembrava di ricevere un maggiordomo personale&quot;.\u201c<\/p><p>Al LiCLOUDS HOTEL, non ci limitiamo a soddisfare le aspettative, le superiamo. Vi invitiamo a sperimentare un&#039;ospitalit\u00e0 che vi far\u00e0 sentire come a casa, una tecnologia che vi semplifica la vita e un team che si impegna sinceramente a rendere il vostro soggiorno indimenticabile. Che siate qui per lavoro, in famiglia o per piacere, lasciate che ci prendiamo cura di ogni dettaglio, cos\u00ec potrete concentrarvi su ci\u00f2 che conta di pi\u00f9: creare ricordi indimenticabili nella bellezza mozzafiato di Guilin.<\/p><p data-spm-anchor-id=\"a2ty_o01.29997173.0.i3.2caa5171R5ucuY\">Prenota oggi stesso il tuo soggiorno e scopri perch\u00e9 migliaia di viaggiatori definiscono il LiCLOUDS HOTEL &quot;il perfetto mix di natura, lusso e genuina ospitalit\u00e0&quot;.\u201c<\/p>\t\t\t\t\t\t\t\t<\/div>\n\t\t\t\t\t<\/div>\n\t\t\t\t<\/div>\n\t\t\t\t<section class=\"elementor-section elementor-top-section elementor-element elementor-element-7bee917d elementor-section-stretched elementor-section-boxed elementor-section-gap-beside-yes elementor-section-height-default elementor-section-height-default elementor-section-column-vertical-align-stretch\" data-id=\"7bee917d\" data-element_type=\"section\" data-e-type=\"section\" data-settings=\"{&quot;background_background&quot;:&quot;classic&quot;,&quot;stretch_section&quot;:&quot;section-stretched&quot;}\">\n\t\t\t\t\t\t<div class=\"elementor-container elementor-column-gap-extended\">\n\t\t\t\t\t<div class=\"elementor-column elementor-col-100 elementor-top-column elementor-element elementor-element-76689501\" data-id=\"76689501\" data-element_type=\"column\" data-e-type=\"column\">\n\t\t\t<div class=\"elementor-widget-wrap elementor-element-populated\">\n\t\t\t\t\t\t<div class=\"elementor-element elementor-element-1ab611ab elementor-widget elementor-widget-nuss-heading\" data-id=\"1ab611ab\" data-element_type=\"widget\" data-e-type=\"widget\" data-widget_type=\"nuss-heading.default\">\n\t\t\t\t<div class=\"elementor-widget-container\">\n\t\t\t\t\t\t\t<div class=\"nuss-modern-heading\">\r\n\t\t\t\t\t\t<div class=\"heading-secondary-wrap\">\r\n\t\t\t\t<h3 class=\"heading-secondary elementor-heading-title\">Controlla disponibile <\/h3>\t\t\t<\/div>\r\n\t\t\r\n\t\t\t\r\n\t\t\t\r\n\t\t\t\t\t<\/div>\r\n\t\t\t\t\t<\/div>\n\t\t\t\t<\/div>\n\t\t\t\t<div class=\"elementor-element elementor-element-766ee7c elementor-widget elementor-widget-text-editor\" data-id=\"766ee7c\" data-element_type=\"widget\" data-e-type=\"widget\" data-widget_type=\"text-editor.default\">\n\t\t\t\t\t\t\t\t\t<iframe border=\"0\" src=\"https:\/\/www.trip.com\/partners\/ad\/S7313476?Allianceid=4590391&#038;SID=277435859&#038;trip_sub1=\" style=\"width:1200px;height:150px\" frameborder=\"0\" scrolling=\"no\" id=\"S7313476\"><\/iframe>\t\t\t\t\t\t\t\t<\/div>\n\t\t\t\t\t<\/div>\n\t\t<\/div>\n\t\t\t\t\t<\/div>\n\t\t<\/section>\n\t\t\t\t<\/div>","protected":false},"excerpt":{"rendered":"<p>LiCLOUDS HOTEL (Guilin Two Rivers and Four Lakes Xiangshan Park): Where Every Service is a Promise Kept \u2013 Experience the Art of Effortless Hospitality At LiCLOUDS HOTEL, we don\u2019t just offer services\u2014we curate experiences. Nestled at No. 2 Zhongshan Middle Road in Guilin\u2019s vibrant Xiangshan District, our hotel is more than a place to rest; [&hellip;]<\/p>\n","protected":false},"author":1,"featured_media":0,"parent":0,"menu_order":0,"comment_status":"closed","ping_status":"closed","template":"","meta":{"footnotes":""},"class_list":["post-647","page","type-page","status-publish","hentry","post-no-thumbnail"],"_links":{"self":[{"href":"https:\/\/licloudshotel.com\/it\/wp-json\/wp\/v2\/pages\/647","targetHints":{"allow":["GET"]}}],"collection":[{"href":"https:\/\/licloudshotel.com\/it\/wp-json\/wp\/v2\/pages"}],"about":[{"href":"https:\/\/licloudshotel.com\/it\/wp-json\/wp\/v2\/types\/page"}],"author":[{"embeddable":true,"href":"https:\/\/licloudshotel.com\/it\/wp-json\/wp\/v2\/users\/1"}],"replies":[{"embeddable":true,"href":"https:\/\/licloudshotel.com\/it\/wp-json\/wp\/v2\/comments?post=647"}],"version-history":[{"count":0,"href":"https:\/\/licloudshotel.com\/it\/wp-json\/wp\/v2\/pages\/647\/revisions"}],"wp:attachment":[{"href":"https:\/\/licloudshotel.com\/it\/wp-json\/wp\/v2\/media?parent=647"}],"curies":[{"name":"wp","href":"https:\/\/api.w.org\/{rel}","templated":true}]}}