{"id":5266,"date":"2021-07-18T08:03:35","date_gmt":"2021-07-18T08:03:35","guid":{"rendered":"https:\/\/nuss.uxper.co\/luxury-resort\/?page_id=5266"},"modified":"2025-11-24T13:36:40","modified_gmt":"2025-11-24T13:36:40","slug":"chi-siamo","status":"publish","type":"page","link":"https:\/\/licloudshotel.com\/it\/chi-siamo\/","title":{"rendered":"Chi siamo"},"content":{"rendered":"<div data-elementor-type=\"wp-page\" data-elementor-id=\"5266\" class=\"elementor elementor-5266\">\n\t\t\t\t\t\t<section class=\"elementor-section elementor-top-section elementor-element elementor-element-10416953 elementor-section-boxed elementor-section-gap-beside-yes elementor-section-height-default elementor-section-height-default elementor-section-column-vertical-align-stretch\" data-id=\"10416953\" data-element_type=\"section\" data-e-type=\"section\">\n\t\t\t\t\t\t<div class=\"elementor-container elementor-column-gap-extended\">\n\t\t\t\t\t<div class=\"elementor-column elementor-col-100 elementor-top-column elementor-element elementor-element-29c6aa8\" data-id=\"29c6aa8\" data-element_type=\"column\" data-e-type=\"column\">\n\t\t\t<div class=\"elementor-widget-wrap elementor-element-populated\">\n\t\t\t\t\t\t<div class=\"elementor-element elementor-element-7be18fe7 elementor-widget__width-initial elementor-invisible elementor-widget elementor-widget-text-editor\" data-id=\"7be18fe7\" data-element_type=\"widget\" data-e-type=\"widget\" data-settings=\"{&quot;_animation&quot;:&quot;nussFadeInUp&quot;}\" data-widget_type=\"text-editor.default\">\n\t\t\t\t\t\t\t\t\t<div class=\"svelte-1c06zsf\" data-lang-code=\"\"><p><strong data-spm-anchor-id=\"a2ty_o01.29997173.0.i18.2caac921Ka36hT\">LiCLOUDS HOTEL (Guilin Due Fiumi e Quattro Laghi Parco Xiangshan) \u2013 La tua fuga elegante, panoramica e adatta alle famiglie nel cuore di Guilin<\/strong><\/p><\/div>\t\t\t\t\t\t\t\t<\/div>\n\t\t\t\t\t<\/div>\n\t\t<\/div>\n\t\t\t\t\t<\/div>\n\t\t<\/section>\n\t\t\t\t<section class=\"elementor-section elementor-top-section elementor-element elementor-element-7d18327f elementor-section-boxed elementor-section-gap-beside-yes elementor-section-height-default elementor-section-height-default elementor-section-column-vertical-align-stretch\" data-id=\"7d18327f\" data-element_type=\"section\" data-e-type=\"section\">\n\t\t\t\t\t\t<div class=\"elementor-container elementor-column-gap-extended\">\n\t\t\t\t\t<div class=\"elementor-column elementor-col-50 elementor-top-column elementor-element elementor-element-56533670\" data-id=\"56533670\" data-element_type=\"column\" data-e-type=\"column\">\n\t\t\t<div class=\"elementor-widget-wrap elementor-element-populated\">\n\t\t\t\t\t\t<div class=\"elementor-element elementor-element-19c3f543 elementor-drop-cap-yes elementor-drop-cap-view-default elementor-invisible elementor-widget elementor-widget-text-editor\" data-id=\"19c3f543\" data-element_type=\"widget\" data-e-type=\"widget\" data-settings=\"{&quot;_animation&quot;:&quot;nussFadeInUp&quot;,&quot;drop_cap&quot;:&quot;yes&quot;}\" data-widget_type=\"text-editor.default\">\n\t\t\t\t\t\t\t\t\t<p>Situato al numero 2 di Zhongshan Middle Road nel vivace distretto di Xiangshan di Guilin, <strong>LiCLOUDS HOTEL (Parco Xiangshan dei Due Fiumi e dei Quattro Laghi di Guilin)<\/strong> Non \u00e8 solo un posto dove dormire: \u00e8 la porta d&#039;accesso per vivere l&#039;anima di una delle citt\u00e0 pi\u00f9 spettacolari della Cina. Recentemente ristrutturato nel 2024, questo moderno gioiello a 4 stelle offre ai viaggiatori un&#039;indimenticabile fusione di comfort all&#039;avanguardia, bellezze naturali panoramiche e un servizio attento e personalizzato, rendendolo la scelta ideale per famiglie, coppie e avventurieri solitari in cerca della base perfetta a Guilin.<\/p>\t\t\t\t\t\t\t\t<\/div>\n\t\t\t\t\t<\/div>\n\t\t<\/div>\n\t\t\t\t<div class=\"elementor-column elementor-col-50 elementor-top-column elementor-element elementor-element-30f14127\" data-id=\"30f14127\" data-element_type=\"column\" data-e-type=\"column\">\n\t\t\t<div class=\"elementor-widget-wrap elementor-element-populated\">\n\t\t\t\t\t\t<div class=\"elementor-element elementor-element-59aea08 elementor-widget elementor-widget-image\" data-id=\"59aea08\" data-element_type=\"widget\" data-e-type=\"widget\" data-widget_type=\"image.default\">\n\t\t\t\t\t\t\t\t\t\t\t\t\t\t\t<img fetchpriority=\"high\" decoding=\"async\" width=\"1024\" height=\"655\" src=\"https:\/\/licloudshotel.com\/wp-content\/uploads\/2025\/11\/home-1024x655.jpg\" class=\"attachment-large size-large wp-image-7301\" alt=\"\" srcset=\"https:\/\/licloudshotel.com\/wp-content\/uploads\/2025\/11\/home-1024x655.jpg 1024w, https:\/\/licloudshotel.com\/wp-content\/uploads\/2025\/11\/home-300x192.jpg 300w, https:\/\/licloudshotel.com\/wp-content\/uploads\/2025\/11\/home-768x491.jpg 768w, https:\/\/licloudshotel.com\/wp-content\/uploads\/2025\/11\/home-1536x982.jpg 1536w, https:\/\/licloudshotel.com\/wp-content\/uploads\/2025\/11\/home-2048x1310.jpg 2048w, https:\/\/licloudshotel.com\/wp-content\/uploads\/2025\/11\/home-18x12.jpg 18w\" sizes=\"(max-width: 1024px) 100vw, 1024px\" \/>\t\t\t\t\t\t\t\t\t\t\t\t\t\t\t<\/div>\n\t\t\t\t\t<\/div>\n\t\t<\/div>\n\t\t\t\t\t<\/div>\n\t\t<\/section>\n\t\t\t\t<section class=\"elementor-section elementor-top-section elementor-element elementor-element-29fb8578 elementor-section-height-min-height elementor-section-stretched elementor-section-full_width elementor-section-items-stretch elementor-section-height-default elementor-section-column-vertical-align-stretch\" data-id=\"29fb8578\" data-element_type=\"section\" data-e-type=\"section\" data-settings=\"{&quot;stretch_section&quot;:&quot;section-stretched&quot;}\">\n\t\t\t\t\t\t<div class=\"elementor-container elementor-column-gap-no\">\n\t\t\t\t\t<div class=\"elementor-column elementor-col-50 elementor-top-column elementor-element elementor-element-40ac270b\" data-id=\"40ac270b\" data-element_type=\"column\" data-e-type=\"column\">\n\t\t\t<div class=\"elementor-widget-wrap elementor-element-populated\">\n\t\t\t\t\t\t<div class=\"elementor-element elementor-element-20872773 elementor-widget__width-initial elementor-widget-mobile__width-inherit elementor-invisible nuss-elementor-loading nuss-slide-in-right elementor-widget elementor-widget-image\" data-id=\"20872773\" data-element_type=\"widget\" data-e-type=\"widget\" data-settings=\"{&quot;_animation&quot;:&quot;nussSlideInRight&quot;}\" data-widget_type=\"image.default\">\n\t\t\t\t\t\t\t\t\t\t\t\t\t\t\t<img decoding=\"async\" width=\"1139\" height=\"853\" src=\"https:\/\/licloudshotel.com\/wp-content\/uploads\/2025\/11\/LiCLOUDS-HOTEL-99.webp\" class=\"attachment-full size-full wp-image-7236\" alt=\"\" srcset=\"https:\/\/licloudshotel.com\/wp-content\/uploads\/2025\/11\/LiCLOUDS-HOTEL-99.webp 1139w, https:\/\/licloudshotel.com\/wp-content\/uploads\/2025\/11\/LiCLOUDS-HOTEL-99-300x225.webp 300w, https:\/\/licloudshotel.com\/wp-content\/uploads\/2025\/11\/LiCLOUDS-HOTEL-99-1024x767.webp 1024w, https:\/\/licloudshotel.com\/wp-content\/uploads\/2025\/11\/LiCLOUDS-HOTEL-99-768x575.webp 768w, https:\/\/licloudshotel.com\/wp-content\/uploads\/2025\/11\/LiCLOUDS-HOTEL-99-16x12.webp 16w\" sizes=\"(max-width: 1139px) 100vw, 1139px\" \/>\t\t\t\t\t\t\t\t\t\t\t\t\t\t\t<\/div>\n\t\t\t\t\t<\/div>\n\t\t<\/div>\n\t\t\t\t<div class=\"elementor-column elementor-col-50 elementor-top-column elementor-element elementor-element-2dac103\" data-id=\"2dac103\" data-element_type=\"column\" data-e-type=\"column\">\n\t\t\t<div class=\"elementor-widget-wrap elementor-element-populated\">\n\t\t\t\t\t\t<div class=\"elementor-element elementor-element-6f1b8966 elementor-invisible elementor-widget elementor-widget-text-editor\" data-id=\"6f1b8966\" data-element_type=\"widget\" data-e-type=\"widget\" data-settings=\"{&quot;_animation&quot;:&quot;nussFadeInUp&quot;}\" data-widget_type=\"text-editor.default\">\n\t\t\t\t\t\t\t\t\t<p><strong data-spm-anchor-id=\"a2ty_o01.29997173.0.i21.2caac921Ka36hT\">Perch\u00e9 LiCLOUDS HOTEL si distingue:<\/strong><\/p><ul dir=\"auto\"><li><strong>Posizione imbattibile:<\/strong> Esci e sarai a pochi minuti dalle acque scintillanti del <strong>Due fiumi e quattro laghi<\/strong>, con l&#039;iconico <strong>Parco Xiangshan<\/strong> e la sua famosa Elephant Trunk Hill a pochi passi di distanza. La vivace <strong>XiCheng Lu BuXingJie<\/strong> la strada pedonale \u00e8 a soli 250 metri di distanza, mentre <strong>Stazione ferroviaria di Guilin<\/strong> \u00e8 una passeggiata di soli 1,3 km, ideale per arrivi e partenze senza intoppi.<\/li><li><strong data-spm-anchor-id=\"a2ty_o01.29997173.0.i20.2caac921Ka36hT\">Viste mozzafiato da ogni stanza:<\/strong> Scegli tra camere dal design elegante dotate di <strong>balconi con vista sul fiume ai piani alti<\/strong> O <strong>suite tatami da sogno con vista su Xiangshan<\/strong> dotate di vasche da bagno rotonde super-large con vista sulla Collina della Proboscide dell&#039;Elefante. Tutte le camere sono dotate di <strong>Xiao Du controllo intelligente per tutta la casa<\/strong> per gestire illuminazione, temperatura e intrattenimento senza sforzo, tutto tramite comando vocale.<\/li><li><strong>Il paradiso della famiglia rivisitato:<\/strong> Viaggi con bambini? LiCLOUDS \u00e8 pensato per te. Goditi uno spazio spazioso <strong>Camere a tema familiare<\/strong> con aree gioco dedicate, giocattoli sterilizzati con raggi UV e tende per bambini. Al 10\u00b0 piano, lasciate che i pi\u00f9 piccoli sguazzino nell&#039; <strong>piscina per bambini<\/strong>, salire il <strong>scivolo con palline oceaniche<\/strong>, oppure unisciti al <strong>miniclub<\/strong>. I genitori possono rilassarsi sapendo che sicurezza, igiene e divertimento sono perfettamente integrati.<\/li><li><strong>Il lusso intelligente incontra la serenit\u00e0 naturale:<\/strong> Rilassatevi presso l&#039;hotel <strong>due piscine all&#039;aperto<\/strong>, tra cui uno straordinario <strong>piscina a sfioro sul tetto<\/strong> offre una vista mozzafiato sul paesaggio carsico di Guilin. Rilassatevi sotto gli ombrelloni sulla vostra terrazza privata o sorseggiate un caff\u00e8 a bordo piscina. <strong>ristorante a bordo piscina<\/strong>. L&#039;atmosfera serena si sposa perfettamente con lo scenario poetico della citt\u00e0.<\/li><li><strong>Un servizio eccezionale di cui ti puoi fidare:<\/strong> Con un punteggio di 9,8\/10 per il servizio, LiCLOUDS supera ogni aspettativa. Gli ospiti ne sono entusiasti <strong>Assistenza concierge WeChat 24 ore su 24, 7 giorni su 7<\/strong>, personale che parla inglese e attenzione personalizzata, dall&#039;organizzazione dei trasferimenti aeroportuali ai consigli sui ristoranti locali. Un ospite l&#039;ha persino definita &quot;un&#039;esperienza da maggiordomo personale&quot;, sottolineando il personale che assiste proattivamente in ogni aspetto, dal trasferimento sicuro alla pianificazione del viaggio.<\/li><li><strong>Deliziosi sapori locali e comfort moderni:<\/strong> Inizia la giornata con una generosa <strong>colazione a buffet<\/strong> con congee cinese fresco (<em>xiao mi zhou<\/em>), dim sum, dolci occidentali e molto altro, elogiato per la sua variet\u00e0 e qualit\u00e0. L&#039;hotel offre anche gratuitamente <strong>parcheggio privato<\/strong>, UN <strong>palestra<\/strong>, <strong>biblioteca<\/strong>, e anche tradizionale <strong>attivit\u00e0 di fabbricazione di bustine<\/strong> (anche se alcuni ospiti sottolineano che c&#039;\u00e8 margine di miglioramento nell&#039;organizzazione delle attivit\u00e0).<\/li><\/ul><p>Che stiate esplorando il fiume Li, facendo escursioni vicino al Picco della Bellezza Solitaria o semplicemente immergendovi nella tranquilla bellezza dei corsi d&#039;acqua di Guilin, il LiCLOUDS HOTEL vi garantir\u00e0 un soggiorno confortevole e memorabile. Grazie alla sua tecnologia intelligente, ai servizi per famiglie e alla posizione privilegiata accanto ai monumenti pi\u00f9 iconici della citt\u00e0, non c&#039;\u00e8 da stupirsi che questo hotel si classifichi costantemente tra le strutture pi\u00f9 apprezzate di Guilin.<\/p><p data-spm-anchor-id=\"a2ty_o01.29997173.0.i22.2caac921Ka36hT\">Prenota oggi stesso il tuo soggiorno al LiCLOUDS HOTEL e scopri perch\u00e9 migliaia di viaggiatori lo definiscono &quot;il perfetto mix di natura, lusso e genuina ospitalit\u00e0&quot; nel cuore di Guilin.<\/p>\t\t\t\t\t\t\t\t<\/div>\n\t\t\t\t\t<\/div>\n\t\t<\/div>\n\t\t\t\t\t<\/div>\n\t\t<\/section>\n\t\t\t\t<section class=\"elementor-section elementor-top-section elementor-element elementor-element-2092b7d0 elementor-section-stretched elementor-section-boxed elementor-section-gap-beside-yes elementor-section-height-default elementor-section-height-default elementor-section-column-vertical-align-stretch\" data-id=\"2092b7d0\" data-element_type=\"section\" data-e-type=\"section\" data-settings=\"{&quot;background_background&quot;:&quot;classic&quot;,&quot;stretch_section&quot;:&quot;section-stretched&quot;}\">\n\t\t\t\t\t\t<div class=\"elementor-container elementor-column-gap-extended\">\n\t\t\t\t\t<div class=\"elementor-column elementor-col-100 elementor-top-column elementor-element elementor-element-be69d75\" data-id=\"be69d75\" data-element_type=\"column\" data-e-type=\"column\">\n\t\t\t<div class=\"elementor-widget-wrap elementor-element-populated\">\n\t\t\t\t\t\t<div class=\"elementor-element elementor-element-320c022 elementor-widget elementor-widget-nuss-heading\" data-id=\"320c022\" data-element_type=\"widget\" data-e-type=\"widget\" data-widget_type=\"nuss-heading.default\">\n\t\t\t\t<div class=\"elementor-widget-container\">\n\t\t\t\t\t\t\t<div class=\"nuss-modern-heading\">\r\n\t\t\t\t\t\t<div class=\"heading-secondary-wrap\">\r\n\t\t\t\t<h3 class=\"heading-secondary elementor-heading-title\">Controlla disponibile <\/h3>\t\t\t<\/div>\r\n\t\t\r\n\t\t\t\r\n\t\t\t\r\n\t\t\t\t\t<\/div>\r\n\t\t\t\t\t<\/div>\n\t\t\t\t<\/div>\n\t\t\t\t<div class=\"elementor-element elementor-element-fe69a93 elementor-widget elementor-widget-text-editor\" data-id=\"fe69a93\" data-element_type=\"widget\" data-e-type=\"widget\" data-widget_type=\"text-editor.default\">\n\t\t\t\t\t\t\t\t\t<iframe border=\"0\" src=\"https:\/\/www.trip.com\/partners\/ad\/S7313476?Allianceid=4590391&#038;SID=277435859&#038;trip_sub1=\" style=\"width:1200px;height:150px\" frameborder=\"0\" scrolling=\"no\" id=\"S7313476\"><\/iframe>\t\t\t\t\t\t\t\t<\/div>\n\t\t\t\t\t<\/div>\n\t\t<\/div>\n\t\t\t\t\t<\/div>\n\t\t<\/section>\n\t\t\t\t<\/div>","protected":false},"excerpt":{"rendered":"<p>LiCLOUDS HOTEL (Guilin Two Rivers and Four Lakes Xiangshan Park) \u2013 Your Smart, Scenic &amp; Family-Friendly Escape in the Heart of Guilin Nestled at No. 2 Zhongshan Middle Road in Guilin\u2019s vibrant Xiangshan District, LiCLOUDS HOTEL (Guilin Two Rivers and Four Lakes Xiangshan Park) is not just a place to sleep\u2014it\u2019s your gateway to experiencing [&hellip;]<\/p>\n","protected":false},"author":1,"featured_media":0,"parent":0,"menu_order":0,"comment_status":"closed","ping_status":"closed","template":"","meta":{"footnotes":""},"class_list":["post-5266","page","type-page","status-publish","hentry","post-no-thumbnail"],"_links":{"self":[{"href":"https:\/\/licloudshotel.com\/it\/wp-json\/wp\/v2\/pages\/5266","targetHints":{"allow":["GET"]}}],"collection":[{"href":"https:\/\/licloudshotel.com\/it\/wp-json\/wp\/v2\/pages"}],"about":[{"href":"https:\/\/licloudshotel.com\/it\/wp-json\/wp\/v2\/types\/page"}],"author":[{"embeddable":true,"href":"https:\/\/licloudshotel.com\/it\/wp-json\/wp\/v2\/users\/1"}],"replies":[{"embeddable":true,"href":"https:\/\/licloudshotel.com\/it\/wp-json\/wp\/v2\/comments?post=5266"}],"version-history":[{"count":0,"href":"https:\/\/licloudshotel.com\/it\/wp-json\/wp\/v2\/pages\/5266\/revisions"}],"wp:attachment":[{"href":"https:\/\/licloudshotel.com\/it\/wp-json\/wp\/v2\/media?parent=5266"}],"curies":[{"name":"wp","href":"https:\/\/api.w.org\/{rel}","templated":true}]}}