{"id":2106,"date":"2021-03-25T04:08:26","date_gmt":"2021-03-25T04:08:26","guid":{"rendered":"http:\/\/localhost\/nuss\/?page_id=298"},"modified":"2025-11-24T15:26:12","modified_gmt":"2025-11-24T15:26:12","slug":"esperienze","status":"publish","type":"page","link":"https:\/\/licloudshotel.com\/it\/esperienze\/","title":{"rendered":"Recensioni LiCLOUDS HOTEL"},"content":{"rendered":"<div data-elementor-type=\"wp-page\" data-elementor-id=\"2106\" class=\"elementor elementor-2106\">\n\t\t\t\t\t\t<section class=\"elementor-section elementor-top-section elementor-element elementor-element-1954ffc elementor-section-boxed elementor-section-gap-beside-yes elementor-section-height-default elementor-section-height-default elementor-section-column-vertical-align-stretch\" data-id=\"1954ffc\" data-element_type=\"section\" data-e-type=\"section\">\n\t\t\t\t\t\t<div class=\"elementor-container elementor-column-gap-extended\">\n\t\t\t\t\t<div class=\"elementor-column elementor-col-100 elementor-top-column elementor-element elementor-element-86aebc5\" data-id=\"86aebc5\" data-element_type=\"column\" data-e-type=\"column\">\n\t\t\t<div class=\"elementor-widget-wrap elementor-element-populated\">\n\t\t\t\t\t\t<div class=\"elementor-element elementor-element-11803d1 elementor-widget__width-initial elementor-invisible elementor-widget elementor-widget-text-editor\" data-id=\"11803d1\" data-element_type=\"widget\" data-e-type=\"widget\" data-settings=\"{&quot;_animation&quot;:&quot;nussFadeInUp&quot;}\" data-widget_type=\"text-editor.default\">\n\t\t\t\t\t\t\t\t\t<div class=\"svelte-1c06zsf\" data-lang-code=\"\"><p><strong data-spm-anchor-id=\"a2ty_o01.29997173.0.i36.2caac921Ka36hT\">LiCLOUDS HOTEL (Guilin Parco Xiangshan dei Due Fiumi e dei Quattro Laghi): dove oltre 5.434 ospiti dicono &quot;Perfetto&quot; - Recensioni vere, esperienze vere<\/strong><\/p><div class=\"my-2\">\u00a0<\/div><\/div>\t\t\t\t\t\t\t\t<\/div>\n\t\t\t\t\t<\/div>\n\t\t<\/div>\n\t\t\t\t\t<\/div>\n\t\t<\/section>\n\t\t<div class=\"elementor-element elementor-element-95e7268 e-flex e-con-boxed e-con e-parent\" data-id=\"95e7268\" data-element_type=\"container\" data-e-type=\"container\">\n\t\t\t\t\t<div class=\"e-con-inner\">\n\t\t\t\t<div class=\"elementor-element elementor-element-bd47571 elementor-widget elementor-widget-image\" data-id=\"bd47571\" data-element_type=\"widget\" data-e-type=\"widget\" data-widget_type=\"image.default\">\n\t\t\t\t\t\t\t\t\t\t\t\t\t\t\t\t<a href=\"https:\/\/www.trip.com\/hotels\/guilin-hotel-detail-78220402\/zhong-shan-guo-ji-da-jiu-dian\/?Allianceid=4590391&#038;SID=277435859&#038;trip_sub1=&#038;trip_sub3=D7323290\" target=\"_blank\" rel=\"noopener\">\n\t\t\t\t\t\t\t<img fetchpriority=\"high\" decoding=\"async\" width=\"1713\" height=\"1023\" src=\"https:\/\/licloudshotel.com\/wp-content\/uploads\/2025\/11\/LiCLOUDS-HOTEL-reviews.jpg\" class=\"attachment-full size-full wp-image-7396\" alt=\"\" srcset=\"https:\/\/licloudshotel.com\/wp-content\/uploads\/2025\/11\/LiCLOUDS-HOTEL-reviews.jpg 1713w, https:\/\/licloudshotel.com\/wp-content\/uploads\/2025\/11\/LiCLOUDS-HOTEL-reviews-300x179.jpg 300w, https:\/\/licloudshotel.com\/wp-content\/uploads\/2025\/11\/LiCLOUDS-HOTEL-reviews-1024x612.jpg 1024w, https:\/\/licloudshotel.com\/wp-content\/uploads\/2025\/11\/LiCLOUDS-HOTEL-reviews-768x459.jpg 768w, https:\/\/licloudshotel.com\/wp-content\/uploads\/2025\/11\/LiCLOUDS-HOTEL-reviews-1536x917.jpg 1536w, https:\/\/licloudshotel.com\/wp-content\/uploads\/2025\/11\/LiCLOUDS-HOTEL-reviews-18x12.jpg 18w\" sizes=\"(max-width: 1713px) 100vw, 1713px\" \/>\t\t\t\t\t\t\t\t<\/a>\n\t\t\t\t\t\t\t\t\t\t\t\t\t\t\t<\/div>\n\t\t\t\t\t<\/div>\n\t\t\t\t<\/div>\n\t\t<div class=\"elementor-element elementor-element-3e39171 e-flex e-con-boxed e-con e-parent\" data-id=\"3e39171\" data-element_type=\"container\" data-e-type=\"container\">\n\t\t\t\t\t<div class=\"e-con-inner\">\n\t\t\t\t<div class=\"elementor-element elementor-element-7761d0c elementor-widget elementor-widget-text-editor\" data-id=\"7761d0c\" data-element_type=\"widget\" data-e-type=\"widget\" data-widget_type=\"text-editor.default\">\n\t\t\t\t\t\t\t\t\t<p>Dimentica le recensioni generiche degli hotel. A <strong>LiCLOUDS HOTEL (Parco Xiangshan dei Due Fiumi e dei Quattro Laghi di Guilin)<\/strong>, l&#039;esperienza degli ospiti non viene solo valutata, ma celebrata. Con un incredibile <strong>Valutazione 9,8\/10<\/strong> da oltre <strong>5.434 recensioni verificate<\/strong> su Trip.com\u2014e non una singola recensione negativa nell&#039;ultimo mese\u2014questo gioiello a 4 stelle non \u00e8 solo popolare; \u00e8 <em>amato<\/em>. I viaggiatori non si limitano a registrarsi: creano ricordi indimenticabili, grazie alla combinazione perfetta di design intelligente, servizio eccezionale e una posizione che mette i luoghi pi\u00f9 iconici di Guilin a portata di mano.<\/p><p><strong>Perch\u00e9 LiCLOUDS HOTEL ottiene costantemente punteggi &quot;Perfetti&quot;:<\/strong><\/p><ul dir=\"auto\"><li><strong>Un servizio che sembra ospitalit\u00e0 personalizzata:<\/strong> Il motivo per cui gli ospiti dell&#039;#1 sono entusiasti? Il personale. Come ha affermato un recensore, &quot;Il livello di servizio offerto \u00e8 stato eccezionale&quot;. Molti ospiti sottolineano la natura proattiva, cordiale e sinceramente disponibile del personale. Una famiglia che viaggiava con membri anziani ha notato come l&#039;hotel si sia prodigato per soddisfare le loro richieste speciali di camere adiacenti e silenziose, un dettaglio che ha reso il loro viaggio davvero confortevole. Un altro ospite ha descritto di aver ricevuto quello che sembrava &quot;un servizio di maggiordomo personale&quot;, con il personale che li aggiungeva su WeChat per offrire assistenza in tempo reale, consigli locali e persino aiuto per piccole faccende personali. Una menzione speciale va a un giovane membro dello staff elogiato per il suo &quot;servizio esemplare&quot;, aiutando a spostare le casseforti, condividendo consigli sui ristoranti e assicurandosi che ogni esigenza fosse soddisfatta.<\/li><li><strong>Camere progettate per il comfort e l&#039;effetto sorpresa:<\/strong> Gli ospiti elogiano costantemente le camere pulite, moderne e spaziose, soprattutto dopo la ristrutturazione del 2024. <strong>Camere con balcone e vista sul fiume ai piani alti<\/strong> sono tra le preferite, offrendo terrazze private con ombrelloni e divani per il tempo libero per godersi la vista sui Due Fiumi e sui Quattro Laghi. Per chi cerca romanticismo o un&#039;esperienza unica, <strong>Camera matrimoniale Xiangshan Tatami<\/strong> offre viste da sogno di Elephant Trunk Hill abbinate a una vasca da bagno rotonda super-large, un vero santuario degno di Instagram. Le famiglie adorano il <strong>Camere a tema familiare<\/strong>, completo di aree gioco dedicate, sterilizzazione LED UV per i giocattoli e tende per bambini, rendendo il viaggio con i bambini semplice e divertente.<\/li><li><strong>Colazione: un inizio di giornata fresco e vario:<\/strong> La colazione a buffet giornaliera \u00e8 uno dei punti forti. Gli ospiti la descrivono come &quot;fresca e varia&quot;, e soddisfa appieno sia i palati cinesi che quelli occidentali. Tra i piatti preferiti c&#039;\u00e8 la fumante <em>xiao mi zhou<\/em> (congee) e una variet\u00e0 di dim sum, insieme a dolci e cereali occidentali. Sebbene alcuni viaggiatori preferiscano opzioni pi\u00f9 occidentali, il consenso generale \u00e8 chiaro: \u00e8 un modo delizioso, ben presentato ed efficiente per fare il pieno di energie prima di esplorare Guilin.<\/li><li><strong>Perfezione per famiglie:<\/strong> Il LiCLOUDS HOTEL \u00e8 pensato su misura per le famiglie. Il parco giochi al 10\u00b0 piano dispone di un <strong>scivolo con palline oceaniche<\/strong>, UN <strong>piscina per bambini<\/strong>, e un <strong>miniclub<\/strong>\u2014tutto progettato per un divertimento sicuro e supervisionato. I genitori apprezzano i dettagli curati nei minimi dettagli: accappatoi, pantofole, spazzolini da denti e persino libri e video per bambini. Un recensore lo ha definito &quot;molto adatto alle famiglie con bambini&quot;, sottolineando che i loro figli hanno apprezzato molto l&#039;area giochi e la colazione. La combinazione di servizi dedicati e personale attento lo rende un rifugio senza stress per i genitori.<\/li><li><strong>Posizione: Wonders \u00e8 raggiungibile a piedi, facile da raggiungere tutto:<\/strong> Situato al n. 2 di Zhongshan Middle Road, la posizione dell&#039;hotel \u00e8 imbattibile. \u00c8 semplicemente <strong>A 250 metri da XiCheng Lu BuXingJie<\/strong> strada pedonale, <strong>540 metri dalla Residenza di Li Zongren<\/strong>, e un semplice <strong>1,3 km dalla stazione ferroviaria di Guilin<\/strong>. Ci\u00f2 significa che puoi raggiungere a piedi negozi, ristoranti e siti culturali, oppure prendere un treno senza problemi. Per i viaggiatori internazionali, <strong>Aeroporto internazionale di Guilin Liangjiang<\/strong> si trova a una comoda distanza di 28 km, con servizio di prelievo prioritario dall&#039;aeroporto disponibile (a pagamento).<\/li><\/ul><p><strong>Cosa amano di pi\u00f9 gli ospiti (basato su oltre 5.434 recensioni):<\/strong><\/p><ul dir=\"auto\"><li><strong>Pulizia (9,8\/10):<\/strong> \u201c&quot;Immacolato&quot;, &quot;immacolato&quot;, &quot;tutto era pulito e ben presentato&quot;: gli ospiti elogiano ripetutamente gli elevati standard igienici.<\/li><li><strong>Servizi (9,7\/10):<\/strong> Dal <strong>due piscine esterne gratuite<\/strong> (inclusa una piscina a sfioro sul tetto con vista panoramica) al <strong>palestra gratuita<\/strong>, <strong>biblioteca<\/strong>, E <strong>robot di servizio<\/strong>, i servizi arricchiscono ogni soggiorno.<\/li><li><strong>Posizione (9,7\/10):<\/strong> \u201c&quot;A pochi passi dalla stazione ferroviaria&quot;, &quot;perfetto per visitare la citt\u00e0&quot;, &quot;vicino a tutte le principali attrazioni&quot;: la posizione centrale \u00e8 un enorme vantaggio.<\/li><li><strong>Servizio (9,8\/10):<\/strong> \u201c&quot;Eccezionale&quot;, &quot;cordiale e disponibile&quot;, &quot;come avere un concierge personale&quot;: la dedizione del personale \u00e8 il fiore all&#039;occhiello dell&#039;hotel.<\/li><\/ul><p><strong>Voci degli ospiti: storie vere da soggiorni reali<\/strong><\/p><blockquote><p><em>\u201c&quot;Inizialmente avevamo prenotato questo hotel con aspettative modeste... Tuttavia, la nostra esperienza ha superato di gran lunga le nostre aspettative.&quot;\u201d<\/em> \u2014 ID YouTube: @Longmeetsworld, novembre 2025<\/p><p><em>\u201c&quot;Ho trascorso un soggiorno piacevole e la colazione era buona. Posso suggerire di migliorare la qualit\u00e0 dei cuscini?&quot;\u201d<\/em> \u2014 Utente ospite, novembre 2025 <em>(Nota: anche il feedback costruttivo \u00e8 di poca importanza rispetto alla positivit\u00e0 travolgente)<\/em><\/p><p><em>\u201c&quot;Molto adatto alle famiglie con bambini. C&#039;\u00e8 un parco giochi al 10\u00b0 piano. Ho adorato la colazione Xiao Mi Zhou.&quot;\u201d<\/em> \u2014 Utente ospite, novembre 2025<\/p><\/blockquote><p><strong>Note minori e come risponde LiCLOUDS:<\/strong><\/p><p>Anche la perfezione pu\u00f2 essere migliorata. Alcuni ospiti hanno espresso il desiderio di un migliore supporto per i cuscini o di una migliore insonorizzazione. Una recensione ha evidenziato un&#039;esperienza tutt&#039;altro che ideale durante un&#039;attivit\u00e0 tradizionale di creazione di ventilatori, in cui un membro dello staff sembrava indifferente. Tuttavia, il recensore ha sottolineato che si \u00e8 trattato di un episodio isolato, oscurato dal servizio straordinariamente positivo offerto altrove nell&#039;hotel. Questa trasparenza dimostra l&#039;impegno di LiCLOUDS nell&#039;ascoltare e migliorare, caratteristiche che spingono gli ospiti a tornare.<\/p><p><strong>Prenota oggi il tuo soggiorno &quot;perfetto&quot;<\/strong><\/p><p>Che siate viaggiatori solitari in cerca di panorami sereni, coppie in cerca di romanticismo con vista sulla Collina della Proboscide dell&#039;Elefante o famiglie in cerca di divertimento e comodit\u00e0, il LiCLOUDS HOTEL \u00e8 ci\u00f2 che fa per voi. La sua combinazione di tecnologia intelligente, posizione straordinaria, comfort per famiglie e, soprattutto, un servizio cordiale, lo rende pi\u00f9 di un semplice posto dove dormire: \u00e8 il cuore della vostra avventura a Guilin.<\/p><p>Non fidarti solo della nostra parola. Unisciti agli oltre 5.434 ospiti che hanno valutato questo hotel come &quot;Perfetto&quot; e scopri perch\u00e9 il LiCLOUDS HOTEL \u00e8 la scelta #1 per i viaggiatori che cercano un&#039;esperienza indimenticabile a cinque stelle nel cuore di Guilin.<\/p>\t\t\t\t\t\t\t\t<\/div>\n\t\t\t\t\t<\/div>\n\t\t\t\t<\/div>\n\t\t\t\t<section class=\"elementor-section elementor-top-section elementor-element elementor-element-1030cf2d elementor-section-stretched elementor-section-boxed elementor-section-gap-beside-yes elementor-section-height-default elementor-section-height-default elementor-section-column-vertical-align-stretch\" data-id=\"1030cf2d\" data-element_type=\"section\" data-e-type=\"section\" data-settings=\"{&quot;background_background&quot;:&quot;classic&quot;,&quot;stretch_section&quot;:&quot;section-stretched&quot;}\">\n\t\t\t\t\t\t<div class=\"elementor-container elementor-column-gap-extended\">\n\t\t\t\t\t<div class=\"elementor-column elementor-col-100 elementor-top-column elementor-element elementor-element-6f298d93\" data-id=\"6f298d93\" data-element_type=\"column\" data-e-type=\"column\">\n\t\t\t<div class=\"elementor-widget-wrap elementor-element-populated\">\n\t\t\t\t\t\t<div class=\"elementor-element elementor-element-3040082a elementor-widget elementor-widget-nuss-heading\" data-id=\"3040082a\" data-element_type=\"widget\" data-e-type=\"widget\" data-widget_type=\"nuss-heading.default\">\n\t\t\t\t<div class=\"elementor-widget-container\">\n\t\t\t\t\t\t\t<div class=\"nuss-modern-heading\">\r\n\t\t\t\t\t\t<div class=\"heading-secondary-wrap\">\r\n\t\t\t\t<h3 class=\"heading-secondary elementor-heading-title\">Controlla disponibile <\/h3>\t\t\t<\/div>\r\n\t\t\r\n\t\t\t\r\n\t\t\t\r\n\t\t\t\t\t<\/div>\r\n\t\t\t\t\t<\/div>\n\t\t\t\t<\/div>\n\t\t\t\t<div class=\"elementor-element elementor-element-66b7aaaa elementor-widget elementor-widget-text-editor\" data-id=\"66b7aaaa\" data-element_type=\"widget\" data-e-type=\"widget\" data-widget_type=\"text-editor.default\">\n\t\t\t\t\t\t\t\t\t<iframe border=\"0\" src=\"https:\/\/www.trip.com\/partners\/ad\/S7313476?Allianceid=4590391&#038;SID=277435859&#038;trip_sub1=\" style=\"width:1200px;height:150px\" frameborder=\"0\" scrolling=\"no\" id=\"S7313476\"><\/iframe>\t\t\t\t\t\t\t\t<\/div>\n\t\t\t\t\t<\/div>\n\t\t<\/div>\n\t\t\t\t\t<\/div>\n\t\t<\/section>\n\t\t\t\t<\/div>","protected":false},"excerpt":{"rendered":"<p>LiCLOUDS HOTEL (Guilin Two Rivers and Four Lakes Xiangshan Park): Where 5,434+ Guests Say \u201cPerfect\u201d \u2013 Real Reviews, Real Experiences \u00a0 Forget generic hotel reviews. At LiCLOUDS HOTEL (Guilin Two Rivers and Four Lakes Xiangshan Park), the guest experience isn\u2019t just rated\u2014it\u2019s celebrated. With a staggering 9.8\/10 rating from over 5,434 verified reviews on Trip.com\u2014and [&hellip;]<\/p>\n","protected":false},"author":1,"featured_media":0,"parent":0,"menu_order":0,"comment_status":"closed","ping_status":"closed","template":"","meta":{"footnotes":""},"class_list":["post-2106","page","type-page","status-publish","hentry","post-no-thumbnail"],"_links":{"self":[{"href":"https:\/\/licloudshotel.com\/it\/wp-json\/wp\/v2\/pages\/2106","targetHints":{"allow":["GET"]}}],"collection":[{"href":"https:\/\/licloudshotel.com\/it\/wp-json\/wp\/v2\/pages"}],"about":[{"href":"https:\/\/licloudshotel.com\/it\/wp-json\/wp\/v2\/types\/page"}],"author":[{"embeddable":true,"href":"https:\/\/licloudshotel.com\/it\/wp-json\/wp\/v2\/users\/1"}],"replies":[{"embeddable":true,"href":"https:\/\/licloudshotel.com\/it\/wp-json\/wp\/v2\/comments?post=2106"}],"version-history":[{"count":0,"href":"https:\/\/licloudshotel.com\/it\/wp-json\/wp\/v2\/pages\/2106\/revisions"}],"wp:attachment":[{"href":"https:\/\/licloudshotel.com\/it\/wp-json\/wp\/v2\/media?parent=2106"}],"curies":[{"name":"wp","href":"https:\/\/api.w.org\/{rel}","templated":true}]}}