{"id":647,"date":"2021-03-29T02:13:52","date_gmt":"2021-03-29T02:13:52","guid":{"rendered":"http:\/\/localhost\/nuss\/?page_id=647"},"modified":"2025-11-24T15:54:43","modified_gmt":"2025-11-24T15:54:43","slug":"services","status":"publish","type":"page","link":"https:\/\/licloudshotel.com\/fr\/services\/","title":{"rendered":"Services"},"content":{"rendered":"<div data-elementor-type=\"wp-page\" data-elementor-id=\"647\" class=\"elementor elementor-647\">\n\t\t\t\t\t\t<section class=\"elementor-section elementor-top-section elementor-element elementor-element-3353bc8 elementor-section-boxed elementor-section-gap-beside-yes elementor-section-height-default elementor-section-height-default elementor-section-column-vertical-align-stretch\" data-id=\"3353bc8\" data-element_type=\"section\" data-e-type=\"section\">\n\t\t\t\t\t\t<div class=\"elementor-container elementor-column-gap-extended\">\n\t\t\t\t\t<div class=\"elementor-column elementor-col-100 elementor-top-column elementor-element elementor-element-0a2bc64\" data-id=\"0a2bc64\" data-element_type=\"column\" data-e-type=\"column\">\n\t\t\t<div class=\"elementor-widget-wrap elementor-element-populated\">\n\t\t\t\t\t\t<div class=\"elementor-element elementor-element-447e3ef elementor-widget__width-initial elementor-invisible elementor-widget elementor-widget-text-editor\" data-id=\"447e3ef\" data-element_type=\"widget\" data-e-type=\"widget\" data-settings=\"{&quot;_animation&quot;:&quot;nussFadeInUp&quot;}\" data-widget_type=\"text-editor.default\">\n\t\t\t\t\t\t\t\t\t<div class=\"svelte-1c06zsf\" data-lang-code=\"\"><p><strong data-spm-anchor-id=\"a2ty_o01.29997173.0.i0.2caa5171R5ucuY\">H\u00d4TEL LiCLOUDS (Parc Xiangshan des Deux Rivi\u00e8res et des Quatre Lacs de Guilin) : L\u00e0 o\u00f9 chaque service est une promesse tenue \u2013 D\u00e9couvrez l&#039;art de l&#039;hospitalit\u00e9 sans effort<\/strong><\/p><\/div>\t\t\t\t\t\t\t\t<\/div>\n\t\t\t\t\t<\/div>\n\t\t<\/div>\n\t\t\t\t\t<\/div>\n\t\t<\/section>\n\t\t<div class=\"elementor-element elementor-element-76953f7 e-flex e-con-boxed e-con e-parent\" data-id=\"76953f7\" data-element_type=\"container\" data-e-type=\"container\">\n\t\t\t\t\t<div class=\"e-con-inner\">\n\t\t\t\t<div class=\"elementor-element elementor-element-2f32cd6 elementor-widget elementor-widget-text-editor\" data-id=\"2f32cd6\" data-element_type=\"widget\" data-e-type=\"widget\" data-widget_type=\"text-editor.default\">\n\t\t\t\t\t\t\t\t\t<p>\u00c0 l&#039;h\u00f4tel LiCLOUDS, nous ne nous contentons pas d&#039;offrir des services\u00a0: nous cr\u00e9ons des exp\u00e9riences uniques. Nich\u00e9 au n\u00b0\u00a02 de la rue Zhongshan Middle, dans le quartier anim\u00e9 de Xiangshan \u00e0 Guilin, notre h\u00f4tel est bien plus qu&#039;un lieu de repos\u00a0; c&#039;est un havre de paix o\u00f9 chaque besoin, petit ou grand, est anticip\u00e9 et combl\u00e9 avec une chaleur authentique, une technologie de pointe et un professionnalisme sans faille. R\u00e9nov\u00e9 en 2024 et r\u00e9guli\u00e8rement class\u00e9 parmi les meilleurs. <strong>9,8\/10 pour le service<\/strong> Avec plus de 5 434 avis positifs sur Trip.com, nous avons red\u00e9fini le sens de l\u201c\u201d hospitalit\u00e9 \u00bb au c\u0153ur de l\u2019une des villes les plus po\u00e9tiques de Chine.<\/p><p>Notre philosophie est simple\u00a0: votre voyage doit se d\u00e9rouler sans accroc, de la r\u00e9servation \u00e0 votre d\u00e9part. Que vous voyagiez seul en qu\u00eate de tranquillit\u00e9, en famille pour cr\u00e9er des souvenirs inoubliables ou en d\u00e9placement professionnel pour un s\u00e9jour productif, notre \u00e9quipe et nos installations sont con\u00e7ues pour transformer votre s\u00e9jour en une exp\u00e9rience extraordinaire.<\/p><div class=\"py-2 my-3\"><hr \/><\/div><h3><strong>Au c\u0153ur de notre service : des personnes qui prennent soin de vous.<\/strong><\/h3><p>Ce qui distingue v\u00e9ritablement LiCLOUDS, ce ne sont pas seulement nos prestations, mais aussi notre personnel. Nos clients d\u00e9crivent r\u00e9guli\u00e8rement nos employ\u00e9s comme \u201c exceptionnels \u201d, \u201c aimables et serviables \u201d, et m\u00eame \u201c comme avoir un majordome personnel \u201d. Ce n&#039;est pas un hasard\u00a0; c&#039;est notre culture d&#039;entreprise.<\/p><ul dir=\"auto\"><li><strong>Service de conciergerie personnalis\u00e9 24h\/24 et 7j\/7\u00a0:<\/strong> Notre r\u00e9ception est ouverte 24h\/24 et 7j\/7, pr\u00eate \u00e0 vous aider pour tout, des r\u00e9servations de taxi en pleine nuit aux r\u00e9servations de restaurant de derni\u00e8re minute. De nombreux clients indiquent que le personnel les ajoute spontan\u00e9ment sur WeChat pour une assistance en temps r\u00e9el, leur prodiguant des conseils locaux, des indications et m\u00eame les aidant pour leurs courses personnelles.<\/li><li><strong>\u00c9quipe anglophone :<\/strong> Pour que les voyageurs internationaux se sentent comme chez eux, nous employons <strong>Personnel anglophone<\/strong> qui pourra vous guider tout au long de votre s\u00e9jour, r\u00e9pondre \u00e0 vos questions sur les attractions locales comme Elephant Trunk Hill ou le site des Deux Rivi\u00e8res et des Quatre Lacs, et rendre votre exp\u00e9rience vraiment agr\u00e9able.<\/li><li><strong>Soutien ax\u00e9 sur la famille\u00a0:<\/strong> Vous voyagez avec des enfants\u00a0? Notre \u00e9quipe se surpasse pour vous. De l\u2019aide pour s\u2019orienter dans le club enfants \u00e0 la pr\u00e9paration impeccable de votre chambre familiale \u00e0 th\u00e8me avec jouets st\u00e9rilis\u00e9s aux UV et peignoirs pour enfants, nous savons que des parents heureux sont avant tout des enfants heureux.<\/li><li><strong>R\u00e9demption et r\u00e9tablissement :<\/strong> M\u00eame lorsque les choses ne se d\u00e9roulent pas comme pr\u00e9vu \u2014 comme l&#039;a fait remarquer un client lors d&#039;un atelier de fabrication d&#039;\u00e9ventails \u2014, notre personnel intervient pour rectifier le tir. Un jeune homme a \u00e9t\u00e9 particuli\u00e8rement f\u00e9licit\u00e9 pour son \u201c service exemplaire \u201d, ayant apport\u00e9 son aide pour tout, du transport des coffres-forts au partage de recommandations de restaurants confidentiels. Chez LiCLOUDS, nous croyons que les d\u00e9fis peuvent \u00eatre autant d&#039;occasions de faire bonne impression.<\/li><\/ul><div class=\"py-2 my-3\"><hr \/><\/div><h3><strong>\u00c9quipements intelligents, fluides et sans stress<\/strong><\/h3><p>Nous combinons technologie de pointe et design r\u00e9fl\u00e9chi pour que votre s\u00e9jour soit non seulement confortable, mais aussi d&#039;une simplicit\u00e9 et d&#039;une praticit\u00e9 sans effort.<\/p><ul dir=\"auto\"><li><strong>Chambres intelligentes Xiao Du :<\/strong> Chaque chambre comprend <strong>Contr\u00f4le intelligent complet de la maison via la commande vocale Xiao Du<\/strong>. Ajustez l&#039;\u00e9clairage, la temp\u00e9rature ou le divertissement sans lever le petit doigt. Le luxe \u00e0 l&#039;\u00e9coute.<\/li><li><strong>Robots de service :<\/strong> Pour plus de commodit\u00e9, notre <strong>robots de service<\/strong> Nous livrons vos \u00e9quipements dans votre chambre, minimisant les perturbations et maximisant l&#039;efficacit\u00e9 \u2013 id\u00e9al pour ceux qui appr\u00e9cient leur intimit\u00e9 ou qui sont occup\u00e9s \u00e0 travailler.<\/li><li><strong>Wi-Fi haut d\u00e9bit gratuit\u00a0:<\/strong> Restez connect\u00e9 o\u00f9 que vous soyez. Un acc\u00e8s Wi-Fi haut d\u00e9bit gratuit est disponible dans toutes les chambres et les espaces communs, vous permettant ainsi de travailler, de regarder des vid\u00e9os en streaming ou de partager vos aventures \u00e0 Guilin sans le moindre probl\u00e8me.<\/li><li><strong>Parking et consigne \u00e0 bagages gratuits\u00a0:<\/strong> Vous arrivez en voiture ? Profitez-en ! <strong>parking priv\u00e9 gratuit<\/strong> Sur place (places limit\u00e9es, aucune r\u00e9servation n\u00e9cessaire). Envie d&#039;explorer les environs avant votre arriv\u00e9e ou apr\u00e8s votre d\u00e9part\u00a0? <strong>consigne \u00e0 bagages gratuite<\/strong> vous permet de parcourir la ville en toute libert\u00e9.<\/li><\/ul><div class=\"py-2 my-3\"><hr \/><\/div><h3><strong>Pour le voyageur d&#039;affaires : productivit\u00e9 et vues panoramiques<\/strong><\/h3><p>L&#039;h\u00f4tel LiCLOUDS est un point de rencontre strat\u00e9gique pour les professionnels. Situ\u00e9 juste <strong>\u00c0 1,3 km de la gare de Guilin<\/strong> et <strong>28 km de l&#039;a\u00e9roport international de Liangjiang<\/strong>, La logistique est sans effort.<\/p><ul dir=\"auto\"><li><strong>Espaces de travail d\u00e9di\u00e9s\u00a0:<\/strong> Choisissez parmi <strong>espaces de coworking<\/strong> et un <strong>\u00e9tage ex\u00e9cutif<\/strong> Con\u00e7u pour favoriser la concentration, \u00e9quip\u00e9 de si\u00e8ges ergonomiques, de prises \u00e9lectriques et d&#039;\u00e9quipements haut de gamme.<\/li><li><strong>Salles de r\u00e9union et d&#039;\u00e9v\u00e9nements\u00a0:<\/strong> Organisez des r\u00e9unions ou des ateliers dans notre espace polyvalent <strong>salles de conf\u00e9rence<\/strong> et <strong>salles multifonctionnelles<\/strong>, L&#039;\u00e9tablissement est dot\u00e9 d&#039;\u00e9quipements audiovisuels de pointe. Des services de secr\u00e9tariat, de t\u00e9l\u00e9copie\/photocopie et d&#039;exp\u00e9dition postale sont disponibles sur demande.<\/li><li><strong>Arriv\u00e9e\/D\u00e9part flexibles\u00a0:<\/strong> Gagnez du temps avec <strong>enregistrement\/d\u00e9part express<\/strong> et <strong>Service d&#039;enregistrement VIP<\/strong>, pour que votre voyage d&#039;affaires commence et se termine sans encombre.<\/li><\/ul><div class=\"py-2 my-3\"><hr \/><\/div><h3><strong>Paradis familial : l\u00e0 o\u00f9 les enfants jouent, les parents se d\u00e9tendent<\/strong><\/h3><p>Nous avons transform\u00e9 les voyages en famille en un pur moment de joie. Notre aire de jeux au 10e \u00e9tage est un v\u00e9ritable paradis pour les petits aventuriers.<\/p><ul dir=\"auto\"><li><strong>Club enfants et aire de jeux :<\/strong> Laissez vos enfants d\u00e9fouler leur \u00e9nergie sur le <strong>toboggan en forme de boule oc\u00e9anique<\/strong>, \u00e9clabousser dans le <strong>piscine pour enfants<\/strong>, ou participer \u00e0 des activit\u00e9s supervis\u00e9es dans le <strong>club pour enfants<\/strong>.<\/li><li><strong>Chambres \u00e0 th\u00e8me familial :<\/strong> Con\u00e7ues pour le confort et le divertissement, ces chambres spacieuses comprennent des aires de jeux d\u00e9di\u00e9es, la st\u00e9rilisation des jouets par LED UV et des tentes pour enfants, le tout pour un s\u00e9jour sans stress.<\/li><li><strong>Des gestes adapt\u00e9s aux enfants\u00a0:<\/strong> Depuis <strong>peignoirs et chaussons pour enfants<\/strong> \u00e0 <strong>Jouets st\u00e9rilis\u00e9s aux UV<\/strong> et <strong>livres et vid\u00e9os<\/strong>, Nous avons pens\u00e9 \u00e0 tout pour assurer le bonheur et la s\u00e9curit\u00e9 de vos petits.<\/li><\/ul><div class=\"py-2 my-3\"><hr \/><\/div><h3><strong>Bien-\u00eatre et loisirs : Ressourcez-vous au c\u0153ur de la beaut\u00e9 naturelle<\/strong><\/h3><p>Apr\u00e8s une journ\u00e9e pass\u00e9e \u00e0 explorer les merveilles karstiques de Guilin, d\u00e9tendez-vous avec style.<\/p><ul dir=\"auto\"><li><strong>Deux piscines ext\u00e9rieures gratuites :<\/strong> Plongez dans la d\u00e9tente dans notre <strong>deux piscines ext\u00e9rieures gratuites<\/strong>, y compris un magnifique <strong>piscine \u00e0 d\u00e9bordement sur le toit<\/strong> Offrant une vue panoramique sur le paysage embl\u00e9matique de Guilin, vous pourrez vous d\u00e9tendre \u00e0 l&#039;ombre des parasols ou siroter un verre au bar. <strong>restaurant au bord de la piscine<\/strong>.<\/li><li><strong>Salle de sport gratuite\u00a0:<\/strong> Gardez la forme gr\u00e2ce \u00e0 notre centre de remise en forme gratuit, \u00e9quip\u00e9 pour les clients qui souhaitent maintenir leur routine.<\/li><li><strong>Biblioth\u00e8que et salon de th\u00e9 :<\/strong> Trouvez des moments de calme dans notre <strong>biblioth\u00e8que<\/strong> ou savourez une tasse de th\u00e9 apaisante dans notre <strong>salon de th\u00e9<\/strong>\u2014Parfait pour lire, r\u00e9fl\u00e9chir ou simplement profiter de l&#039;ambiance sereine.<\/li><\/ul><div class=\"py-2 my-3\"><hr \/><\/div><h3><strong>Chaque d\u00e9tail compte : du transport \u00e0 la tranquillit\u00e9<\/strong><\/h3><p>Nous savons que les meilleures vacances sont celles o\u00f9 l&#039;on n&#039;a pas \u00e0 se soucier de la logistique.<\/p><ul dir=\"auto\"><li><strong>Transferts a\u00e9roport prioritaires\u00a0:<\/strong> Moyennant des frais, organisez <strong>Prise en charge et d\u00e9pose prioritaires \u00e0 l&#039;a\u00e9roport<\/strong> pour assurer une arriv\u00e9e ou un d\u00e9part sans encombre.<\/li><li><strong>R\u00e9servation de taxis et de voitures de location\u00a0:<\/strong> Envie d&#039;explorer les environs \u00e0 plus longue distance\u00a0? Notre concierge peut vous aider \u00e0 r\u00e9server des taxis ou des voitures de location.<\/li><li><strong>Assistance bagages :<\/strong> Notre <strong>service de bagagiste<\/strong> nous veillons \u00e0 ce que vos bagages soient manipul\u00e9s avec soin, que vous arriviez ou partiez.<\/li><li><strong>S\u00fbret\u00e9 et s\u00e9curit\u00e9 :<\/strong> Soyez tranquille, nous accordons la priorit\u00e9 \u00e0 votre bien-\u00eatre. <strong>Personnel de s\u00e9curit\u00e9 disponible 24h\/24<\/strong>, <strong>Vid\u00e9osurveillance dans les espaces publics<\/strong>, <strong>syst\u00e8mes d&#039;entr\u00e9e par carte magn\u00e9tique<\/strong>, et <strong>trousses de premiers soins<\/strong> facilement disponible.<\/li><\/ul><div class=\"py-2 my-3\"><hr \/><\/div><h3><strong>Un engagement envers l&#039;excellence qui en dit long<\/strong><\/h3><p>Notre <strong>Note de service\u00a0: 9,8\/10<\/strong> Ce n&#039;est pas qu&#039;un simple chiffre\u00a0: c&#039;est la preuve de notre engagement. Nos clients appr\u00e9cient particuli\u00e8rement la propret\u00e9, l&#039;emplacement et les \u00e9quipements adapt\u00e9s aux familles, mais c&#039;est le service qui les marque le plus. Comme l&#039;a si bien dit un client\u00a0: \u201c\u00a0Le niveau de service \u00e9tait exceptionnel\u2026 on se sentait comme \u00e0 la t\u00eate d&#039;un majordome.\u00a0\u201d<\/p><p>\u00c0 l&#039;h\u00f4tel LiCLOUDS, nous ne nous contentons pas de r\u00e9pondre \u00e0 vos attentes, nous les surpassons. Nous vous invitons \u00e0 d\u00e9couvrir un accueil chaleureux et convivial, des technologies qui simplifient votre quotidien et une \u00e9quipe d\u00e9vou\u00e9e qui fera de votre s\u00e9jour un moment inoubliable. Que vous soyez en voyage d&#039;affaires, en famille ou en vacances, laissez-nous nous occuper de tout pour que vous puissiez vous concentrer sur l&#039;essentiel\u00a0: cr\u00e9er des souvenirs m\u00e9morables dans le cadre exceptionnel de Guilin.<\/p><p data-spm-anchor-id=\"a2ty_o01.29997173.0.i3.2caa5171R5ucuY\">R\u00e9servez votre s\u00e9jour d\u00e8s aujourd&#039;hui et d\u00e9couvrez pourquoi des milliers de voyageurs qualifient l&#039;H\u00d4TEL LiCLOUDS de \u201c m\u00e9lange parfait de nature, de luxe et d&#039;hospitalit\u00e9 authentique \u201d.\u201d<\/p>\t\t\t\t\t\t\t\t<\/div>\n\t\t\t\t\t<\/div>\n\t\t\t\t<\/div>\n\t\t\t\t<section class=\"elementor-section elementor-top-section elementor-element elementor-element-7bee917d elementor-section-stretched elementor-section-boxed elementor-section-gap-beside-yes elementor-section-height-default elementor-section-height-default elementor-section-column-vertical-align-stretch\" data-id=\"7bee917d\" data-element_type=\"section\" data-e-type=\"section\" data-settings=\"{&quot;background_background&quot;:&quot;classic&quot;,&quot;stretch_section&quot;:&quot;section-stretched&quot;}\">\n\t\t\t\t\t\t<div class=\"elementor-container elementor-column-gap-extended\">\n\t\t\t\t\t<div class=\"elementor-column elementor-col-100 elementor-top-column elementor-element elementor-element-76689501\" data-id=\"76689501\" data-element_type=\"column\" data-e-type=\"column\">\n\t\t\t<div class=\"elementor-widget-wrap elementor-element-populated\">\n\t\t\t\t\t\t<div class=\"elementor-element elementor-element-1ab611ab elementor-widget elementor-widget-nuss-heading\" data-id=\"1ab611ab\" data-element_type=\"widget\" data-e-type=\"widget\" data-widget_type=\"nuss-heading.default\">\n\t\t\t\t<div class=\"elementor-widget-container\">\n\t\t\t\t\t\t\t<div class=\"nuss-modern-heading\">\r\n\t\t\t\t\t\t<div class=\"heading-secondary-wrap\">\r\n\t\t\t\t<h3 class=\"heading-secondary elementor-heading-title\">Ch\u00e8que disponible <\/h3>\t\t\t<\/div>\r\n\t\t\r\n\t\t\t\r\n\t\t\t\r\n\t\t\t\t\t<\/div>\r\n\t\t\t\t\t<\/div>\n\t\t\t\t<\/div>\n\t\t\t\t<div class=\"elementor-element elementor-element-766ee7c elementor-widget elementor-widget-text-editor\" data-id=\"766ee7c\" data-element_type=\"widget\" data-e-type=\"widget\" data-widget_type=\"text-editor.default\">\n\t\t\t\t\t\t\t\t\t<iframe border=\"0\" src=\"https:\/\/www.trip.com\/partners\/ad\/S7313476?Allianceid=4590391&#038;SID=277435859&#038;trip_sub1=\" style=\"width:1200px;height:150px\" frameborder=\"0\" scrolling=\"no\" id=\"S7313476\"><\/iframe>\t\t\t\t\t\t\t\t<\/div>\n\t\t\t\t\t<\/div>\n\t\t<\/div>\n\t\t\t\t\t<\/div>\n\t\t<\/section>\n\t\t\t\t<\/div>","protected":false},"excerpt":{"rendered":"<p>LiCLOUDS HOTEL (Guilin Two Rivers and Four Lakes Xiangshan Park): Where Every Service is a Promise Kept \u2013 Experience the Art of Effortless Hospitality At LiCLOUDS HOTEL, we don\u2019t just offer services\u2014we curate experiences. Nestled at No. 2 Zhongshan Middle Road in Guilin\u2019s vibrant Xiangshan District, our hotel is more than a place to rest; [&hellip;]<\/p>\n","protected":false},"author":1,"featured_media":0,"parent":0,"menu_order":0,"comment_status":"closed","ping_status":"closed","template":"","meta":{"footnotes":""},"class_list":["post-647","page","type-page","status-publish","hentry","post-no-thumbnail"],"_links":{"self":[{"href":"https:\/\/licloudshotel.com\/fr\/wp-json\/wp\/v2\/pages\/647","targetHints":{"allow":["GET"]}}],"collection":[{"href":"https:\/\/licloudshotel.com\/fr\/wp-json\/wp\/v2\/pages"}],"about":[{"href":"https:\/\/licloudshotel.com\/fr\/wp-json\/wp\/v2\/types\/page"}],"author":[{"embeddable":true,"href":"https:\/\/licloudshotel.com\/fr\/wp-json\/wp\/v2\/users\/1"}],"replies":[{"embeddable":true,"href":"https:\/\/licloudshotel.com\/fr\/wp-json\/wp\/v2\/comments?post=647"}],"version-history":[{"count":0,"href":"https:\/\/licloudshotel.com\/fr\/wp-json\/wp\/v2\/pages\/647\/revisions"}],"wp:attachment":[{"href":"https:\/\/licloudshotel.com\/fr\/wp-json\/wp\/v2\/media?parent=647"}],"curies":[{"name":"wp","href":"https:\/\/api.w.org\/{rel}","templated":true}]}}