{"id":612,"date":"2021-03-26T10:04:13","date_gmt":"2021-03-26T10:04:13","guid":{"rendered":"http:\/\/localhost\/nuss\/?page_id=612"},"modified":"2025-11-24T15:44:59","modified_gmt":"2025-11-24T15:44:59","slug":"restaurant","status":"publish","type":"page","link":"https:\/\/licloudshotel.com\/fr\/restaurant\/","title":{"rendered":"Restaurant"},"content":{"rendered":"<div data-elementor-type=\"wp-page\" data-elementor-id=\"612\" class=\"elementor elementor-612\">\n\t\t\t\t\t\t<section class=\"elementor-section elementor-top-section elementor-element elementor-element-e2effe8 elementor-section-boxed elementor-section-gap-beside-yes elementor-section-height-default elementor-section-height-default elementor-section-column-vertical-align-stretch\" data-id=\"e2effe8\" data-element_type=\"section\" data-e-type=\"section\">\n\t\t\t\t\t\t<div class=\"elementor-container elementor-column-gap-extended\">\n\t\t\t\t\t<div class=\"elementor-column elementor-col-100 elementor-top-column elementor-element elementor-element-e18f688\" data-id=\"e18f688\" data-element_type=\"column\" data-e-type=\"column\">\n\t\t\t<div class=\"elementor-widget-wrap elementor-element-populated\">\n\t\t\t\t\t\t<div class=\"elementor-element elementor-element-6db146d elementor-widget__width-initial elementor-invisible elementor-widget elementor-widget-text-editor\" data-id=\"6db146d\" data-element_type=\"widget\" data-e-type=\"widget\" data-settings=\"{&quot;_animation&quot;:&quot;nussFadeInUp&quot;}\" data-widget_type=\"text-editor.default\">\n\t\t\t\t\t\t\t\t\t<div class=\"svelte-1c06zsf\" data-lang-code=\"\"><p><strong data-spm-anchor-id=\"a2ty_o01.29997173.0.i54.2caac921Ka36hT\">Restaurant de l&#039;h\u00f4tel LiCLOUDS\u00a0: Quand les saveurs de Guilin rencontrent la vue imprenable sur l&#039;horizon matinal \u2013 Une exp\u00e9rience petit-d\u00e9jeuner inoubliable<\/strong><\/p><\/div>\t\t\t\t\t\t\t\t<\/div>\n\t\t\t\t\t<\/div>\n\t\t<\/div>\n\t\t\t\t\t<\/div>\n\t\t<\/section>\n\t\t<div class=\"elementor-element elementor-element-764955e e-flex e-con-boxed e-con e-parent\" data-id=\"764955e\" data-element_type=\"container\" data-e-type=\"container\">\n\t\t\t\t\t<div class=\"e-con-inner\">\n\t\t<div class=\"elementor-element elementor-element-3a71d84 e-con-full e-flex e-con e-child\" data-id=\"3a71d84\" data-element_type=\"container\" data-e-type=\"container\">\n\t\t\t\t<div class=\"elementor-element elementor-element-81a00fb elementor-widget elementor-widget-text-editor\" data-id=\"81a00fb\" data-element_type=\"widget\" data-e-type=\"widget\" data-widget_type=\"text-editor.default\">\n\t\t\t\t\t\t\t\t\t<p>Commencez votre journ\u00e9e \u00e0 Guilin non seulement par un bon repas, mais aussi par des saveurs. <strong>H\u00d4TEL LiCLOUDS (Parc Xiangshan des Deux Rivi\u00e8res et des Quatre Lacs de Guilin)<\/strong>, Notre restaurant sur place n&#039;est pas qu&#039;un simple lieu de restauration\u00a0: c&#039;est le c\u0153ur vibrant et chaleureux de votre s\u00e9jour, o\u00f9 les pics karstiques envelopp\u00e9s de brume qui se dessinent \u00e0 l&#039;ext\u00e9rieur se m\u00ealent aux ar\u00f4mes envo\u00fbtants du congee fra\u00eechement pr\u00e9par\u00e9 et des p\u00e2tisseries dor\u00e9es. Que vous voyagiez seul en qu\u00eate de calme et de contemplation, en famille autour d&#039;un repas convivial, ou en couple savourant un lever de soleil romantique, notre buffet de petit-d\u00e9jeuner est con\u00e7u pour \u00eatre le point de d\u00e9part id\u00e9al et gourmand de votre aventure \u00e0 Guilin.<\/p>\t\t\t\t\t\t\t\t<\/div>\n\t\t\t\t<\/div>\n\t\t<div class=\"elementor-element elementor-element-bb76a06 e-con-full e-flex e-con e-child\" data-id=\"bb76a06\" data-element_type=\"container\" data-e-type=\"container\">\n\t\t\t\t<div class=\"elementor-element elementor-element-636ac5f elementor-widget elementor-widget-image\" data-id=\"636ac5f\" data-element_type=\"widget\" data-e-type=\"widget\" data-widget_type=\"image.default\">\n\t\t\t\t\t\t\t\t\t\t\t\t\t\t\t<img fetchpriority=\"high\" decoding=\"async\" width=\"1024\" height=\"682\" src=\"https:\/\/licloudshotel.com\/wp-content\/uploads\/2025\/11\/LiCLOUDS-HOTEL-158-1024x682.webp\" class=\"attachment-large size-large wp-image-7295\" alt=\"\" srcset=\"https:\/\/licloudshotel.com\/wp-content\/uploads\/2025\/11\/LiCLOUDS-HOTEL-158-1024x682.webp 1024w, https:\/\/licloudshotel.com\/wp-content\/uploads\/2025\/11\/LiCLOUDS-HOTEL-158-300x200.webp 300w, https:\/\/licloudshotel.com\/wp-content\/uploads\/2025\/11\/LiCLOUDS-HOTEL-158-768x512.webp 768w, https:\/\/licloudshotel.com\/wp-content\/uploads\/2025\/11\/LiCLOUDS-HOTEL-158-18x12.webp 18w, https:\/\/licloudshotel.com\/wp-content\/uploads\/2025\/11\/LiCLOUDS-HOTEL-158.webp 1280w\" sizes=\"(max-width: 1024px) 100vw, 1024px\" \/>\t\t\t\t\t\t\t\t\t\t\t\t\t\t\t<\/div>\n\t\t\t\t<\/div>\n\t\t\t\t\t<\/div>\n\t\t\t\t<\/div>\n\t\t<div class=\"elementor-element elementor-element-e5626a7 e-flex e-con-boxed e-con e-parent\" data-id=\"e5626a7\" data-element_type=\"container\" data-e-type=\"container\">\n\t\t\t\t\t<div class=\"e-con-inner\">\n\t\t\t\t<div class=\"elementor-element elementor-element-4ac24e6 elementor-widget elementor-widget-nuss-image-gallery\" data-id=\"4ac24e6\" data-element_type=\"widget\" data-e-type=\"widget\" data-widget_type=\"nuss-image-gallery.default\">\n\t\t\t\t<div class=\"elementor-widget-container\">\n\t\t\t\t\t\t\t<div class=\"nuss-grid-wrapper\" data-grid=\"{&quot;type&quot;:&quot;grid&quot;,&quot;ratio&quot;:null,&quot;columns&quot;:3,&quot;gutter&quot;:30}\">\r\n\t\t\t<div class=\"nuss-grid lazy-grid\">\r\n\t\t\t\t<div class=\"grid-sizer\"><\/div>\r\n\r\n\t\t\t\t\t\t\t\t\t\t\t\t<div class=\"grid-item\">\r\n\t\t\t\t\t\t<div class=\"nuss-box\">\t\t<div class=\"nuss-image image\">\r\n\t\t\t<img decoding=\"async\"  src=\"https:\/\/licloudshotel.com\/wp-content\/uploads\/2025\/11\/LiCLOUDS-HOTEL-108.webp\" alt=\"H\u00d4TEL LICLOUDS (108)\" \/>\t\t<\/div>\r\n\t\t\t\t<\/div>\t\t\t\t\t<\/div>\r\n\t\t\t\t\t\t<div class=\"grid-item\">\r\n\t\t\t\t\t\t<div class=\"nuss-box\">\t\t<div class=\"nuss-image image\">\r\n\t\t\t<img decoding=\"async\"  src=\"https:\/\/licloudshotel.com\/wp-content\/uploads\/2025\/11\/LiCLOUDS-HOTEL-112.webp\" alt=\"H\u00d4TEL LICLOUDS (112)\" \/>\t\t<\/div>\r\n\t\t\t\t<\/div>\t\t\t\t\t<\/div>\r\n\t\t\t\t\t\t<div class=\"grid-item\">\r\n\t\t\t\t\t\t<div class=\"nuss-box\">\t\t<div class=\"nuss-image image\">\r\n\t\t\t<img decoding=\"async\"  src=\"https:\/\/licloudshotel.com\/wp-content\/uploads\/2025\/11\/LiCLOUDS-HOTEL-76.webp\" alt=\"H\u00d4TEL LICLOUDS (76)\" \/>\t\t<\/div>\r\n\t\t\t\t<\/div>\t\t\t\t\t<\/div>\r\n\t\t\t\t\t\t<div class=\"grid-item\">\r\n\t\t\t\t\t\t<div class=\"nuss-box\">\t\t<div class=\"nuss-image image\">\r\n\t\t\t<img decoding=\"async\"  src=\"https:\/\/licloudshotel.com\/wp-content\/uploads\/2025\/11\/LiCLOUDS-HOTEL-28.webp\" alt=\"H\u00d4TEL LICLOUDS (28)\" \/>\t\t<\/div>\r\n\t\t\t\t<\/div>\t\t\t\t\t<\/div>\r\n\t\t\t\t\t\t<div class=\"grid-item\">\r\n\t\t\t\t\t\t<div class=\"nuss-box\">\t\t<div class=\"nuss-image image\">\r\n\t\t\t<img decoding=\"async\"  src=\"https:\/\/licloudshotel.com\/wp-content\/uploads\/2025\/11\/LiCLOUDS-HOTEL-129.webp\" alt=\"H\u00d4TEL LICLOUDS (129)\" \/>\t\t<\/div>\r\n\t\t\t\t<\/div>\t\t\t\t\t<\/div>\r\n\t\t\t\t\t\t<div class=\"grid-item\">\r\n\t\t\t\t\t\t<div class=\"nuss-box\">\t\t<div class=\"nuss-image image\">\r\n\t\t\t<img decoding=\"async\"  src=\"https:\/\/licloudshotel.com\/wp-content\/uploads\/2025\/11\/LiCLOUDS-HOTEL-35.webp\" alt=\"H\u00d4TEL LICLOUDS (35)\" \/>\t\t<\/div>\r\n\t\t\t\t<\/div>\t\t\t\t\t<\/div>\r\n\t\t\t\t\t\t<div class=\"grid-item\">\r\n\t\t\t\t\t\t<div class=\"nuss-box\">\t\t<div class=\"nuss-image image\">\r\n\t\t\t<img decoding=\"async\"  src=\"https:\/\/licloudshotel.com\/wp-content\/uploads\/2025\/11\/LiCLOUDS-HOTEL-111.webp\" alt=\"H\u00d4TEL LICLOUDS (111)\" \/>\t\t<\/div>\r\n\t\t\t\t<\/div>\t\t\t\t\t<\/div>\r\n\t\t\t\t\t\t<div class=\"grid-item\">\r\n\t\t\t\t\t\t<div class=\"nuss-box\">\t\t<div class=\"nuss-image image\">\r\n\t\t\t<img decoding=\"async\"  src=\"https:\/\/licloudshotel.com\/wp-content\/uploads\/2025\/11\/LiCLOUDS-HOTEL-118.webp\" alt=\"H\u00d4TEL LICLOUDS (118)\" \/>\t\t<\/div>\r\n\t\t\t\t<\/div>\t\t\t\t\t<\/div>\r\n\t\t\t\t\t\t<div class=\"grid-item\">\r\n\t\t\t\t\t\t<div class=\"nuss-box\">\t\t<div class=\"nuss-image image\">\r\n\t\t\t<img decoding=\"async\"  src=\"https:\/\/licloudshotel.com\/wp-content\/uploads\/2025\/11\/LiCLOUDS-HOTEL-40.webp\" alt=\"H\u00d4TEL LICLOUDS (40)\" \/>\t\t<\/div>\r\n\t\t\t\t<\/div>\t\t\t\t\t<\/div>\r\n\t\t\t\t\t\t\t\r\n\t\t\t<\/div>\r\n\t\t<\/div>\r\n\t\t\t\t\t\t<\/div>\n\t\t\t\t<\/div>\n\t\t\t\t\t<\/div>\n\t\t\t\t<\/div>\n\t\t<div class=\"elementor-element elementor-element-d05381b e-flex e-con-boxed e-con e-parent\" data-id=\"d05381b\" data-element_type=\"container\" data-e-type=\"container\">\n\t\t\t\t\t<div class=\"e-con-inner\">\n\t\t\t\t<div class=\"elementor-element elementor-element-53bd849 elementor-widget elementor-widget-text-editor\" data-id=\"53bd849\" data-element_type=\"widget\" data-e-type=\"widget\" data-widget_type=\"text-editor.default\">\n\t\t\t\t\t\t\t\t\t<p><strong data-spm-anchor-id=\"a2ty_o01.29997173.0.i58.2caac921Ka36hT\">Pourquoi notre petit-d\u00e9jeuner n&#039;est pas qu&#039;un simple repas, mais un souvenir en devenir<\/strong><\/p><p data-spm-anchor-id=\"a2ty_o01.29997173.0.i55.2caac921Ka36hT\">Nich\u00e9 au num\u00e9ro 2 de Zhongshan Middle Road, notre restaurant offre bien plus qu&#039;un simple repas\u00a0: une v\u00e9ritable exp\u00e9rience. Nos clients appr\u00e9cient particuli\u00e8rement la fra\u00eecheur et la vari\u00e9t\u00e9 de notre petit-d\u00e9jeuner, et notamment son assortiment judicieux de\u2026 <strong>classiques chinois authentiques<\/strong>, <strong>Les favoris de l&#039;Ouest<\/strong>, et <strong>sp\u00e9cialit\u00e9s asiatiques<\/strong>\u2014 le tout servi avec la m\u00eame chaleur et la m\u00eame efficacit\u00e9 qui caract\u00e9risent notre service not\u00e9 9,8\/10. Il n&#039;est pas \u00e9tonnant qu&#039;un client l&#039;ait d\u00e9crit comme \u201c un d\u00e9but de journ\u00e9e d\u00e9licieux \u201d, tandis qu&#039;un autre s&#039;est enthousiasm\u00e9 pour le service. <em>Xiao Mi Zhou<\/em> (le congee), un bol r\u00e9confortant de tradition qui donne le ton \u00e0 l&#039;exploration.<\/p><p><strong>Un buffet con\u00e7u pour tous les palais<\/strong><\/p><p>D\u00e8s l&#039;instant o\u00f9 vous p\u00e9n\u00e9trerez dans notre salle \u00e0 manger moderne et sereine, vous trouverez de quoi ravir vos sens :<\/p><ul dir=\"auto\"><li><strong>D\u00e9lices chinois :<\/strong> Plongez dans des bols fumants de bouillon parfum\u00e9 <em>Xiao Mi Zhou<\/em> (congee), d\u00e9licat <em>dim sum<\/em>, Des nouilles savoureuses et des l\u00e9gumes frais saut\u00e9s, le tout pr\u00e9par\u00e9 quotidiennement avec des ingr\u00e9dients locaux.<\/li><li><strong>Conforts occidentaux :<\/strong> Croissants croustillants, cr\u00eapes moelleuses, \u0153ufs brouill\u00e9s, bacon et une s\u00e9lection de c\u00e9r\u00e9ales et de yaourts satisferont ceux qui ont envie des classiques du petit-d\u00e9jeuner.<\/li><li><strong>Touches asiatiques :<\/strong> Savourez des plats de riz l\u00e9gers, des l\u00e9gumes marin\u00e9s et des soupes savoureuses qui font le lien entre les cultures et satisfont des go\u00fbts vari\u00e9s.<\/li><li><strong>Des options fra\u00eeches et saines :<\/strong> Un espace d\u00e9di\u00e9 aux fruits, aux jus et aux th\u00e9s vous permettra de nourrir votre corps avant de partir en randonn\u00e9e ou de parcourir les rues de la ville.<\/li><\/ul><p>Et pour les familles ? L&#039;espace enfants est un v\u00e9ritable succ\u00e8s, avec des portions adapt\u00e9es aux enfants et des friandises qui rendent les matins amusants et non une corv\u00e9e.<\/p><p><strong>Bien plus qu&#039;un simple repas : un service chaleureux et convivial.<\/strong><\/p><p>Notre personnel ne se contente pas de servir les repas\u00a0: il cr\u00e9e des moments inoubliables. De l\u2019accueil chaleureux \u00e0 la porte au remplissage attentif de votre tasse de caf\u00e9, chaque interaction est empreinte d\u2019une v\u00e9ritable attention. De nombreux clients soulignent l\u2019efficacit\u00e9 de notre \u00e9quipe dans la gestion du buffet, qui garantit la fra\u00eecheur et l\u2019attrait des plats, m\u00eame pendant le rush du matin. Un client a m\u00eame not\u00e9 que la disponibilit\u00e9 du personnel s\u2019\u00e9tendait au-del\u00e0 du repas, avec des conseils sur les attractions locales \u2013 preuve concr\u00e8te de notre engagement \u00e0 rendre votre s\u00e9jour parfait.<\/p><p><strong>D\u00eener avec vue (litt\u00e9ralement !)<\/strong><\/p><p>Bien que la salle \u00e0 manger int\u00e9rieure offre une ambiance chaleureuse et moderne, n&#039;oubliez pas de jeter un coup d&#039;\u0153il \u00e0 l&#039;ext\u00e9rieur. Pour les clients ayant r\u00e9serv\u00e9 une chambre avec balcon donnant sur le <strong>Deux rivi\u00e8res et quatre lacs<\/strong> ou <strong>Colline du Trompe d&#039;\u00c9l\u00e9phant<\/strong>, Prendre son petit-d\u00e9jeuner avec vue devient un rituel pr\u00e9cieux. Imaginez-vous siroter un th\u00e9 tandis que la brume matinale se dissipe sur l&#039;eau, d\u00e9voilant le paysage karstique embl\u00e9matique qui fait la renomm\u00e9e de Guilin. M\u00eame \u00e0 l&#039;int\u00e9rieur, les grandes baies vitr\u00e9es offrent un panorama exceptionnel sur le district de Xiangshan, transformant votre repas en un v\u00e9ritable festin pour les yeux.<\/p><p><strong>Parfaitement synchronis\u00e9 pour votre aventure<\/strong><\/p><p>Le petit-d\u00e9jeuner est servi tous les jours \u00e0 partir de <strong>7h30 \u00e0 10h30<\/strong>, Vous aurez ainsi tout le temps de savourer votre repas ou de prendre une collation rapide avant de partir. Et parce que nous savons que vos plans de voyage peuvent changer, nous proposons des options flexibles\u00a0: les enfants de moins de 1,20\u00a0m mangent gratuitement, ceux de plus de 1,20\u00a0m paient 48\u00a0CNY et les adultes profitent du buffet complet pour 68\u00a0CNY. Un excellent rapport qualit\u00e9-prix, un large choix et une grande praticit\u00e9.<\/p><p><strong>T\u00e9moignages d&#039;invit\u00e9s : Des histoires vraies, une satisfaction r\u00e9elle<\/strong><\/p><blockquote><p><em>\u201c Le petit-d\u00e9jeuner \u00e9tait \u00e9galement un point fort. Il y avait un bon choix de plats, tout \u00e9tait propre et bien pr\u00e9sent\u00e9, et le personnel assurait un service efficace. C&#039;\u00e9tait un d\u00e9but de journ\u00e9e tr\u00e8s agr\u00e9able. \u201d<\/em> \u2014 @Longmeetsworld, novembre 2025<\/p><\/blockquote><blockquote><p><em>\u201c J&#039;ai ador\u00e9 le petit-d\u00e9jeuner Xiao mi Zhou ! \u201d<\/em> \u2014 Utilisateur invit\u00e9, novembre 2025<\/p><\/blockquote><blockquote><p><em>\u201c S\u00e9jour agr\u00e9able et bon choix de petits d\u00e9jeuners. \u201d<\/em> \u2014 Utilisateur invit\u00e9, novembre 2025<\/p><\/blockquote><p><strong>Votre d\u00e9part id\u00e9al, chaque jour<\/strong><\/p><p>\u00c0 l&#039;h\u00f4tel LiCLOUDS, nous sommes convaincus que les plus belles aventures commencent par un petit-d\u00e9jeuner exceptionnel. Notre restaurant est bien plus qu&#039;une simple salle \u00e0 manger\u00a0: c&#039;est une promesse. La promesse de fra\u00eecheur, de saveurs, de moments conviviaux en famille et d&#039;un service chaleureux et attentionn\u00e9. Que vous soyez venus explorer la rivi\u00e8re Li, gravir le pic de la Beaut\u00e9 Solitaire ou simplement vous impr\u00e9gner de la s\u00e9r\u00e9nit\u00e9 des eaux de Guilin, laissez-nous vous accueillir chaque matin avec une assiette g\u00e9n\u00e9reuse, un panorama \u00e0 couper le souffle et un sourire qui vous dit\u00a0: \u201c\u00a0Bienvenue \u00e0 nouveau\u00a0!\u00a0\u201d<\/p><p data-spm-anchor-id=\"a2ty_o01.29997173.0.i59.2caac921Ka36hT\">R\u00e9servez votre s\u00e9jour d\u00e8s aujourd&#039;hui et d\u00e9couvrez pourquoi notre petit-d\u00e9jeuner n&#039;est pas qu&#039;un simple repas, mais le premier moment inoubliable de votre voyage \u00e0 Guilin.<\/p>\t\t\t\t\t\t\t\t<\/div>\n\t\t\t\t\t<\/div>\n\t\t\t\t<\/div>\n\t\t\t\t<section class=\"elementor-section elementor-top-section elementor-element elementor-element-7558e15c elementor-section-stretched elementor-section-boxed elementor-section-gap-beside-yes elementor-section-height-default elementor-section-height-default elementor-section-column-vertical-align-stretch\" data-id=\"7558e15c\" data-element_type=\"section\" data-e-type=\"section\" data-settings=\"{&quot;background_background&quot;:&quot;classic&quot;,&quot;stretch_section&quot;:&quot;section-stretched&quot;}\">\n\t\t\t\t\t\t<div class=\"elementor-container elementor-column-gap-extended\">\n\t\t\t\t\t<div class=\"elementor-column elementor-col-100 elementor-top-column elementor-element elementor-element-40d23dd1\" data-id=\"40d23dd1\" data-element_type=\"column\" data-e-type=\"column\">\n\t\t\t<div class=\"elementor-widget-wrap elementor-element-populated\">\n\t\t\t\t\t\t<div class=\"elementor-element elementor-element-25340819 elementor-widget elementor-widget-nuss-heading\" data-id=\"25340819\" data-element_type=\"widget\" data-e-type=\"widget\" data-widget_type=\"nuss-heading.default\">\n\t\t\t\t<div class=\"elementor-widget-container\">\n\t\t\t\t\t\t\t<div class=\"nuss-modern-heading\">\r\n\t\t\t\t\t\t<div class=\"heading-secondary-wrap\">\r\n\t\t\t\t<h3 class=\"heading-secondary elementor-heading-title\">Ch\u00e8que disponible <\/h3>\t\t\t<\/div>\r\n\t\t\r\n\t\t\t\r\n\t\t\t\r\n\t\t\t\t\t<\/div>\r\n\t\t\t\t\t<\/div>\n\t\t\t\t<\/div>\n\t\t\t\t<div class=\"elementor-element elementor-element-3b484fcc elementor-widget elementor-widget-text-editor\" data-id=\"3b484fcc\" data-element_type=\"widget\" data-e-type=\"widget\" data-widget_type=\"text-editor.default\">\n\t\t\t\t\t\t\t\t\t<iframe border=\"0\" src=\"https:\/\/www.trip.com\/partners\/ad\/S7313476?Allianceid=4590391&#038;SID=277435859&#038;trip_sub1=\" style=\"width:1200px;height:150px\" frameborder=\"0\" scrolling=\"no\" id=\"S7313476\"><\/iframe>\t\t\t\t\t\t\t\t<\/div>\n\t\t\t\t\t<\/div>\n\t\t<\/div>\n\t\t\t\t\t<\/div>\n\t\t<\/section>\n\t\t\t\t<\/div>","protected":false},"excerpt":{"rendered":"<p>LiCLOUDS HOTEL Restaurant: Where Guilin\u2019s Flavors Meet Your Morning Skyline \u2013 A Breakfast Experience You\u2019ll Never Forget Start your day in Guilin not just with fuel, but with flavor. At LiCLOUDS HOTEL (Guilin Two Rivers and Four Lakes Xiangshan Park), our on-site restaurant isn\u2019t just a place to eat\u2014it\u2019s the vibrant, welcoming heart of your [&hellip;]<\/p>\n","protected":false},"author":1,"featured_media":0,"parent":0,"menu_order":0,"comment_status":"closed","ping_status":"closed","template":"","meta":{"footnotes":""},"class_list":["post-612","page","type-page","status-publish","hentry","post-no-thumbnail"],"_links":{"self":[{"href":"https:\/\/licloudshotel.com\/fr\/wp-json\/wp\/v2\/pages\/612","targetHints":{"allow":["GET"]}}],"collection":[{"href":"https:\/\/licloudshotel.com\/fr\/wp-json\/wp\/v2\/pages"}],"about":[{"href":"https:\/\/licloudshotel.com\/fr\/wp-json\/wp\/v2\/types\/page"}],"author":[{"embeddable":true,"href":"https:\/\/licloudshotel.com\/fr\/wp-json\/wp\/v2\/users\/1"}],"replies":[{"embeddable":true,"href":"https:\/\/licloudshotel.com\/fr\/wp-json\/wp\/v2\/comments?post=612"}],"version-history":[{"count":0,"href":"https:\/\/licloudshotel.com\/fr\/wp-json\/wp\/v2\/pages\/612\/revisions"}],"wp:attachment":[{"href":"https:\/\/licloudshotel.com\/fr\/wp-json\/wp\/v2\/media?parent=612"}],"curies":[{"name":"wp","href":"https:\/\/api.w.org\/{rel}","templated":true}]}}