{"id":5266,"date":"2021-07-18T08:03:35","date_gmt":"2021-07-18T08:03:35","guid":{"rendered":"https:\/\/nuss.uxper.co\/luxury-resort\/?page_id=5266"},"modified":"2025-11-24T13:36:40","modified_gmt":"2025-11-24T13:36:40","slug":"a-propos-de-nous","status":"publish","type":"page","link":"https:\/\/licloudshotel.com\/fr\/a-propos-de-nous\/","title":{"rendered":"\u00c0 propos de nous"},"content":{"rendered":"<div data-elementor-type=\"wp-page\" data-elementor-id=\"5266\" class=\"elementor elementor-5266\">\n\t\t\t\t\t\t<section class=\"elementor-section elementor-top-section elementor-element elementor-element-10416953 elementor-section-boxed elementor-section-gap-beside-yes elementor-section-height-default elementor-section-height-default elementor-section-column-vertical-align-stretch\" data-id=\"10416953\" data-element_type=\"section\" data-e-type=\"section\">\n\t\t\t\t\t\t<div class=\"elementor-container elementor-column-gap-extended\">\n\t\t\t\t\t<div class=\"elementor-column elementor-col-100 elementor-top-column elementor-element elementor-element-29c6aa8\" data-id=\"29c6aa8\" data-element_type=\"column\" data-e-type=\"column\">\n\t\t\t<div class=\"elementor-widget-wrap elementor-element-populated\">\n\t\t\t\t\t\t<div class=\"elementor-element elementor-element-7be18fe7 elementor-widget__width-initial elementor-invisible elementor-widget elementor-widget-text-editor\" data-id=\"7be18fe7\" data-element_type=\"widget\" data-e-type=\"widget\" data-settings=\"{&quot;_animation&quot;:&quot;nussFadeInUp&quot;}\" data-widget_type=\"text-editor.default\">\n\t\t\t\t\t\t\t\t\t<div class=\"svelte-1c06zsf\" data-lang-code=\"\"><p><strong data-spm-anchor-id=\"a2ty_o01.29997173.0.i18.2caac921Ka36hT\">H\u00d4TEL LiCLOUDS (Parc Xiangshan des Deux Rivi\u00e8res et des Quatre Lacs de Guilin) \u2013 Votre escapade intelligente, pittoresque et familiale au c\u0153ur de Guilin<\/strong><\/p><\/div>\t\t\t\t\t\t\t\t<\/div>\n\t\t\t\t\t<\/div>\n\t\t<\/div>\n\t\t\t\t\t<\/div>\n\t\t<\/section>\n\t\t\t\t<section class=\"elementor-section elementor-top-section elementor-element elementor-element-7d18327f elementor-section-boxed elementor-section-gap-beside-yes elementor-section-height-default elementor-section-height-default elementor-section-column-vertical-align-stretch\" data-id=\"7d18327f\" data-element_type=\"section\" data-e-type=\"section\">\n\t\t\t\t\t\t<div class=\"elementor-container elementor-column-gap-extended\">\n\t\t\t\t\t<div class=\"elementor-column elementor-col-50 elementor-top-column elementor-element elementor-element-56533670\" data-id=\"56533670\" data-element_type=\"column\" data-e-type=\"column\">\n\t\t\t<div class=\"elementor-widget-wrap elementor-element-populated\">\n\t\t\t\t\t\t<div class=\"elementor-element elementor-element-19c3f543 elementor-drop-cap-yes elementor-drop-cap-view-default elementor-invisible elementor-widget elementor-widget-text-editor\" data-id=\"19c3f543\" data-element_type=\"widget\" data-e-type=\"widget\" data-settings=\"{&quot;_animation&quot;:&quot;nussFadeInUp&quot;,&quot;drop_cap&quot;:&quot;yes&quot;}\" data-widget_type=\"text-editor.default\">\n\t\t\t\t\t\t\t\t\t<p>Nich\u00e9 au num\u00e9ro 2 de la route Zhongshan Middle, dans le quartier anim\u00e9 de Xiangshan \u00e0 Guilin, <strong>H\u00d4TEL LiCLOUDS (Parc Xiangshan des Deux Rivi\u00e8res et des Quatre Lacs de Guilin)<\/strong> Ce n&#039;est pas qu&#039;un simple lieu o\u00f9 dormir\u00a0: c&#039;est votre porte d&#039;entr\u00e9e vers l&#039;\u00e2me de l&#039;une des villes les plus \u00e9poustouflantes de Chine. R\u00e9cemment r\u00e9nov\u00e9 en 2024, ce joyau moderne 4 \u00e9toiles offre aux voyageurs une exp\u00e9rience inoubliable, alliant confort de pointe, beaut\u00e9 naturelle panoramique et service attentionn\u00e9 et personnalis\u00e9. C&#039;est le choix id\u00e9al pour les familles, les couples et les voyageurs solitaires en qu\u00eate du pied-\u00e0-terre parfait \u00e0 Guilin.<\/p>\t\t\t\t\t\t\t\t<\/div>\n\t\t\t\t\t<\/div>\n\t\t<\/div>\n\t\t\t\t<div class=\"elementor-column elementor-col-50 elementor-top-column elementor-element elementor-element-30f14127\" data-id=\"30f14127\" data-element_type=\"column\" data-e-type=\"column\">\n\t\t\t<div class=\"elementor-widget-wrap elementor-element-populated\">\n\t\t\t\t\t\t<div class=\"elementor-element elementor-element-59aea08 elementor-widget elementor-widget-image\" data-id=\"59aea08\" data-element_type=\"widget\" data-e-type=\"widget\" data-widget_type=\"image.default\">\n\t\t\t\t\t\t\t\t\t\t\t\t\t\t\t<img fetchpriority=\"high\" decoding=\"async\" width=\"1024\" height=\"655\" src=\"https:\/\/licloudshotel.com\/wp-content\/uploads\/2025\/11\/home-1024x655.jpg\" class=\"attachment-large size-large wp-image-7301\" alt=\"\" srcset=\"https:\/\/licloudshotel.com\/wp-content\/uploads\/2025\/11\/home-1024x655.jpg 1024w, https:\/\/licloudshotel.com\/wp-content\/uploads\/2025\/11\/home-300x192.jpg 300w, https:\/\/licloudshotel.com\/wp-content\/uploads\/2025\/11\/home-768x491.jpg 768w, https:\/\/licloudshotel.com\/wp-content\/uploads\/2025\/11\/home-1536x982.jpg 1536w, https:\/\/licloudshotel.com\/wp-content\/uploads\/2025\/11\/home-2048x1310.jpg 2048w, https:\/\/licloudshotel.com\/wp-content\/uploads\/2025\/11\/home-18x12.jpg 18w\" sizes=\"(max-width: 1024px) 100vw, 1024px\" \/>\t\t\t\t\t\t\t\t\t\t\t\t\t\t\t<\/div>\n\t\t\t\t\t<\/div>\n\t\t<\/div>\n\t\t\t\t\t<\/div>\n\t\t<\/section>\n\t\t\t\t<section class=\"elementor-section elementor-top-section elementor-element elementor-element-29fb8578 elementor-section-height-min-height elementor-section-stretched elementor-section-full_width elementor-section-items-stretch elementor-section-height-default elementor-section-column-vertical-align-stretch\" data-id=\"29fb8578\" data-element_type=\"section\" data-e-type=\"section\" data-settings=\"{&quot;stretch_section&quot;:&quot;section-stretched&quot;}\">\n\t\t\t\t\t\t<div class=\"elementor-container elementor-column-gap-no\">\n\t\t\t\t\t<div class=\"elementor-column elementor-col-50 elementor-top-column elementor-element elementor-element-40ac270b\" data-id=\"40ac270b\" data-element_type=\"column\" data-e-type=\"column\">\n\t\t\t<div class=\"elementor-widget-wrap elementor-element-populated\">\n\t\t\t\t\t\t<div class=\"elementor-element elementor-element-20872773 elementor-widget__width-initial elementor-widget-mobile__width-inherit elementor-invisible nuss-elementor-loading nuss-slide-in-right elementor-widget elementor-widget-image\" data-id=\"20872773\" data-element_type=\"widget\" data-e-type=\"widget\" data-settings=\"{&quot;_animation&quot;:&quot;nussSlideInRight&quot;}\" data-widget_type=\"image.default\">\n\t\t\t\t\t\t\t\t\t\t\t\t\t\t\t<img decoding=\"async\" width=\"1139\" height=\"853\" src=\"https:\/\/licloudshotel.com\/wp-content\/uploads\/2025\/11\/LiCLOUDS-HOTEL-99.webp\" class=\"attachment-full size-full wp-image-7236\" alt=\"\" srcset=\"https:\/\/licloudshotel.com\/wp-content\/uploads\/2025\/11\/LiCLOUDS-HOTEL-99.webp 1139w, https:\/\/licloudshotel.com\/wp-content\/uploads\/2025\/11\/LiCLOUDS-HOTEL-99-300x225.webp 300w, https:\/\/licloudshotel.com\/wp-content\/uploads\/2025\/11\/LiCLOUDS-HOTEL-99-1024x767.webp 1024w, https:\/\/licloudshotel.com\/wp-content\/uploads\/2025\/11\/LiCLOUDS-HOTEL-99-768x575.webp 768w, https:\/\/licloudshotel.com\/wp-content\/uploads\/2025\/11\/LiCLOUDS-HOTEL-99-16x12.webp 16w\" sizes=\"(max-width: 1139px) 100vw, 1139px\" \/>\t\t\t\t\t\t\t\t\t\t\t\t\t\t\t<\/div>\n\t\t\t\t\t<\/div>\n\t\t<\/div>\n\t\t\t\t<div class=\"elementor-column elementor-col-50 elementor-top-column elementor-element elementor-element-2dac103\" data-id=\"2dac103\" data-element_type=\"column\" data-e-type=\"column\">\n\t\t\t<div class=\"elementor-widget-wrap elementor-element-populated\">\n\t\t\t\t\t\t<div class=\"elementor-element elementor-element-6f1b8966 elementor-invisible elementor-widget elementor-widget-text-editor\" data-id=\"6f1b8966\" data-element_type=\"widget\" data-e-type=\"widget\" data-settings=\"{&quot;_animation&quot;:&quot;nussFadeInUp&quot;}\" data-widget_type=\"text-editor.default\">\n\t\t\t\t\t\t\t\t\t<p><strong data-spm-anchor-id=\"a2ty_o01.29997173.0.i21.2caac921Ka36hT\">Pourquoi l&#039;h\u00f4tel LiCLOUDS se distingue :<\/strong><\/p><ul dir=\"auto\"><li><strong>Emplacement imbattable :<\/strong> Sortez et vous \u00eates \u00e0 quelques minutes des eaux scintillantes de la <strong>Deux rivi\u00e8res et quatre lacs<\/strong>, avec l&#039;embl\u00e9matique <strong>Parc Xiangshan<\/strong> et sa c\u00e9l\u00e8bre colline du Trompe d&#039;\u00c9l\u00e9phant \u00e0 deux pas. L&#039;animation <strong>XiCheng Lu BuXingJie<\/strong> La rue pi\u00e9tonne n&#039;est qu&#039;\u00e0 250 m, tandis que <strong>Gare ferroviaire de Guilin<\/strong> Il se trouve \u00e0 seulement 1,3 km \u00e0 pied, id\u00e9al pour des arriv\u00e9es et des d\u00e9parts sans encombre.<\/li><li><strong data-spm-anchor-id=\"a2ty_o01.29997173.0.i20.2caac921Ka36hT\">Des vues \u00e0 couper le souffle depuis chaque pi\u00e8ce :<\/strong> Choisissez parmi des chambres \u00e9l\u00e9gamment d\u00e9cor\u00e9es dot\u00e9es de <strong>balcons avec vue sur la rivi\u00e8re en \u00e9tage \u00e9lev\u00e9<\/strong> ou <strong>suites de tatamis de r\u00eave donnant sur Xiangshan<\/strong> Dot\u00e9es de tr\u00e8s grandes baignoires rondes avec vue sur la colline de l&#039;\u00c9l\u00e9phant, toutes les chambres sont \u00e9quip\u00e9es de <strong>Contr\u00f4le intelligent de toute la maison Xiao Du<\/strong> Pour un \u00e9clairage, une temp\u00e9rature et un divertissement sans effort, le tout par commande vocale.<\/li><li><strong>Le paradis familial r\u00e9invent\u00e9 :<\/strong> Vous voyagez avec des enfants\u00a0? LiCLOUDS est fait pour vous. Profitez d\u2019un espace g\u00e9n\u00e9reux. <strong>Chambres \u00e0 th\u00e8me familial<\/strong> avec des aires de jeux d\u00e9di\u00e9es, des jouets st\u00e9rilis\u00e9s aux UV et des tentes pour enfants. Au 10e \u00e9tage, laissez les petits s&#039;amuser dans l&#039;eau. <strong>piscine pour enfants<\/strong>, grimper le <strong>toboggan en forme de boule oc\u00e9anique<\/strong>, ou rejoignez le <strong>club pour enfants<\/strong>. Les parents peuvent se d\u00e9tendre en sachant que s\u00e9curit\u00e9, hygi\u00e8ne et divertissement sont parfaitement int\u00e9gr\u00e9s.<\/li><li><strong>Le luxe intelligent rencontre la s\u00e9r\u00e9nit\u00e9 naturelle :<\/strong> D\u00e9tendez-vous \u00e0 l&#039;h\u00f4tel <strong>deux piscines ext\u00e9rieures<\/strong>, y compris un magnifique <strong>piscine \u00e0 d\u00e9bordement sur le toit<\/strong> Offrant une vue imprenable sur le paysage karstique de Guilin, d\u00e9tendez-vous \u00e0 l&#039;ombre des parasols de votre terrasse priv\u00e9e ou savourez un caf\u00e9 au bord de l&#039;eau. <strong>restaurant au bord de la piscine<\/strong>. L&#039;ambiance sereine compl\u00e8te parfaitement le paysage po\u00e9tique de la ville.<\/li><li><strong>Un service exceptionnel auquel vous pouvez faire confiance\u00a0:<\/strong> Not\u00e9 9,8\/10 pour son service, LiCLOUDS se surpasse. Les clients sont unanimes\u00a0: <strong>Assistance conciergerie WeChat 24h\/24 et 7j\/7<\/strong>, Un personnel anglophone et un service personnalis\u00e9, de l&#039;organisation des transferts a\u00e9roport aux conseils sur les restaurants locaux. Un client a m\u00eame parl\u00e9 d&#039;un \u201c service de majordome personnel \u201d, soulignant l&#039;aide proactive du personnel pour tout, du d\u00e9m\u00e9nagement en toute s\u00e9curit\u00e9 \u00e0 la planification du voyage.<\/li><li><strong>Saveurs locales d\u00e9licieuses et confort moderne\u00a0:<\/strong> Commencez votre journ\u00e9e par un g\u00e9n\u00e9reux <strong>buffet petit-d\u00e9jeuner<\/strong> avec du congee chinois frais (<em>Xiao Mi Zhou<\/em>), dim sum, p\u00e2tisseries occidentales et bien plus encore, le tout \u00e9tant appr\u00e9ci\u00e9 pour sa vari\u00e9t\u00e9 et sa qualit\u00e9. L&#039;h\u00f4tel propose \u00e9galement des repas gratuits. <strong>Parking priv\u00e9<\/strong>, un <strong>salle de sport<\/strong>, <strong>biblioth\u00e8que<\/strong>, et m\u00eame traditionnels <strong>activit\u00e9s de fabrication de sachets<\/strong> (bien que certains clients notent des points \u00e0 am\u00e9liorer dans l&#039;organisation des activit\u00e9s).<\/li><\/ul><p>Que vous exploriez la rivi\u00e8re Li, partiez en randonn\u00e9e pr\u00e8s du pic de la Beaut\u00e9 Solitaire ou profitiez simplement de la beaut\u00e9 paisible des cours d&#039;eau de Guilin, l&#039;h\u00f4tel LiCLOUDS vous garantit un s\u00e9jour aussi confortable qu&#039;inoubliable. Gr\u00e2ce \u00e0 ses technologies modernes, ses \u00e9quipements adapt\u00e9s aux familles et son emplacement privil\u00e9gi\u00e9 \u00e0 proximit\u00e9 des sites les plus embl\u00e9matiques de la ville, il n&#039;est pas \u00e9tonnant que cet h\u00f4tel figure r\u00e9guli\u00e8rement parmi les meilleurs \u00e9tablissements de Guilin.<\/p><p data-spm-anchor-id=\"a2ty_o01.29997173.0.i22.2caac921Ka36hT\">R\u00e9servez votre s\u00e9jour \u00e0 l&#039;h\u00f4tel LiCLOUDS d\u00e8s aujourd&#039;hui et d\u00e9couvrez pourquoi des milliers de voyageurs le qualifient de \u201c m\u00e9lange parfait de nature, de luxe et d&#039;hospitalit\u00e9 authentique \u201d au c\u0153ur de Guilin.<\/p>\t\t\t\t\t\t\t\t<\/div>\n\t\t\t\t\t<\/div>\n\t\t<\/div>\n\t\t\t\t\t<\/div>\n\t\t<\/section>\n\t\t\t\t<section class=\"elementor-section elementor-top-section elementor-element elementor-element-2092b7d0 elementor-section-stretched elementor-section-boxed elementor-section-gap-beside-yes elementor-section-height-default elementor-section-height-default elementor-section-column-vertical-align-stretch\" data-id=\"2092b7d0\" data-element_type=\"section\" data-e-type=\"section\" data-settings=\"{&quot;background_background&quot;:&quot;classic&quot;,&quot;stretch_section&quot;:&quot;section-stretched&quot;}\">\n\t\t\t\t\t\t<div class=\"elementor-container elementor-column-gap-extended\">\n\t\t\t\t\t<div class=\"elementor-column elementor-col-100 elementor-top-column elementor-element elementor-element-be69d75\" data-id=\"be69d75\" data-element_type=\"column\" data-e-type=\"column\">\n\t\t\t<div class=\"elementor-widget-wrap elementor-element-populated\">\n\t\t\t\t\t\t<div class=\"elementor-element elementor-element-320c022 elementor-widget elementor-widget-nuss-heading\" data-id=\"320c022\" data-element_type=\"widget\" data-e-type=\"widget\" data-widget_type=\"nuss-heading.default\">\n\t\t\t\t<div class=\"elementor-widget-container\">\n\t\t\t\t\t\t\t<div class=\"nuss-modern-heading\">\r\n\t\t\t\t\t\t<div class=\"heading-secondary-wrap\">\r\n\t\t\t\t<h3 class=\"heading-secondary elementor-heading-title\">Ch\u00e8que disponible <\/h3>\t\t\t<\/div>\r\n\t\t\r\n\t\t\t\r\n\t\t\t\r\n\t\t\t\t\t<\/div>\r\n\t\t\t\t\t<\/div>\n\t\t\t\t<\/div>\n\t\t\t\t<div class=\"elementor-element elementor-element-fe69a93 elementor-widget elementor-widget-text-editor\" data-id=\"fe69a93\" data-element_type=\"widget\" data-e-type=\"widget\" data-widget_type=\"text-editor.default\">\n\t\t\t\t\t\t\t\t\t<iframe border=\"0\" src=\"https:\/\/www.trip.com\/partners\/ad\/S7313476?Allianceid=4590391&#038;SID=277435859&#038;trip_sub1=\" style=\"width:1200px;height:150px\" frameborder=\"0\" scrolling=\"no\" id=\"S7313476\"><\/iframe>\t\t\t\t\t\t\t\t<\/div>\n\t\t\t\t\t<\/div>\n\t\t<\/div>\n\t\t\t\t\t<\/div>\n\t\t<\/section>\n\t\t\t\t<\/div>","protected":false},"excerpt":{"rendered":"<p>LiCLOUDS HOTEL (Guilin Two Rivers and Four Lakes Xiangshan Park) \u2013 Your Smart, Scenic &amp; Family-Friendly Escape in the Heart of Guilin Nestled at No. 2 Zhongshan Middle Road in Guilin\u2019s vibrant Xiangshan District, LiCLOUDS HOTEL (Guilin Two Rivers and Four Lakes Xiangshan Park) is not just a place to sleep\u2014it\u2019s your gateway to experiencing [&hellip;]<\/p>\n","protected":false},"author":1,"featured_media":0,"parent":0,"menu_order":0,"comment_status":"closed","ping_status":"closed","template":"","meta":{"footnotes":""},"class_list":["post-5266","page","type-page","status-publish","hentry","post-no-thumbnail"],"_links":{"self":[{"href":"https:\/\/licloudshotel.com\/fr\/wp-json\/wp\/v2\/pages\/5266","targetHints":{"allow":["GET"]}}],"collection":[{"href":"https:\/\/licloudshotel.com\/fr\/wp-json\/wp\/v2\/pages"}],"about":[{"href":"https:\/\/licloudshotel.com\/fr\/wp-json\/wp\/v2\/types\/page"}],"author":[{"embeddable":true,"href":"https:\/\/licloudshotel.com\/fr\/wp-json\/wp\/v2\/users\/1"}],"replies":[{"embeddable":true,"href":"https:\/\/licloudshotel.com\/fr\/wp-json\/wp\/v2\/comments?post=5266"}],"version-history":[{"count":0,"href":"https:\/\/licloudshotel.com\/fr\/wp-json\/wp\/v2\/pages\/5266\/revisions"}],"wp:attachment":[{"href":"https:\/\/licloudshotel.com\/fr\/wp-json\/wp\/v2\/media?parent=5266"}],"curies":[{"name":"wp","href":"https:\/\/api.w.org\/{rel}","templated":true}]}}