{"id":2106,"date":"2021-03-25T04:08:26","date_gmt":"2021-03-25T04:08:26","guid":{"rendered":"http:\/\/localhost\/nuss\/?page_id=298"},"modified":"2025-11-24T15:26:12","modified_gmt":"2025-11-24T15:26:12","slug":"experiences","status":"publish","type":"page","link":"https:\/\/licloudshotel.com\/fr\/experiences\/","title":{"rendered":"Avis sur l&#039;h\u00f4tel LiCLOUDS"},"content":{"rendered":"<div data-elementor-type=\"wp-page\" data-elementor-id=\"2106\" class=\"elementor elementor-2106\">\n\t\t\t\t\t\t<section class=\"elementor-section elementor-top-section elementor-element elementor-element-1954ffc elementor-section-boxed elementor-section-gap-beside-yes elementor-section-height-default elementor-section-height-default elementor-section-column-vertical-align-stretch\" data-id=\"1954ffc\" data-element_type=\"section\" data-e-type=\"section\">\n\t\t\t\t\t\t<div class=\"elementor-container elementor-column-gap-extended\">\n\t\t\t\t\t<div class=\"elementor-column elementor-col-100 elementor-top-column elementor-element elementor-element-86aebc5\" data-id=\"86aebc5\" data-element_type=\"column\" data-e-type=\"column\">\n\t\t\t<div class=\"elementor-widget-wrap elementor-element-populated\">\n\t\t\t\t\t\t<div class=\"elementor-element elementor-element-11803d1 elementor-widget__width-initial elementor-invisible elementor-widget elementor-widget-text-editor\" data-id=\"11803d1\" data-element_type=\"widget\" data-e-type=\"widget\" data-settings=\"{&quot;_animation&quot;:&quot;nussFadeInUp&quot;}\" data-widget_type=\"text-editor.default\">\n\t\t\t\t\t\t\t\t\t<div class=\"svelte-1c06zsf\" data-lang-code=\"\"><p><strong data-spm-anchor-id=\"a2ty_o01.29997173.0.i36.2caac921Ka36hT\">H\u00d4TEL LiCLOUDS (Parc Xiangshan des Deux Rivi\u00e8res et des Quatre Lacs de Guilin)\u00a0: Plus de 5\u00a0434 clients ont trouv\u00e9 l\u2019endroit \u201c\u00a0parfait\u00a0\u201d \u2013 Avis authentiques, exp\u00e9riences r\u00e9elles<\/strong><\/p><div class=\"my-2\">\u00a0<\/div><\/div>\t\t\t\t\t\t\t\t<\/div>\n\t\t\t\t\t<\/div>\n\t\t<\/div>\n\t\t\t\t\t<\/div>\n\t\t<\/section>\n\t\t<div class=\"elementor-element elementor-element-95e7268 e-flex e-con-boxed e-con e-parent\" data-id=\"95e7268\" data-element_type=\"container\" data-e-type=\"container\">\n\t\t\t\t\t<div class=\"e-con-inner\">\n\t\t\t\t<div class=\"elementor-element elementor-element-bd47571 elementor-widget elementor-widget-image\" data-id=\"bd47571\" data-element_type=\"widget\" data-e-type=\"widget\" data-widget_type=\"image.default\">\n\t\t\t\t\t\t\t\t\t\t\t\t\t\t\t\t<a href=\"https:\/\/www.trip.com\/hotels\/guilin-hotel-detail-78220402\/zhong-shan-guo-ji-da-jiu-dian\/?Allianceid=4590391&#038;SID=277435859&#038;trip_sub1=&#038;trip_sub3=D7323290\" target=\"_blank\" rel=\"noopener\">\n\t\t\t\t\t\t\t<img fetchpriority=\"high\" decoding=\"async\" width=\"1713\" height=\"1023\" src=\"https:\/\/licloudshotel.com\/wp-content\/uploads\/2025\/11\/LiCLOUDS-HOTEL-reviews.jpg\" class=\"attachment-full size-full wp-image-7396\" alt=\"\" srcset=\"https:\/\/licloudshotel.com\/wp-content\/uploads\/2025\/11\/LiCLOUDS-HOTEL-reviews.jpg 1713w, https:\/\/licloudshotel.com\/wp-content\/uploads\/2025\/11\/LiCLOUDS-HOTEL-reviews-300x179.jpg 300w, https:\/\/licloudshotel.com\/wp-content\/uploads\/2025\/11\/LiCLOUDS-HOTEL-reviews-1024x612.jpg 1024w, https:\/\/licloudshotel.com\/wp-content\/uploads\/2025\/11\/LiCLOUDS-HOTEL-reviews-768x459.jpg 768w, https:\/\/licloudshotel.com\/wp-content\/uploads\/2025\/11\/LiCLOUDS-HOTEL-reviews-1536x917.jpg 1536w, https:\/\/licloudshotel.com\/wp-content\/uploads\/2025\/11\/LiCLOUDS-HOTEL-reviews-18x12.jpg 18w\" sizes=\"(max-width: 1713px) 100vw, 1713px\" \/>\t\t\t\t\t\t\t\t<\/a>\n\t\t\t\t\t\t\t\t\t\t\t\t\t\t\t<\/div>\n\t\t\t\t\t<\/div>\n\t\t\t\t<\/div>\n\t\t<div class=\"elementor-element elementor-element-3e39171 e-flex e-con-boxed e-con e-parent\" data-id=\"3e39171\" data-element_type=\"container\" data-e-type=\"container\">\n\t\t\t\t\t<div class=\"e-con-inner\">\n\t\t\t\t<div class=\"elementor-element elementor-element-7761d0c elementor-widget elementor-widget-text-editor\" data-id=\"7761d0c\" data-element_type=\"widget\" data-e-type=\"widget\" data-widget_type=\"text-editor.default\">\n\t\t\t\t\t\t\t\t\t<p>Oubliez les avis d&#039;h\u00f4tels g\u00e9n\u00e9riques. <strong>H\u00d4TEL LiCLOUDS (Parc Xiangshan des Deux Rivi\u00e8res et des Quatre Lacs de Guilin)<\/strong>, L&#039;exp\u00e9rience client n&#039;est pas seulement not\u00e9e, elle est c\u00e9l\u00e9br\u00e9e. Avec un nombre impressionnant <strong>Note de 9,8\/10<\/strong> de plus <strong>5\u00a0434 avis v\u00e9rifi\u00e9s<\/strong> Sur Trip.com \u2014 et pas un seul avis n\u00e9gatif le mois dernier \u2014, ce petit bijou 4 \u00e9toiles n&#039;est pas seulement populaire ; il est <em>bien-aim\u00e9<\/em>. Les voyageurs ne se contentent pas de s&#039;enregistrer ; ils cr\u00e9ent des souvenirs inoubliables, gr\u00e2ce \u00e0 une combinaison parfaite de design intelligent, de service exceptionnel et d&#039;un emplacement qui place les sites les plus embl\u00e9matiques de Guilin \u00e0 leur porte.<\/p><p><strong>Pourquoi l&#039;h\u00f4tel LiCLOUDS obtient syst\u00e9matiquement la note \u201c parfaite \u201d\u00a0:<\/strong><\/p><ul dir=\"auto\"><li><strong>Un service qui ressemble \u00e0 un accueil personnalis\u00e9\u00a0:<\/strong> La raison pour laquelle les clients sont si enthousiastes\u00a0? Le personnel. Comme l\u2019a si bien dit un client\u00a0: \u201c\u00a0Le niveau de service \u00e9tait exceptionnel.\u00a0\u201d Nombreux sont ceux qui soulignent le caract\u00e8re proactif, chaleureux et v\u00e9ritablement serviable de l\u2019\u00e9quipe. Une famille voyageant avec des personnes \u00e2g\u00e9es a not\u00e9 que l\u2019h\u00f4tel s\u2019\u00e9tait surpass\u00e9 pour r\u00e9pondre \u00e0 leur demande particuli\u00e8re de chambres communicantes et calmes \u2013 un d\u00e9tail qui a rendu leur s\u00e9jour particuli\u00e8rement agr\u00e9able. Un autre client a d\u00e9crit avoir b\u00e9n\u00e9fici\u00e9 d\u2019un service digne d\u2019un majordome personnel, le personnel l\u2019ayant ajout\u00e9 sur WeChat pour lui offrir une assistance en temps r\u00e9el, des conseils locaux et m\u00eame une aide pour de petites t\u00e2ches personnelles. Mention sp\u00e9ciale \u00e0 un jeune membre du personnel salu\u00e9 pour son service exemplaire\u00a0: il a aid\u00e9 \u00e0 d\u00e9placer les coffres-forts, partag\u00e9 des recommandations de restaurants et veill\u00e9 \u00e0 ce que tous les besoins soient satisfaits.<\/li><li><strong>Des chambres con\u00e7ues pour le confort et l&#039;effet \u00ab waouh \u00bb :<\/strong> Les clients font r\u00e9guli\u00e8rement l&#039;\u00e9loge des chambres propres, modernes et spacieuses, surtout depuis la r\u00e9novation de 2024. <strong>Chambres avec balcon et vue sur la rivi\u00e8re en \u00e9tage \u00e9lev\u00e9<\/strong> sont tr\u00e8s appr\u00e9ci\u00e9es, offrant des terrasses priv\u00e9es avec parasols et canap\u00e9s confortables pour admirer la vue sur les Deux Rivi\u00e8res et les Quatre Lacs. Pour ceux qui recherchent une exp\u00e9rience romantique ou unique, <strong>Chambre \u00e0 lit double Xiangshan Tatami<\/strong> Offrant une vue imprenable sur Elephant Trunk Hill et une baignoire ronde XXL, cet h\u00f4tel est un v\u00e9ritable havre de paix digne d&#039;Instagram. Les familles l&#039;adorent. <strong>Chambres \u00e0 th\u00e8me familial<\/strong>, avec des aires de jeux d\u00e9di\u00e9es, la st\u00e9rilisation UV LED pour les jouets et des tentes pour enfants, rendant les voyages avec des enfants faciles et amusants.<\/li><li><strong>Petit-d\u00e9jeuner : un d\u00e9but de journ\u00e9e frais et vari\u00e9 :<\/strong> Le petit-d\u00e9jeuner buffet quotidien est un atout majeur. Les clients le d\u00e9crivent comme \u201c frais et vari\u00e9 \u201d, r\u00e9pondant parfaitement aux go\u00fbts chinois et occidentaux. Parmi les plats les plus appr\u00e9ci\u00e9s figurent les petits-d\u00e9jeuners chauds et fumants. <em>Xiao Mi Zhou<\/em> On y trouve du congee et un assortiment de dim sum, ainsi que des p\u00e2tisseries et des c\u00e9r\u00e9ales occidentales. Si certains voyageurs souhaiteraient davantage de choix occidentaux, le consensus est clair\u00a0: c\u2019est une fa\u00e7on d\u00e9licieuse, bien pr\u00e9sent\u00e9e et efficace de faire le plein d\u2019\u00e9nergie avant de partir explorer Guilin.<\/li><li><strong>La perfection pour toute la famille :<\/strong> L&#039;h\u00f4tel LiCLOUDS est id\u00e9al pour les familles. L&#039;aire de jeux situ\u00e9e au 10e \u00e9tage comprend un <strong>toboggan en forme de boule oc\u00e9anique<\/strong>, un <strong>piscine pour enfants<\/strong>, et un <strong>club pour enfants<\/strong>Tout est con\u00e7u pour que les enfants s&#039;amusent en toute s\u00e9curit\u00e9 et sous surveillance. Les parents appr\u00e9cient les petites attentions : peignoirs, chaussons, brosses \u00e0 dents, et m\u00eame livres et vid\u00e9os pour enfants. Un parent a m\u00eame d\u00e9clar\u00e9 que l&#039;\u00e9tablissement \u00e9tait \u201c\u00a0id\u00e9al pour les familles avec enfants\u00a0\u201d, soulignant que ses enfants avaient ador\u00e9 l&#039;aire de jeux et le petit-d\u00e9jeuner. Gr\u00e2ce \u00e0 ses \u00e9quipements de qualit\u00e9 et \u00e0 son personnel attentif, c&#039;est un v\u00e9ritable havre de paix pour les parents.<\/li><li><strong>Situation\u00a0: \u00c0 distance de marche des merveilles, \u00e0 proximit\u00e9 de tout.<\/strong> Situ\u00e9 au num\u00e9ro 2 de Zhongshan Middle Road, l&#039;emplacement de l&#039;h\u00f4tel est tout simplement exceptionnel. <strong>250 m\u00e8tres de XiCheng Lu BuXingJie<\/strong> rue pi\u00e9tonne, <strong>\u00c0 540 m\u00e8tres de la r\u00e9sidence de Li Zongren<\/strong>, et un simple <strong>\u00c0 1,3 km de la gare de Guilin<\/strong>. Cela signifie que vous pouvez vous rendre \u00e0 pied aux commerces, restaurants et sites culturels, ou prendre le train sans probl\u00e8me. Pour les voyageurs internationaux, <strong>A\u00e9roport international de Guilin-Liangjiang<\/strong> est id\u00e9alement situ\u00e9 \u00e0 28 km, avec une prise en charge prioritaire \u00e0 l&#039;a\u00e9roport (moyennant un suppl\u00e9ment).<\/li><\/ul><p><strong>Ce que les clients appr\u00e9cient le plus (d&#039;apr\u00e8s plus de 5\u00a0434 avis)\u00a0:<\/strong><\/p><ul dir=\"auto\"><li><strong>Propret\u00e9 (9,8\/10) :<\/strong> \u201c Impeccable \u201d, \u201c impeccable \u201d, \u201c tout \u00e9tait propre et bien pr\u00e9sent\u00e9 \u201d : les clients ne cessent de louer le haut niveau d&#039;hygi\u00e8ne.<\/li><li><strong>\u00c9quipements (9,7\/10)\u00a0:<\/strong> De la part de <strong>deux piscines ext\u00e9rieures gratuites<\/strong> (y compris une piscine \u00e0 d\u00e9bordement sur le toit offrant une vue panoramique) au <strong>salle de sport gratuite<\/strong>, <strong>biblioth\u00e8que<\/strong>, et <strong>robots de service<\/strong>, les installations agr\u00e9mentent chaque s\u00e9jour.<\/li><li><strong>Emplacement (9,7\/10) :<\/strong> \u201c \u00c0 distance de marche de la gare \u201d, \u201c id\u00e9al pour les visites touristiques \u201d, \u201c proche de toutes les principales attractions \u201d \u2014 sa situation centrale est un atout consid\u00e9rable.<\/li><li><strong>Service (9,8\/10) :<\/strong> \u201c Exceptionnel \u201d, \u201c aimable et serviable \u201d, \u201c comme avoir un concierge personnel \u201d : le d\u00e9vouement du personnel est le joyau de la couronne de l&#039;h\u00f4tel.<\/li><\/ul><p><strong>T\u00e9moignages clients : Histoires vraies de s\u00e9jours r\u00e9els<\/strong><\/p><blockquote><p><em>\u201c Nous avions initialement r\u00e9serv\u00e9 cet h\u00f4tel avec des attentes modestes\u2026 Cependant, notre exp\u00e9rience a largement d\u00e9pass\u00e9 nos attentes. \u201d<\/em> \u2014 Identifiant YouTube\u00a0: @Longmeetsworld, novembre 2025<\/p><p><em>\u201c J&#039;ai pass\u00e9 un agr\u00e9able s\u00e9jour et le petit-d\u00e9jeuner \u00e9tait bien vari\u00e9. Je sugg\u00e8re toutefois de proposer des oreillers de meilleure qualit\u00e9. \u201d<\/em> \u2014 Utilisateur invit\u00e9, novembre 2025 <em>(Remarque : m\u00eame les commentaires constructifs paraissent mineurs compar\u00e9s \u00e0 l&#039;enthousiasme g\u00e9n\u00e9ral.)<\/em><\/p><p><em>\u201c Id\u00e9al pour les familles avec enfants. Il y a une aire de jeux pour enfants au 10e \u00e9tage. J&#039;ai ador\u00e9 le petit-d\u00e9jeuner Xiao mi Zhou. \u201d<\/em> \u2014 Utilisateur invit\u00e9, novembre 2025<\/p><\/blockquote><p><strong>Remarques mineures et r\u00e9ponse de LiCLOUDS\u00a0:<\/strong><\/p><p>M\u00eame la perfection peut \u00eatre am\u00e9lior\u00e9e. Quelques clients ont mentionn\u00e9 souhaiter un meilleur soutien des oreillers ou une meilleure insonorisation. Un commentaire a soulign\u00e9 une exp\u00e9rience d\u00e9cevante lors d&#039;un atelier de fabrication d&#039;\u00e9ventails, o\u00f9 un membre du personnel s&#039;est montr\u00e9 indiff\u00e9rent. Cependant, l&#039;auteur du commentaire a insist\u00e9 sur le fait qu&#039;il s&#039;agissait d&#039;un incident isol\u00e9, largement compens\u00e9 par l&#039;excellent service offert dans le reste de l&#039;h\u00f4tel. Cette transparence t\u00e9moigne de l&#039;engagement de LiCLOUDS \u00e0 \u00eatre \u00e0 l&#039;\u00e9coute et \u00e0 s&#039;am\u00e9liorer, des qualit\u00e9s qui fid\u00e9lisent la client\u00e8le.<\/p><p><strong>R\u00e9servez d\u00e8s aujourd&#039;hui votre s\u00e9jour id\u00e9al !<\/strong><\/p><p>Que vous soyez un voyageur solitaire en qu\u00eate de s\u00e9r\u00e9nit\u00e9, un couple en qu\u00eate de romantisme avec vue sur la colline du Trompe d&#039;\u00c9l\u00e9phant, ou une famille d\u00e9sireuse de divertissement et de confort, l&#039;h\u00f4tel LiCLOUDS saura vous s\u00e9duire. Son alliance de technologies modernes, son emplacement exceptionnel, ses \u00e9quipements adapt\u00e9s aux familles et, surtout, son service attentionn\u00e9 en font bien plus qu&#039;un simple lieu d&#039;h\u00e9bergement\u00a0: c&#039;est le c\u0153ur de votre aventure \u00e0 Guilin.<\/p><p>Ne vous fiez pas seulement \u00e0 notre parole. Rejoignez les plus de 5\u00a0434 clients qui ont attribu\u00e9 la note \u201c\u00a0Parfait\u00a0\u201d \u00e0 cet h\u00f4tel et d\u00e9couvrez pourquoi l\u2019h\u00f4tel LiCLOUDS est le choix num\u00e9ro 1 pour les voyageurs en qu\u00eate d\u2019une exp\u00e9rience cinq \u00e9toiles inoubliable au c\u0153ur de Guilin.<\/p>\t\t\t\t\t\t\t\t<\/div>\n\t\t\t\t\t<\/div>\n\t\t\t\t<\/div>\n\t\t\t\t<section class=\"elementor-section elementor-top-section elementor-element elementor-element-1030cf2d elementor-section-stretched elementor-section-boxed elementor-section-gap-beside-yes elementor-section-height-default elementor-section-height-default elementor-section-column-vertical-align-stretch\" data-id=\"1030cf2d\" data-element_type=\"section\" data-e-type=\"section\" data-settings=\"{&quot;background_background&quot;:&quot;classic&quot;,&quot;stretch_section&quot;:&quot;section-stretched&quot;}\">\n\t\t\t\t\t\t<div class=\"elementor-container elementor-column-gap-extended\">\n\t\t\t\t\t<div class=\"elementor-column elementor-col-100 elementor-top-column elementor-element elementor-element-6f298d93\" data-id=\"6f298d93\" data-element_type=\"column\" data-e-type=\"column\">\n\t\t\t<div class=\"elementor-widget-wrap elementor-element-populated\">\n\t\t\t\t\t\t<div class=\"elementor-element elementor-element-3040082a elementor-widget elementor-widget-nuss-heading\" data-id=\"3040082a\" data-element_type=\"widget\" data-e-type=\"widget\" data-widget_type=\"nuss-heading.default\">\n\t\t\t\t<div class=\"elementor-widget-container\">\n\t\t\t\t\t\t\t<div class=\"nuss-modern-heading\">\r\n\t\t\t\t\t\t<div class=\"heading-secondary-wrap\">\r\n\t\t\t\t<h3 class=\"heading-secondary elementor-heading-title\">Ch\u00e8que disponible <\/h3>\t\t\t<\/div>\r\n\t\t\r\n\t\t\t\r\n\t\t\t\r\n\t\t\t\t\t<\/div>\r\n\t\t\t\t\t<\/div>\n\t\t\t\t<\/div>\n\t\t\t\t<div class=\"elementor-element elementor-element-66b7aaaa elementor-widget elementor-widget-text-editor\" data-id=\"66b7aaaa\" data-element_type=\"widget\" data-e-type=\"widget\" data-widget_type=\"text-editor.default\">\n\t\t\t\t\t\t\t\t\t<iframe border=\"0\" src=\"https:\/\/www.trip.com\/partners\/ad\/S7313476?Allianceid=4590391&#038;SID=277435859&#038;trip_sub1=\" style=\"width:1200px;height:150px\" frameborder=\"0\" scrolling=\"no\" id=\"S7313476\"><\/iframe>\t\t\t\t\t\t\t\t<\/div>\n\t\t\t\t\t<\/div>\n\t\t<\/div>\n\t\t\t\t\t<\/div>\n\t\t<\/section>\n\t\t\t\t<\/div>","protected":false},"excerpt":{"rendered":"<p>LiCLOUDS HOTEL (Guilin Two Rivers and Four Lakes Xiangshan Park): Where 5,434+ Guests Say \u201cPerfect\u201d \u2013 Real Reviews, Real Experiences \u00a0 Forget generic hotel reviews. At LiCLOUDS HOTEL (Guilin Two Rivers and Four Lakes Xiangshan Park), the guest experience isn\u2019t just rated\u2014it\u2019s celebrated. With a staggering 9.8\/10 rating from over 5,434 verified reviews on Trip.com\u2014and [&hellip;]<\/p>\n","protected":false},"author":1,"featured_media":0,"parent":0,"menu_order":0,"comment_status":"closed","ping_status":"closed","template":"","meta":{"footnotes":""},"class_list":["post-2106","page","type-page","status-publish","hentry","post-no-thumbnail"],"_links":{"self":[{"href":"https:\/\/licloudshotel.com\/fr\/wp-json\/wp\/v2\/pages\/2106","targetHints":{"allow":["GET"]}}],"collection":[{"href":"https:\/\/licloudshotel.com\/fr\/wp-json\/wp\/v2\/pages"}],"about":[{"href":"https:\/\/licloudshotel.com\/fr\/wp-json\/wp\/v2\/types\/page"}],"author":[{"embeddable":true,"href":"https:\/\/licloudshotel.com\/fr\/wp-json\/wp\/v2\/users\/1"}],"replies":[{"embeddable":true,"href":"https:\/\/licloudshotel.com\/fr\/wp-json\/wp\/v2\/comments?post=2106"}],"version-history":[{"count":0,"href":"https:\/\/licloudshotel.com\/fr\/wp-json\/wp\/v2\/pages\/2106\/revisions"}],"wp:attachment":[{"href":"https:\/\/licloudshotel.com\/fr\/wp-json\/wp\/v2\/media?parent=2106"}],"curies":[{"name":"wp","href":"https:\/\/api.w.org\/{rel}","templated":true}]}}