{"id":647,"date":"2021-03-29T02:13:52","date_gmt":"2021-03-29T02:13:52","guid":{"rendered":"http:\/\/localhost\/nuss\/?page_id=647"},"modified":"2025-11-24T15:54:43","modified_gmt":"2025-11-24T15:54:43","slug":"servicios","status":"publish","type":"page","link":"https:\/\/licloudshotel.com\/es\/servicios\/","title":{"rendered":"Servicios"},"content":{"rendered":"<div data-elementor-type=\"wp-page\" data-elementor-id=\"647\" class=\"elementor elementor-647\">\n\t\t\t\t\t\t<section class=\"elementor-section elementor-top-section elementor-element elementor-element-3353bc8 elementor-section-boxed elementor-section-gap-beside-yes elementor-section-height-default elementor-section-height-default elementor-section-column-vertical-align-stretch\" data-id=\"3353bc8\" data-element_type=\"section\" data-e-type=\"section\">\n\t\t\t\t\t\t<div class=\"elementor-container elementor-column-gap-extended\">\n\t\t\t\t\t<div class=\"elementor-column elementor-col-100 elementor-top-column elementor-element elementor-element-0a2bc64\" data-id=\"0a2bc64\" data-element_type=\"column\" data-e-type=\"column\">\n\t\t\t<div class=\"elementor-widget-wrap elementor-element-populated\">\n\t\t\t\t\t\t<div class=\"elementor-element elementor-element-447e3ef elementor-widget__width-initial elementor-invisible elementor-widget elementor-widget-text-editor\" data-id=\"447e3ef\" data-element_type=\"widget\" data-e-type=\"widget\" data-settings=\"{&quot;_animation&quot;:&quot;nussFadeInUp&quot;}\" data-widget_type=\"text-editor.default\">\n\t\t\t\t\t\t\t\t\t<div class=\"svelte-1c06zsf\" data-lang-code=\"\"><p><strong data-spm-anchor-id=\"a2ty_o01.29997173.0.i0.2caa5171R5ucuY\">LiCLOUDS HOTEL (Guilin, Parque Xiangshan de los Dos R\u00edos y los Cuatro Lagos): Donde cada servicio es una promesa cumplida. Experimente el arte de la hospitalidad sin esfuerzo.<\/strong><\/p><\/div>\t\t\t\t\t\t\t\t<\/div>\n\t\t\t\t\t<\/div>\n\t\t<\/div>\n\t\t\t\t\t<\/div>\n\t\t<\/section>\n\t\t<div class=\"elementor-element elementor-element-76953f7 e-flex e-con-boxed e-con e-parent\" data-id=\"76953f7\" data-element_type=\"container\" data-e-type=\"container\">\n\t\t\t\t\t<div class=\"e-con-inner\">\n\t\t\t\t<div class=\"elementor-element elementor-element-2f32cd6 elementor-widget elementor-widget-text-editor\" data-id=\"2f32cd6\" data-element_type=\"widget\" data-e-type=\"widget\" data-widget_type=\"text-editor.default\">\n\t\t\t\t\t\t\t\t\t<p>En LiCLOUDS HOTEL, no solo ofrecemos servicios, sino que tambi\u00e9n creamos experiencias. Ubicado en el n.\u00b0 2 de Zhongshan Middle Road, en el vibrante distrito de Xiangshan de Guilin, nuestro hotel es m\u00e1s que un lugar para descansar; es un santuario donde cada necesidad, grande o peque\u00f1a, se anticipa y satisface con genuina calidez, tecnolog\u00eda inteligente y profesionalismo inquebrantable. Renovado en 2024 y con una calificaci\u00f3n consistente. <strong>9.8\/10 por el servicio<\/strong> Con m\u00e1s de 5.434 invitados en Trip.com, hemos redefinido lo que significa \u201chospitalidad\u201d en el coraz\u00f3n de una de las ciudades m\u00e1s po\u00e9ticas de China.<\/p><p>Nuestra filosof\u00eda es simple: su viaje debe ser perfecto desde el momento de la reserva hasta la salida. Ya sea que viaje solo buscando tranquilidad, una familia creando recuerdos para toda la vida o un profesional que busca un lugar productivo, nuestro equipo e instalaciones est\u00e1n dise\u00f1ados para que su estancia pase de lo com\u00fan a lo extraordinario.<\/p><div class=\"py-2 my-3\"><hr \/><\/div><h3><strong>El coraz\u00f3n de nuestro servicio: personas que se preocupan<\/strong><\/h3><p>Lo que realmente distingue a LiCLOUDS no son solo nuestras comodidades, sino tambi\u00e9n nuestra gente. Los hu\u00e9spedes describen repetidamente a nuestro personal como &quot;excepcional&quot;, &quot;amable y servicial&quot; e incluso &quot;como tener un mayordomo personal&quot;. Esto no es casualidad; es una cultura.<\/p><ul dir=\"auto\"><li><strong>Conserjer\u00eda personalizada 24\/7:<\/strong> Nuestra recepci\u00f3n est\u00e1 disponible las 24 horas, lista para ayudarte con cualquier cosa, desde reservar un taxi a altas horas de la noche hasta reservar un restaurante de \u00faltima hora. Muchos hu\u00e9spedes comentan que el personal los agrega proactivamente a WeChat para recibir asistencia en tiempo real, ofreciendo consejos locales, indicaciones e incluso ayud\u00e1ndolos con sus recados.<\/li><li><strong>Equipo de habla inglesa:<\/strong> Para garantizar que los viajeros internacionales se sientan como en casa, empleamos <strong>Personal que habla ingl\u00e9s<\/strong> que puede guiarlo a trav\u00e9s de su estad\u00eda, responder preguntas sobre atracciones locales como Elephant Trunk Hill o Two Rivers and Four Lakes, y hacer que su experiencia sea realmente c\u00f3moda.<\/li><li><strong>Apoyo centrado en la familia:<\/strong> \u00bfViaja con ni\u00f1os? Nuestro equipo se esfuerza al m\u00e1ximo. Desde ayudarle a navegar por el club infantil hasta asegurarse de que su habitaci\u00f3n tem\u00e1tica familiar est\u00e9 perfectamente equipada con juguetes esterilizados con rayos UV y batas de ba\u00f1o, entendemos que la felicidad de los padres empieza con la de los ni\u00f1os.<\/li><li><strong>Redenci\u00f3n y recuperaci\u00f3n:<\/strong> Incluso cuando las cosas no salen a la perfecci\u00f3n, como coment\u00f3 un invitado durante una tradicional actividad de fabricaci\u00f3n de abanicos, nuestro personal interviene para solucionarlo. Un joven caballero fue reconocido por su &quot;servicio ejemplar&quot;, ayud\u00e1ndolo con todo, desde mover cajas fuertes hasta compartir recomendaciones gastron\u00f3micas exclusivas. En LiCLOUDS, creemos en convertir los desaf\u00edos en oportunidades para impresionar.<\/li><\/ul><div class=\"py-2 my-3\"><hr \/><\/div><h3><strong>Servicios inteligentes, sin complicaciones y sin estr\u00e9s<\/strong><\/h3><p>Combinamos tecnolog\u00eda de vanguardia con un dise\u00f1o cuidado para garantizar que su estad\u00eda no solo sea c\u00f3moda, sino tambi\u00e9n conveniente y sin esfuerzo.<\/p><ul dir=\"auto\"><li><strong>Habitaciones inteligentes Xiao Du:<\/strong> Cada habitaci\u00f3n cuenta con <strong>Control inteligente de toda la casa mediante el comando de voz Xiao Du<\/strong>. Ajusta la iluminaci\u00f3n, la temperatura o el entretenimiento sin mover un dedo. Un lujo que escucha.<\/li><li><strong>Robots de servicio:<\/strong> Para mayor comodidad, nuestro <strong>robots de servicio<\/strong> Ofrezca comodidades a su habitaci\u00f3n, minimizando las interrupciones y maximizando la eficiencia: perfecto para quienes valoran la privacidad o est\u00e1n ocupados trabajando.<\/li><li><strong>Wi-Fi de alta velocidad gratuito:<\/strong> Mant\u00e9ngase conectado dondequiera que est\u00e9. Disponemos de wifi gratuito de alta velocidad en todas las habitaciones y \u00e1reas p\u00fablicas, lo que le garantiza trabajar, ver contenido en streaming o compartir sus aventuras en Guilin sin problemas.<\/li><li><strong>Estacionamiento gratuito y consigna de equipaje:<\/strong> \u00bfLlegas en coche? \u00a1Disfr\u00fatalo! <strong>aparcamiento privado gratuito<\/strong> En el lugar (plazas limitadas, no se necesita reserva). \u00bfNecesitas explorar antes de tu llegada o despu\u00e9s de tu salida? <strong>almacenamiento de equipaje gratuito<\/strong> Te permite recorrer la ciudad sin preocupaciones.<\/li><\/ul><div class=\"py-2 my-3\"><hr \/><\/div><h3><strong>Para el viajero de negocios: la productividad se une a las vistas panor\u00e1micas<\/strong><\/h3><p>LiCLOUDS HOTEL es un centro estrat\u00e9gico para profesionales. Ubicado a solo <strong>A 1,3 km de la estaci\u00f3n de tren de Guilin<\/strong> y <strong>A 28 km del Aeropuerto Internacional de Liangjiang<\/strong>, La log\u00edstica es sencilla.<\/p><ul dir=\"auto\"><li><strong>Espacios de trabajo dedicados:<\/strong> Elige entre <strong>espacios de coworking<\/strong> y un <strong>piso ejecutivo<\/strong> Dise\u00f1ado para concentrarse, equipado con asientos ergon\u00f3micos, tomas de corriente y comodidades premium.<\/li><li><strong>Instalaciones para reuniones y eventos:<\/strong> Organice reuniones o talleres en nuestro vers\u00e1til <strong>salas de conferencias<\/strong> y <strong>salas multifunci\u00f3n<\/strong>, Equipado con sistemas audiovisuales de \u00faltima generaci\u00f3n. Servicios de secretar\u00eda, fax\/fotocopias y correo postal disponibles previa solicitud.<\/li><li><strong>Check-In\/Out flexible:<\/strong> Ahorre tiempo con <strong>check-in\/check-out expr\u00e9s<\/strong> y <strong>Servicio de check-in VIP<\/strong>, garantizando que su viaje de negocios comience y termine sin problemas.<\/li><\/ul><div class=\"py-2 my-3\"><hr \/><\/div><h3><strong>Para\u00edso familiar: donde los ni\u00f1os juegan y los padres se relajan<\/strong><\/h3><p>Hemos transformado los viajes familiares en pura alegr\u00eda. Nuestro parque infantil en el d\u00e9cimo piso es un para\u00edso para los peque\u00f1os aventureros.<\/p><ul dir=\"auto\"><li><strong>Club infantil y \u00e1rea de juegos:<\/strong> Deja que tus hijos liberen su energ\u00eda en el <strong>tobog\u00e1n de bolas oce\u00e1nicas<\/strong>, chapotear en el <strong>piscina infantil<\/strong>, o disfrutar de actividades supervisadas en el <strong>club infantil<\/strong>.<\/li><li><strong>Habitaciones tem\u00e1ticas familiares:<\/strong> Dise\u00f1adas para la comodidad y la diversi\u00f3n, estas espaciosas habitaciones cuentan con \u00e1reas de juegos dedicadas, esterilizaci\u00f3n UV LED para juguetes y carpas para ni\u00f1os, todo para que su estad\u00eda est\u00e9 libre de estr\u00e9s.<\/li><li><strong>Detalles aptos para ni\u00f1os:<\/strong> De <strong>Albornoces y zapatillas para ni\u00f1os<\/strong> a <strong>Juguetes esterilizados con rayos UV<\/strong> y <strong>libros y v\u00eddeos<\/strong>, Hemos pensado en todo para mantener a tus peque\u00f1os felices y seguros.<\/li><\/ul><div class=\"py-2 my-3\"><hr \/><\/div><h3><strong>Bienestar y recreaci\u00f3n: Recupere energ\u00edas en medio de la belleza natural<\/strong><\/h3><p>Despu\u00e9s de un d\u00eda explorando las maravillas k\u00e1rsticas de Guilin, rel\u00e1jese con estilo.<\/p><ul dir=\"auto\"><li><strong>Dos piscinas al aire libre gratuitas:<\/strong> Sum\u00e9rgete en la relajaci\u00f3n en nuestro <strong>Dos piscinas al aire libre gratuitas<\/strong>, incluyendo una impresionante <strong>piscina infinita en la azotea<\/strong> Ofrece vistas panor\u00e1micas del ic\u00f3nico paisaje de Guilin. Rel\u00e1jese bajo las sombrillas o disfrute de una bebida en el <strong>restaurante junto a la piscina<\/strong>.<\/li><li><strong>Gimnasio gratuito:<\/strong> Mant\u00e9ngase activo con nuestro gimnasio de cortes\u00eda, equipado para los hu\u00e9spedes que deseen mantener su rutina.<\/li><li><strong>Biblioteca y sal\u00f3n de t\u00e9:<\/strong> Encuentra momentos tranquilos en nuestro <strong>biblioteca<\/strong> o disfrute de una relajante taza de t\u00e9 en nuestro <strong>sal\u00f3n de t\u00e9<\/strong>\u2014Perfecto para leer, reflexionar o simplemente disfrutar del ambiente sereno.<\/li><\/ul><div class=\"py-2 my-3\"><hr \/><\/div><h3><strong>Cada detalle considerado: desde el transporte hasta la tranquilidad<\/strong><\/h3><p>Entendemos que las mejores vacaciones son aquellas en las que no tienes que pensar en la log\u00edstica.<\/p><ul dir=\"auto\"><li><strong>Traslados prioritarios al aeropuerto:<\/strong> Por una tarifa, organice <strong>Recogida y regreso prioritarios al aeropuerto<\/strong> para garantizar una llegada o salida sin problemas.<\/li><li><strong>Reserva de taxis y alquiler de coches:<\/strong> \u00bfNecesita explorar m\u00e1s all\u00e1 de las distancias que se pueden recorrer a pie? Nuestro conserje puede ayudarle a reservar taxis o coches de alquiler.<\/li><li><strong>Asistencia con equipaje:<\/strong> Nuestro <strong>servicio de botones<\/strong> garantiza que su equipaje sea manejado con cuidado, ya sea que llegue o salga.<\/li><li><strong>Seguridad y protecci\u00f3n:<\/strong> Descanse tranquilo sabiendo que priorizamos su bienestar con <strong>Personal de seguridad las 24 horas<\/strong>, <strong>CCTV en \u00e1reas p\u00fablicas<\/strong>, <strong>sistemas de entrada con tarjeta de acceso<\/strong>, y <strong>botiquines de primeros auxilios<\/strong> F\u00e1cilmente disponible.<\/li><\/ul><div class=\"py-2 my-3\"><hr \/><\/div><h3><strong>Un compromiso con la excelencia que dice mucho<\/strong><\/h3><p>Nuestro <strong>Calificaci\u00f3n de servicio de 9.8\/10<\/strong> No es solo un n\u00famero, es un testimonio de nuestra dedicaci\u00f3n. Los hu\u00e9spedes elogian constantemente nuestra limpieza, ubicaci\u00f3n y comodidades para familias, pero es el servicio lo que deja la mayor impresi\u00f3n. Como dijo un usuario: \u201cEl nivel de servicio fue excepcional... parec\u00eda un servicio de mayordomo personal\u201d.\u201d<\/p><p>En LiCLOUDS HOTEL, no solo cumplimos expectativas, sino que las superamos. Le invitamos a disfrutar de una hospitalidad que le har\u00e1 sentirse como en casa, tecnolog\u00eda que le simplifica la vida y un equipo que se preocupa de verdad por hacer que su estancia sea inolvidable. Ya sea que est\u00e9 aqu\u00ed por negocios, familia o placer, perm\u00edtanos encargarnos de los detalles para que usted pueda centrarse en lo que m\u00e1s importa: crear recuerdos en la impresionante belleza de Guilin.<\/p><p data-spm-anchor-id=\"a2ty_o01.29997173.0.i3.2caa5171R5ucuY\">Reserve su estad\u00eda hoy y descubra por qu\u00e9 miles de viajeros llaman a LiCLOUDS HOTEL \u201cla combinaci\u00f3n perfecta de naturaleza, lujo y hospitalidad genuina\u201d.\u201d<\/p>\t\t\t\t\t\t\t\t<\/div>\n\t\t\t\t\t<\/div>\n\t\t\t\t<\/div>\n\t\t\t\t<section class=\"elementor-section elementor-top-section elementor-element elementor-element-7bee917d elementor-section-stretched elementor-section-boxed elementor-section-gap-beside-yes elementor-section-height-default elementor-section-height-default elementor-section-column-vertical-align-stretch\" data-id=\"7bee917d\" data-element_type=\"section\" data-e-type=\"section\" data-settings=\"{&quot;background_background&quot;:&quot;classic&quot;,&quot;stretch_section&quot;:&quot;section-stretched&quot;}\">\n\t\t\t\t\t\t<div class=\"elementor-container elementor-column-gap-extended\">\n\t\t\t\t\t<div class=\"elementor-column elementor-col-100 elementor-top-column elementor-element elementor-element-76689501\" data-id=\"76689501\" data-element_type=\"column\" data-e-type=\"column\">\n\t\t\t<div class=\"elementor-widget-wrap elementor-element-populated\">\n\t\t\t\t\t\t<div class=\"elementor-element elementor-element-1ab611ab elementor-widget elementor-widget-nuss-heading\" data-id=\"1ab611ab\" data-element_type=\"widget\" data-e-type=\"widget\" data-widget_type=\"nuss-heading.default\">\n\t\t\t\t<div class=\"elementor-widget-container\">\n\t\t\t\t\t\t\t<div class=\"nuss-modern-heading\">\r\n\t\t\t\t\t\t<div class=\"heading-secondary-wrap\">\r\n\t\t\t\t<h3 class=\"heading-secondary elementor-heading-title\">Consultar disponibilidad <\/h3>\t\t\t<\/div>\r\n\t\t\r\n\t\t\t\r\n\t\t\t\r\n\t\t\t\t\t<\/div>\r\n\t\t\t\t\t<\/div>\n\t\t\t\t<\/div>\n\t\t\t\t<div class=\"elementor-element elementor-element-766ee7c elementor-widget elementor-widget-text-editor\" data-id=\"766ee7c\" data-element_type=\"widget\" data-e-type=\"widget\" data-widget_type=\"text-editor.default\">\n\t\t\t\t\t\t\t\t\t<iframe border=\"0\" src=\"https:\/\/www.trip.com\/partners\/ad\/S7313476?Allianceid=4590391&#038;SID=277435859&#038;trip_sub1=\" style=\"width:1200px;height:150px\" frameborder=\"0\" scrolling=\"no\" id=\"S7313476\"><\/iframe>\t\t\t\t\t\t\t\t<\/div>\n\t\t\t\t\t<\/div>\n\t\t<\/div>\n\t\t\t\t\t<\/div>\n\t\t<\/section>\n\t\t\t\t<\/div>","protected":false},"excerpt":{"rendered":"<p>LiCLOUDS HOTEL (Guilin Two Rivers and Four Lakes Xiangshan Park): Where Every Service is a Promise Kept \u2013 Experience the Art of Effortless Hospitality At LiCLOUDS HOTEL, we don\u2019t just offer services\u2014we curate experiences. Nestled at No. 2 Zhongshan Middle Road in Guilin\u2019s vibrant Xiangshan District, our hotel is more than a place to rest; [&hellip;]<\/p>\n","protected":false},"author":1,"featured_media":0,"parent":0,"menu_order":0,"comment_status":"closed","ping_status":"closed","template":"","meta":{"footnotes":""},"class_list":["post-647","page","type-page","status-publish","hentry","post-no-thumbnail"],"_links":{"self":[{"href":"https:\/\/licloudshotel.com\/es\/wp-json\/wp\/v2\/pages\/647","targetHints":{"allow":["GET"]}}],"collection":[{"href":"https:\/\/licloudshotel.com\/es\/wp-json\/wp\/v2\/pages"}],"about":[{"href":"https:\/\/licloudshotel.com\/es\/wp-json\/wp\/v2\/types\/page"}],"author":[{"embeddable":true,"href":"https:\/\/licloudshotel.com\/es\/wp-json\/wp\/v2\/users\/1"}],"replies":[{"embeddable":true,"href":"https:\/\/licloudshotel.com\/es\/wp-json\/wp\/v2\/comments?post=647"}],"version-history":[{"count":0,"href":"https:\/\/licloudshotel.com\/es\/wp-json\/wp\/v2\/pages\/647\/revisions"}],"wp:attachment":[{"href":"https:\/\/licloudshotel.com\/es\/wp-json\/wp\/v2\/media?parent=647"}],"curies":[{"name":"wp","href":"https:\/\/api.w.org\/{rel}","templated":true}]}}