{"id":5266,"date":"2021-07-18T08:03:35","date_gmt":"2021-07-18T08:03:35","guid":{"rendered":"https:\/\/nuss.uxper.co\/luxury-resort\/?page_id=5266"},"modified":"2025-11-24T13:36:40","modified_gmt":"2025-11-24T13:36:40","slug":"sobre-nosotros","status":"publish","type":"page","link":"https:\/\/licloudshotel.com\/es\/sobre-nosotros\/","title":{"rendered":"Sobre nosotros"},"content":{"rendered":"<div data-elementor-type=\"wp-page\" data-elementor-id=\"5266\" class=\"elementor elementor-5266\">\n\t\t\t\t\t\t<section class=\"elementor-section elementor-top-section elementor-element elementor-element-10416953 elementor-section-boxed elementor-section-gap-beside-yes elementor-section-height-default elementor-section-height-default elementor-section-column-vertical-align-stretch\" data-id=\"10416953\" data-element_type=\"section\" data-e-type=\"section\">\n\t\t\t\t\t\t<div class=\"elementor-container elementor-column-gap-extended\">\n\t\t\t\t\t<div class=\"elementor-column elementor-col-100 elementor-top-column elementor-element elementor-element-29c6aa8\" data-id=\"29c6aa8\" data-element_type=\"column\" data-e-type=\"column\">\n\t\t\t<div class=\"elementor-widget-wrap elementor-element-populated\">\n\t\t\t\t\t\t<div class=\"elementor-element elementor-element-7be18fe7 elementor-widget__width-initial elementor-invisible elementor-widget elementor-widget-text-editor\" data-id=\"7be18fe7\" data-element_type=\"widget\" data-e-type=\"widget\" data-settings=\"{&quot;_animation&quot;:&quot;nussFadeInUp&quot;}\" data-widget_type=\"text-editor.default\">\n\t\t\t\t\t\t\t\t\t<div class=\"svelte-1c06zsf\" data-lang-code=\"\"><p><strong data-spm-anchor-id=\"a2ty_o01.29997173.0.i18.2caac921Ka36hT\">LiCLOUDS HOTEL (Guilin Two Rivers and Four Lakes Xiangshan Park): su escapada elegante, pintoresca y familiar en el coraz\u00f3n de Guilin<\/strong><\/p><\/div>\t\t\t\t\t\t\t\t<\/div>\n\t\t\t\t\t<\/div>\n\t\t<\/div>\n\t\t\t\t\t<\/div>\n\t\t<\/section>\n\t\t\t\t<section class=\"elementor-section elementor-top-section elementor-element elementor-element-7d18327f elementor-section-boxed elementor-section-gap-beside-yes elementor-section-height-default elementor-section-height-default elementor-section-column-vertical-align-stretch\" data-id=\"7d18327f\" data-element_type=\"section\" data-e-type=\"section\">\n\t\t\t\t\t\t<div class=\"elementor-container elementor-column-gap-extended\">\n\t\t\t\t\t<div class=\"elementor-column elementor-col-50 elementor-top-column elementor-element elementor-element-56533670\" data-id=\"56533670\" data-element_type=\"column\" data-e-type=\"column\">\n\t\t\t<div class=\"elementor-widget-wrap elementor-element-populated\">\n\t\t\t\t\t\t<div class=\"elementor-element elementor-element-19c3f543 elementor-drop-cap-yes elementor-drop-cap-view-default elementor-invisible elementor-widget elementor-widget-text-editor\" data-id=\"19c3f543\" data-element_type=\"widget\" data-e-type=\"widget\" data-settings=\"{&quot;_animation&quot;:&quot;nussFadeInUp&quot;,&quot;drop_cap&quot;:&quot;yes&quot;}\" data-widget_type=\"text-editor.default\">\n\t\t\t\t\t\t\t\t\t<p>Ubicado en el n\u00famero 2 de Zhongshan Middle Road en el vibrante distrito Xiangshan de Guilin, <strong>HOTEL LiCLOUDS (Parque Xiangshan de los Dos R\u00edos y los Cuatro Lagos de Guilin)<\/strong> No es solo un lugar para dormir, sino tu puerta de entrada para descubrir el alma de una de las ciudades m\u00e1s impresionantes de China. Recientemente renovado en 2024, este moderno hotel de 4 estrellas ofrece a los viajeros una inolvidable fusi\u00f3n de confort de vanguardia, belleza natural panor\u00e1mica y un servicio atento y personalizado, lo que lo convierte en la opci\u00f3n ideal para familias, parejas y aventureros que buscan la base perfecta en Guilin.<\/p>\t\t\t\t\t\t\t\t<\/div>\n\t\t\t\t\t<\/div>\n\t\t<\/div>\n\t\t\t\t<div class=\"elementor-column elementor-col-50 elementor-top-column elementor-element elementor-element-30f14127\" data-id=\"30f14127\" data-element_type=\"column\" data-e-type=\"column\">\n\t\t\t<div class=\"elementor-widget-wrap elementor-element-populated\">\n\t\t\t\t\t\t<div class=\"elementor-element elementor-element-59aea08 elementor-widget elementor-widget-image\" data-id=\"59aea08\" data-element_type=\"widget\" data-e-type=\"widget\" data-widget_type=\"image.default\">\n\t\t\t\t\t\t\t\t\t\t\t\t\t\t\t<img fetchpriority=\"high\" decoding=\"async\" width=\"1024\" height=\"655\" src=\"https:\/\/licloudshotel.com\/wp-content\/uploads\/2025\/11\/home-1024x655.jpg\" class=\"attachment-large size-large wp-image-7301\" alt=\"\" srcset=\"https:\/\/licloudshotel.com\/wp-content\/uploads\/2025\/11\/home-1024x655.jpg 1024w, https:\/\/licloudshotel.com\/wp-content\/uploads\/2025\/11\/home-300x192.jpg 300w, https:\/\/licloudshotel.com\/wp-content\/uploads\/2025\/11\/home-768x491.jpg 768w, https:\/\/licloudshotel.com\/wp-content\/uploads\/2025\/11\/home-1536x982.jpg 1536w, https:\/\/licloudshotel.com\/wp-content\/uploads\/2025\/11\/home-2048x1310.jpg 2048w, https:\/\/licloudshotel.com\/wp-content\/uploads\/2025\/11\/home-18x12.jpg 18w\" sizes=\"(max-width: 1024px) 100vw, 1024px\" \/>\t\t\t\t\t\t\t\t\t\t\t\t\t\t\t<\/div>\n\t\t\t\t\t<\/div>\n\t\t<\/div>\n\t\t\t\t\t<\/div>\n\t\t<\/section>\n\t\t\t\t<section class=\"elementor-section elementor-top-section elementor-element elementor-element-29fb8578 elementor-section-height-min-height elementor-section-stretched elementor-section-full_width elementor-section-items-stretch elementor-section-height-default elementor-section-column-vertical-align-stretch\" data-id=\"29fb8578\" data-element_type=\"section\" data-e-type=\"section\" data-settings=\"{&quot;stretch_section&quot;:&quot;section-stretched&quot;}\">\n\t\t\t\t\t\t<div class=\"elementor-container elementor-column-gap-no\">\n\t\t\t\t\t<div class=\"elementor-column elementor-col-50 elementor-top-column elementor-element elementor-element-40ac270b\" data-id=\"40ac270b\" data-element_type=\"column\" data-e-type=\"column\">\n\t\t\t<div class=\"elementor-widget-wrap elementor-element-populated\">\n\t\t\t\t\t\t<div class=\"elementor-element elementor-element-20872773 elementor-widget__width-initial elementor-widget-mobile__width-inherit elementor-invisible nuss-elementor-loading nuss-slide-in-right elementor-widget elementor-widget-image\" data-id=\"20872773\" data-element_type=\"widget\" data-e-type=\"widget\" data-settings=\"{&quot;_animation&quot;:&quot;nussSlideInRight&quot;}\" data-widget_type=\"image.default\">\n\t\t\t\t\t\t\t\t\t\t\t\t\t\t\t<img decoding=\"async\" width=\"1139\" height=\"853\" src=\"https:\/\/licloudshotel.com\/wp-content\/uploads\/2025\/11\/LiCLOUDS-HOTEL-99.webp\" class=\"attachment-full size-full wp-image-7236\" alt=\"\" srcset=\"https:\/\/licloudshotel.com\/wp-content\/uploads\/2025\/11\/LiCLOUDS-HOTEL-99.webp 1139w, https:\/\/licloudshotel.com\/wp-content\/uploads\/2025\/11\/LiCLOUDS-HOTEL-99-300x225.webp 300w, https:\/\/licloudshotel.com\/wp-content\/uploads\/2025\/11\/LiCLOUDS-HOTEL-99-1024x767.webp 1024w, https:\/\/licloudshotel.com\/wp-content\/uploads\/2025\/11\/LiCLOUDS-HOTEL-99-768x575.webp 768w, https:\/\/licloudshotel.com\/wp-content\/uploads\/2025\/11\/LiCLOUDS-HOTEL-99-16x12.webp 16w\" sizes=\"(max-width: 1139px) 100vw, 1139px\" \/>\t\t\t\t\t\t\t\t\t\t\t\t\t\t\t<\/div>\n\t\t\t\t\t<\/div>\n\t\t<\/div>\n\t\t\t\t<div class=\"elementor-column elementor-col-50 elementor-top-column elementor-element elementor-element-2dac103\" data-id=\"2dac103\" data-element_type=\"column\" data-e-type=\"column\">\n\t\t\t<div class=\"elementor-widget-wrap elementor-element-populated\">\n\t\t\t\t\t\t<div class=\"elementor-element elementor-element-6f1b8966 elementor-invisible elementor-widget elementor-widget-text-editor\" data-id=\"6f1b8966\" data-element_type=\"widget\" data-e-type=\"widget\" data-settings=\"{&quot;_animation&quot;:&quot;nussFadeInUp&quot;}\" data-widget_type=\"text-editor.default\">\n\t\t\t\t\t\t\t\t\t<p><strong data-spm-anchor-id=\"a2ty_o01.29997173.0.i21.2caac921Ka36hT\">Por qu\u00e9 LiCLOUDS HOTEL se destaca:<\/strong><\/p><ul dir=\"auto\"><li><strong>Ubicaci\u00f3n inmejorable:<\/strong> Salga y estar\u00e1 a minutos de las brillantes aguas del <strong>Dos r\u00edos y cuatro lagos<\/strong>, con el ic\u00f3nico <strong>Parque Xiangshan<\/strong> y su famosa Colina de la Trompa de Elefante a solo unos pasos. El bullicioso <strong>XiCheng Lu BuXingJie<\/strong> La calle peatonal est\u00e1 a s\u00f3lo 250 metros, mientras que <strong>Estaci\u00f3n de tren de Guilin<\/strong> est\u00e1 a solo 1,3 km a pie, lo que resulta ideal para llegar y salir sin problemas.<\/li><li><strong data-spm-anchor-id=\"a2ty_o01.29997173.0.i20.2caac921Ka36hT\">Impresionantes vistas desde todas las habitaciones:<\/strong> Elija entre habitaciones elegantemente dise\u00f1adas que cuentan con <strong>balcones con vista al r\u00edo en pisos altos<\/strong> o <strong>Suites de ensue\u00f1o con tatami con vistas a Xiangshan<\/strong> Completas con ba\u00f1eras redondas extragrandes con vistas a la colina Trompa de Elefante. Todas las habitaciones est\u00e1n equipadas con <strong>Control inteligente de toda la casa Xiao Du<\/strong> Para una iluminaci\u00f3n, temperatura y entretenimiento sin esfuerzo, todo mediante comando de voz.<\/li><li><strong>Para\u00edso familiar reinventado:<\/strong> \u00bfViajas con ni\u00f1os? LiCLOUDS est\u00e1 dise\u00f1ado para ti. Disfruta de un espacio amplio. <strong>Habitaciones tem\u00e1ticas familiares<\/strong> Con \u00e1reas de juego exclusivas, juguetes esterilizados con rayos UV y carpas infantiles. En el d\u00e9cimo piso, deja que los m\u00e1s peque\u00f1os chapoteen en el <strong>piscina infantil<\/strong>, subir el <strong>tobog\u00e1n de bolas oce\u00e1nicas<\/strong>, o \u00fanete a la <strong>club infantil<\/strong>. Los padres pueden relajarse sabiendo que la seguridad, la higiene y la diversi\u00f3n est\u00e1n perfectamente integradas.<\/li><li><strong>El lujo inteligente se fusiona con la serenidad natural:<\/strong> Rel\u00e1jese en el hotel <strong>dos piscinas al aire libre<\/strong>, incluyendo una impresionante <strong>piscina infinita en la azotea<\/strong> Ofrece vistas panor\u00e1micas del paisaje k\u00e1rstico de Guilin. Rel\u00e1jese bajo las sombrillas de su terraza privada o disfrute de un caf\u00e9 junto a la... <strong>restaurante junto a la piscina<\/strong>. El ambiente sereno complementa perfectamente el paisaje po\u00e9tico de la ciudad.<\/li><li><strong>Un servicio excepcional en el que puede confiar:<\/strong> Con una calificaci\u00f3n de 9.8\/10 por el servicio, LiCLOUDS supera todas las expectativas. Los hu\u00e9spedes lo elogian. <strong>Soporte de conserjer\u00eda de WeChat 24\/7<\/strong>, Personal que habla ingl\u00e9s y atenci\u00f3n personalizada, desde la organizaci\u00f3n de traslados al aeropuerto hasta la selecci\u00f3n de restaurantes locales. Un hu\u00e9sped incluso lo describi\u00f3 como una &quot;experiencia de mayordomo personal&quot;, destacando al personal que ayuda proactivamente con todo, desde una reubicaci\u00f3n segura hasta la planificaci\u00f3n del viaje.<\/li><li><strong>Deliciosos sabores locales y comodidades modernas:<\/strong> Empieza tu d\u00eda con un generoso <strong>desayuno buffet<\/strong> con congee chino fresco (<em>xiao mi zhou<\/em>), dim sum, reposter\u00eda occidental y m\u00e1s, elogiado por su variedad y calidad. El hotel tambi\u00e9n ofrece desayuno gratuito. <strong>estacionamiento privado<\/strong>, a <strong>gimnasia<\/strong>, <strong>biblioteca<\/strong>, e incluso tradicional <strong>actividades de fabricaci\u00f3n de bolsitas<\/strong> (aunque algunos hu\u00e9spedes se\u00f1alan que hay margen de mejora en la facilitaci\u00f3n de actividades).<\/li><\/ul><p>Ya sea que explore el r\u00edo Li, practique senderismo cerca del Pico Belleza Solitaria o simplemente se deje llevar por la serena belleza de los canales de Guilin, LiCLOUDS HOTEL le garantiza una estancia tan c\u00f3moda como memorable. Con su tecnolog\u00eda inteligente, servicios para familias y una ubicaci\u00f3n privilegiada junto a los lugares m\u00e1s emblem\u00e1ticos de la ciudad, no es de extra\u00f1ar que este hotel se encuentre constantemente entre los mejor valorados de Guilin.<\/p><p data-spm-anchor-id=\"a2ty_o01.29997173.0.i22.2caac921Ka36hT\">Reserve su estad\u00eda en LiCLOUDS HOTEL hoy y descubra por qu\u00e9 miles de viajeros lo llaman \u201cla combinaci\u00f3n perfecta de naturaleza, lujo y hospitalidad genuina\u201d en el coraz\u00f3n de Guilin.<\/p>\t\t\t\t\t\t\t\t<\/div>\n\t\t\t\t\t<\/div>\n\t\t<\/div>\n\t\t\t\t\t<\/div>\n\t\t<\/section>\n\t\t\t\t<section class=\"elementor-section elementor-top-section elementor-element elementor-element-2092b7d0 elementor-section-stretched elementor-section-boxed elementor-section-gap-beside-yes elementor-section-height-default elementor-section-height-default elementor-section-column-vertical-align-stretch\" data-id=\"2092b7d0\" data-element_type=\"section\" data-e-type=\"section\" data-settings=\"{&quot;background_background&quot;:&quot;classic&quot;,&quot;stretch_section&quot;:&quot;section-stretched&quot;}\">\n\t\t\t\t\t\t<div class=\"elementor-container elementor-column-gap-extended\">\n\t\t\t\t\t<div class=\"elementor-column elementor-col-100 elementor-top-column elementor-element elementor-element-be69d75\" data-id=\"be69d75\" data-element_type=\"column\" data-e-type=\"column\">\n\t\t\t<div class=\"elementor-widget-wrap elementor-element-populated\">\n\t\t\t\t\t\t<div class=\"elementor-element elementor-element-320c022 elementor-widget elementor-widget-nuss-heading\" data-id=\"320c022\" data-element_type=\"widget\" data-e-type=\"widget\" data-widget_type=\"nuss-heading.default\">\n\t\t\t\t<div class=\"elementor-widget-container\">\n\t\t\t\t\t\t\t<div class=\"nuss-modern-heading\">\r\n\t\t\t\t\t\t<div class=\"heading-secondary-wrap\">\r\n\t\t\t\t<h3 class=\"heading-secondary elementor-heading-title\">Consultar disponibilidad <\/h3>\t\t\t<\/div>\r\n\t\t\r\n\t\t\t\r\n\t\t\t\r\n\t\t\t\t\t<\/div>\r\n\t\t\t\t\t<\/div>\n\t\t\t\t<\/div>\n\t\t\t\t<div class=\"elementor-element elementor-element-fe69a93 elementor-widget elementor-widget-text-editor\" data-id=\"fe69a93\" data-element_type=\"widget\" data-e-type=\"widget\" data-widget_type=\"text-editor.default\">\n\t\t\t\t\t\t\t\t\t<iframe border=\"0\" src=\"https:\/\/www.trip.com\/partners\/ad\/S7313476?Allianceid=4590391&#038;SID=277435859&#038;trip_sub1=\" style=\"width:1200px;height:150px\" frameborder=\"0\" scrolling=\"no\" id=\"S7313476\"><\/iframe>\t\t\t\t\t\t\t\t<\/div>\n\t\t\t\t\t<\/div>\n\t\t<\/div>\n\t\t\t\t\t<\/div>\n\t\t<\/section>\n\t\t\t\t<\/div>","protected":false},"excerpt":{"rendered":"<p>LiCLOUDS HOTEL (Guilin Two Rivers and Four Lakes Xiangshan Park) \u2013 Your Smart, Scenic &amp; Family-Friendly Escape in the Heart of Guilin Nestled at No. 2 Zhongshan Middle Road in Guilin\u2019s vibrant Xiangshan District, LiCLOUDS HOTEL (Guilin Two Rivers and Four Lakes Xiangshan Park) is not just a place to sleep\u2014it\u2019s your gateway to experiencing [&hellip;]<\/p>\n","protected":false},"author":1,"featured_media":0,"parent":0,"menu_order":0,"comment_status":"closed","ping_status":"closed","template":"","meta":{"footnotes":""},"class_list":["post-5266","page","type-page","status-publish","hentry","post-no-thumbnail"],"_links":{"self":[{"href":"https:\/\/licloudshotel.com\/es\/wp-json\/wp\/v2\/pages\/5266","targetHints":{"allow":["GET"]}}],"collection":[{"href":"https:\/\/licloudshotel.com\/es\/wp-json\/wp\/v2\/pages"}],"about":[{"href":"https:\/\/licloudshotel.com\/es\/wp-json\/wp\/v2\/types\/page"}],"author":[{"embeddable":true,"href":"https:\/\/licloudshotel.com\/es\/wp-json\/wp\/v2\/users\/1"}],"replies":[{"embeddable":true,"href":"https:\/\/licloudshotel.com\/es\/wp-json\/wp\/v2\/comments?post=5266"}],"version-history":[{"count":0,"href":"https:\/\/licloudshotel.com\/es\/wp-json\/wp\/v2\/pages\/5266\/revisions"}],"wp:attachment":[{"href":"https:\/\/licloudshotel.com\/es\/wp-json\/wp\/v2\/media?parent=5266"}],"curies":[{"name":"wp","href":"https:\/\/api.w.org\/{rel}","templated":true}]}}