{"id":647,"date":"2021-03-29T02:13:52","date_gmt":"2021-03-29T02:13:52","guid":{"rendered":"http:\/\/localhost\/nuss\/?page_id=647"},"modified":"2025-11-24T15:54:43","modified_gmt":"2025-11-24T15:54:43","slug":"dienstleistungen","status":"publish","type":"page","link":"https:\/\/licloudshotel.com\/de\/dienstleistungen\/","title":{"rendered":"Leistungen"},"content":{"rendered":"<div data-elementor-type=\"wp-page\" data-elementor-id=\"647\" class=\"elementor elementor-647\">\n\t\t\t\t\t\t<section class=\"elementor-section elementor-top-section elementor-element elementor-element-3353bc8 elementor-section-boxed elementor-section-gap-beside-yes elementor-section-height-default elementor-section-height-default elementor-section-column-vertical-align-stretch\" data-id=\"3353bc8\" data-element_type=\"section\" data-e-type=\"section\">\n\t\t\t\t\t\t<div class=\"elementor-container elementor-column-gap-extended\">\n\t\t\t\t\t<div class=\"elementor-column elementor-col-100 elementor-top-column elementor-element elementor-element-0a2bc64\" data-id=\"0a2bc64\" data-element_type=\"column\" data-e-type=\"column\">\n\t\t\t<div class=\"elementor-widget-wrap elementor-element-populated\">\n\t\t\t\t\t\t<div class=\"elementor-element elementor-element-447e3ef elementor-widget__width-initial elementor-invisible elementor-widget elementor-widget-text-editor\" data-id=\"447e3ef\" data-element_type=\"widget\" data-e-type=\"widget\" data-settings=\"{&quot;_animation&quot;:&quot;nussFadeInUp&quot;}\" data-widget_type=\"text-editor.default\">\n\t\t\t\t\t\t\t\t\t<div class=\"svelte-1c06zsf\" data-lang-code=\"\"><p><strong data-spm-anchor-id=\"a2ty_o01.29997173.0.i0.2caa5171R5ucuY\">LiCLOUDS HOTEL (Guilin Zwei Fl\u00fcsse und Vier Seen Xiangshan Park): Wo jeder Service ein gehaltenes Versprechen ist \u2013 Erleben Sie die Kunst m\u00fcheloser Gastfreundschaft<\/strong><\/p><\/div>\t\t\t\t\t\t\t\t<\/div>\n\t\t\t\t\t<\/div>\n\t\t<\/div>\n\t\t\t\t\t<\/div>\n\t\t<\/section>\n\t\t<div class=\"elementor-element elementor-element-76953f7 e-flex e-con-boxed e-con e-parent\" data-id=\"76953f7\" data-element_type=\"container\" data-e-type=\"container\">\n\t\t\t\t\t<div class=\"e-con-inner\">\n\t\t\t\t<div class=\"elementor-element elementor-element-2f32cd6 elementor-widget elementor-widget-text-editor\" data-id=\"2f32cd6\" data-element_type=\"widget\" data-e-type=\"widget\" data-widget_type=\"text-editor.default\">\n\t\t\t\t\t\t\t\t\t<p>Im LiCLOUDS HOTEL bieten wir nicht nur Serviceleistungen \u2013 wir schaffen Erlebnisse. Gelegen in der Zhongshan Middle Road Nr. 2 im pulsierenden Xiangshan-Bezirk von Guilin, ist unser Hotel mehr als nur ein Ort zum Ausruhen; es ist eine Oase der Ruhe, in der jedes Bed\u00fcrfnis, ob gro\u00df oder klein, vorausgesehen und mit herzlicher Gastfreundschaft, intelligenter Technologie und h\u00f6chster Professionalit\u00e4t erf\u00fcllt wird. Das Hotel wurde 2024 renoviert und wird durchgehend mit Bestnoten ausgezeichnet. <strong>9,8\/10 f\u00fcr den Service<\/strong> Dank \u00fcber 5.434 G\u00e4sten auf Trip.com haben wir den Begriff \u201cGastfreundschaft\u201d im Herzen einer der poetischsten St\u00e4dte Chinas neu definiert.<\/p><p>Unsere Philosophie ist einfach: Ihre Reise soll vom Moment der Buchung bis zur Abreise reibungslos verlaufen. Ob Sie als Alleinreisender Ruhe und Entspannung suchen, als Familie unvergessliche Erinnerungen schaffen m\u00f6chten oder als Gesch\u00e4ftsreisender einen produktiven Arbeitsplatz ben\u00f6tigen \u2013 unser Team und unsere Einrichtungen sind darauf ausgerichtet, Ihren Aufenthalt zu einem au\u00dfergew\u00f6hnlichen Erlebnis zu machen.<\/p><div class=\"py-2 my-3\"><hr \/><\/div><h3><strong>Das Herzst\u00fcck unseres Angebots: Menschen, denen etwas an uns liegt.<\/strong><\/h3><p>Was LiCLOUDS wirklich auszeichnet, sind nicht nur unsere Annehmlichkeiten \u2013 es sind unsere Mitarbeiter. G\u00e4ste beschreiben unser Personal immer wieder als \u201cau\u00dfergew\u00f6hnlich\u201d, \u201cfreundlich und hilfsbereit\u201d und sogar \u201cwie einen pers\u00f6nlichen Butler\u201d. Das ist kein Zufall, sondern Teil unserer Unternehmenskultur.<\/p><ul dir=\"auto\"><li><strong>Pers\u00f6nlicher Concierge-Service rund um die Uhr:<\/strong> Unsere Rezeption ist rund um die Uhr besetzt und hilft Ihnen gerne bei allen Anliegen \u2013 von Taxibestellungen sp\u00e4t abends bis hin zu Restaurantreservierungen in letzter Minute. Viele G\u00e4ste berichten, dass unsere Mitarbeiter sie proaktiv \u00fcber WeChat kontaktieren, um ihnen in Echtzeit Unterst\u00fctzung zu bieten, lokale Tipps und Wegbeschreibungen zu geben und sogar bei pers\u00f6nlichen Besorgungen behilflich zu sein.<\/li><li><strong>Englischsprachiges Team:<\/strong> Um sicherzustellen, dass sich internationale Reisende wie zu Hause f\u00fchlen, setzen wir ein <strong>Englischsprachiges Personal<\/strong> Die Sie durch Ihren Aufenthalt begleiten, Ihre Fragen zu lokalen Sehensw\u00fcrdigkeiten wie dem Elefantenr\u00fcsselh\u00fcgel oder den Zwei Fl\u00fcssen und Vier Seen beantworten und Ihnen ein wirklich angenehmes Erlebnis bereiten k\u00f6nnen.<\/li><li><strong>Familienzentrierte Unterst\u00fctzung:<\/strong> Sie reisen mit Kindern? Unser Team setzt alles daran, Ihnen den bestm\u00f6glichen Service zu bieten. Von der Unterst\u00fctzung bei der Organisation des Kinderclubs bis hin zur perfekten Ausstattung Ihres Familienzimmers mit UV-sterilisiertem Spielzeug und Kinderbadem\u00e4nteln \u2013 wir wissen, dass gl\u00fcckliche Eltern mit gl\u00fccklichen Kindern beginnen.<\/li><li><strong>Erl\u00f6sung und Genesung:<\/strong> Selbst wenn mal etwas schiefgeht \u2013 wie ein Gast bei einer traditionellen F\u00e4cherbastelaktion bemerkte \u2013 greift unser Team sofort ein, um alles wieder in Ordnung zu bringen. Ein junger Mann wurde besonders f\u00fcr seinen \u201cvorbildlichen Service\u201d gelobt, da er bei allem half, vom Tresortransport bis hin zu Restaurantempfehlungen. Bei LiCLOUDS glauben wir daran, Herausforderungen in Chancen zu verwandeln, unsere G\u00e4ste zu begeistern.<\/li><\/ul><div class=\"py-2 my-3\"><hr \/><\/div><h3><strong>Intelligente, nahtlose und stressfreie Annehmlichkeiten<\/strong><\/h3><p>Wir verbinden Spitzentechnologie mit durchdachtem Design, um sicherzustellen, dass Ihr Aufenthalt nicht nur komfortabel, sondern auch m\u00fchelos bequem ist.<\/p><ul dir=\"auto\"><li><strong>Xiao Du Smart Rooms:<\/strong> Jedes Zimmer verf\u00fcgt \u00fcber <strong>Smart-Home-Steuerung des gesamten Hauses per Xiao Du-Sprachbefehl<\/strong>. Passen Sie Beleuchtung, Temperatur oder Unterhaltung an, ohne einen Finger zu r\u00fchren. Luxus, der zuh\u00f6rt.<\/li><li><strong>Serviceroboter:<\/strong> F\u00fcr zus\u00e4tzlichen Komfort, unser <strong>Serviceroboter<\/strong> Wir bringen Ihnen die Annehmlichkeiten direkt aufs Zimmer, minimieren so St\u00f6rungen und maximieren die Effizienz \u2013 perfekt f\u00fcr alle, die Wert auf Privatsph\u00e4re legen oder viel arbeiten.<\/li><li><strong>Kostenloses Highspeed-WLAN:<\/strong> Bleiben Sie \u00fcberall in Verbindung. Kostenloses Highspeed-WLAN steht Ihnen in allen Zimmern und \u00f6ffentlichen Bereichen zur Verf\u00fcgung, sodass Sie problemlos arbeiten, streamen oder Ihre Erlebnisse in Guilin teilen k\u00f6nnen.<\/li><li><strong>Kostenlose Parkpl\u00e4tze und Gep\u00e4ckaufbewahrung:<\/strong> Anreise mit dem Auto? Viel Spa\u00df! <strong>kostenlose Privatparkpl\u00e4tze<\/strong> Vor Ort (begrenzte Pl\u00e4tze, keine Reservierung erforderlich). M\u00f6chten Sie vor dem Check-in oder nach dem Check-out noch etwas erkunden? Unser <strong>kostenlose Gep\u00e4ckaufbewahrung<\/strong> erm\u00f6glicht es Ihnen, unbeschwert durch die Stadt zu streifen.<\/li><\/ul><div class=\"py-2 my-3\"><hr \/><\/div><h3><strong>F\u00fcr Gesch\u00e4ftsreisende: Produktivit\u00e4t trifft auf Panoramablick<\/strong><\/h3><p>Das LiCLOUDS HOTEL ist ein strategisch g\u00fcnstiger Treffpunkt f\u00fcr Gesch\u00e4ftsleute. Es liegt nur wenige Schritte entfernt. <strong>1,3 km vom Bahnhof Guilin entfernt<\/strong> Und <strong>28 km vom internationalen Flughafen Liangjiang entfernt<\/strong>, Die Logistik verl\u00e4uft m\u00fchelos.<\/p><ul dir=\"auto\"><li><strong>Eigene Arbeitsbereiche:<\/strong> W\u00e4hlen Sie aus <strong>Coworking-Spaces<\/strong> und ein <strong>Vorstandsetage<\/strong> Konzipiert f\u00fcr konzentriertes Arbeiten, ausgestattet mit ergonomischen Sitzen, Steckdosen und erstklassigen Annehmlichkeiten.<\/li><li><strong>Tagungs- und Veranstaltungseinrichtungen:<\/strong> Veranstalten Sie Meetings oder Workshops in unserem vielseitigen <strong>Konferenzr\u00e4ume<\/strong> Und <strong>Multifunktionsr\u00e4ume<\/strong>, Ausgestattet mit modernster audiovisueller Technik. Sekretariatsdienste, Fax-\/Kopierservice und Postdienste sind auf Anfrage verf\u00fcgbar.<\/li><li><strong>Flexibler Check-in\/Check-out:<\/strong> Sparen Sie Zeit mit <strong>Express-Check-in\/Check-out<\/strong> Und <strong>VIP-Check-in-Service<\/strong>, damit Ihre Gesch\u00e4ftsreise reibungslos beginnt und endet.<\/li><\/ul><div class=\"py-2 my-3\"><hr \/><\/div><h3><strong>Familienparadies: Wo Kinder spielen und Eltern entspannen<\/strong><\/h3><p>Wir haben Familienreisen in pures Vergn\u00fcgen verwandelt. Unser Spielplatz im 10. Stock ist ein Paradies f\u00fcr kleine Abenteurer.<\/p><ul dir=\"auto\"><li><strong>Kinderclub &amp; Spielplatz:<\/strong> Lassen Sie Ihre Kinder ihre Energie auf dem <strong>Ozeanballrutsche<\/strong>, spritzen Sie in der <strong>Kinderbecken<\/strong>, oder an beaufsichtigten Aktivit\u00e4ten teilnehmen in der <strong>Kinderclub<\/strong>.<\/li><li><strong>Familienzimmer mit verschiedenen Themen:<\/strong> Diese ger\u00e4umigen Zimmer sind auf Komfort und Spa\u00df ausgelegt und verf\u00fcgen \u00fcber separate Spielbereiche, LED-UV-Sterilisation f\u00fcr Spielzeug und Kinderzelte \u2013 alles, um Ihren Aufenthalt stressfrei zu gestalten.<\/li><li><strong>Kinderfreundliche Details:<\/strong> Aus <strong>Kinderbadem\u00e4ntel und Hausschuhe<\/strong> Zu <strong>UV-sterilisiertes Spielzeug<\/strong> Und <strong>B\u00fccher und Videos<\/strong>, Wir haben an alles gedacht, um Ihre Kleinen gl\u00fccklich und sicher zu halten.<\/li><\/ul><div class=\"py-2 my-3\"><hr \/><\/div><h3><strong>Wellness &amp; Erholung: Kraft tanken inmitten nat\u00fcrlicher Sch\u00f6nheit<\/strong><\/h3><p>Nach einem Tag voller Entdeckungen der Karstwunder von Guilin k\u00f6nnen Sie stilvoll entspannen.<\/p><ul dir=\"auto\"><li><strong>Zwei kostenlose Freib\u00e4der:<\/strong> Tauchen Sie ein in die Entspannung bei unserem <strong>zwei kostenlose Freib\u00e4der<\/strong>, einschlie\u00dflich eines atemberaubenden <strong>Infinity-Pool auf dem Dach<\/strong> Genie\u00dfen Sie den Panoramablick auf Guilins ikonische Landschaft. Entspannen Sie sich im Schatten der Sonnenschirme oder genie\u00dfen Sie einen Drink in der Bar. <strong>Restaurant am Pool<\/strong>.<\/li><li><strong>Kostenloses Fitnessstudio:<\/strong> Bleiben Sie aktiv mit unserem kostenlosen Fitnesscenter, das f\u00fcr G\u00e4ste ausgestattet ist, die ihre Trainingsroutine beibehalten m\u00f6chten.<\/li><li><strong>Bibliothek &amp; Teestube:<\/strong> Finden Sie ruhige Momente in unserem <strong>Bibliothek<\/strong> oder genie\u00dfen Sie eine beruhigende Tasse Tee in unserem <strong>Teestube<\/strong>\u2014perfekt zum Lesen, Nachdenken oder einfach nur, um die ruhige Atmosph\u00e4re zu genie\u00dfen.<\/li><\/ul><div class=\"py-2 my-3\"><hr \/><\/div><h3><strong>Jedes Detail wurde ber\u00fccksichtigt: Von Transport bis zur Ruhe<\/strong><\/h3><p>Wir verstehen, dass die sch\u00f6nsten Urlaube diejenigen sind, bei denen man sich keine Gedanken um die Organisation machen muss.<\/p><ul dir=\"auto\"><li><strong>Priorisierter Flughafentransfer:<\/strong> Gegen Geb\u00fchr organisieren <strong>Priorisierter Flughafentransfer<\/strong> um eine reibungslose Ankunft oder Abreise zu gew\u00e4hrleisten.<\/li><li><strong>Taxi- und Mietwagenbuchung:<\/strong> Sie m\u00f6chten die Umgebung \u00fcber die fu\u00dfl\u00e4ufige Entfernung hinaus erkunden? Unser Concierge hilft Ihnen gerne bei der Buchung von Taxis oder Mietwagen.<\/li><li><strong>Gep\u00e4ckservice:<\/strong> Unser <strong>Gep\u00e4cktr\u00e4gerservice<\/strong> stellt sicher, dass Ihr Gep\u00e4ck sorgsam behandelt wird, egal ob Sie ankommen oder abreisen.<\/li><li><strong>Sicherheit:<\/strong> Sie k\u00f6nnen beruhigt sein, denn wir legen gr\u00f6\u00dften Wert auf Ihr Wohlbefinden. <strong>24-Stunden-Sicherheitspersonal<\/strong>, <strong>Video\u00fcberwachung in \u00f6ffentlichen Bereichen<\/strong>, <strong>Zugangssysteme mit Schl\u00fcsselkarten<\/strong>, Und <strong>Erste-Hilfe-Sets<\/strong> sofort verf\u00fcgbar.<\/li><\/ul><div class=\"py-2 my-3\"><hr \/><\/div><h3><strong>Ein Bekenntnis zu Exzellenz, das B\u00e4nde spricht<\/strong><\/h3><p>Unser <strong>Servicebewertung: 9,8\/10<\/strong> Es ist nicht nur eine Zahl \u2013 sie ist ein Beweis f\u00fcr unser Engagement. G\u00e4ste loben immer wieder unsere Sauberkeit, die Lage und die familienfreundlichen Annehmlichkeiten, aber es ist der Service, der den tiefsten Eindruck hinterl\u00e4sst. Wie ein Gast es ausdr\u00fcckte: \u201cDer Service war au\u00dfergew\u00f6hnlich \u2026 es f\u00fchlte sich an wie ein pers\u00f6nlicher Butlerservice.\u201d<\/p><p>Im LiCLOUDS HOTEL erf\u00fcllen wir nicht nur Ihre Erwartungen \u2013 wir \u00fcbertreffen sie. Erleben Sie Gastfreundschaft wie zu Hause, Technologie, die Ihnen das Leben erleichtert, und ein Team, dem Ihr unvergesslicher Aufenthalt wirklich am Herzen liegt. Ob Sie gesch\u00e4ftlich, mit der Familie oder privat reisen \u2013 wir k\u00fcmmern uns um die Details, damit Sie sich auf das Wesentliche konzentrieren k\u00f6nnen: unvergessliche Momente inmitten der atemberaubenden Sch\u00f6nheit von Guilin zu erleben.<\/p><p data-spm-anchor-id=\"a2ty_o01.29997173.0.i3.2caa5171R5ucuY\">Buchen Sie noch heute Ihren Aufenthalt \u2013 und entdecken Sie, warum Tausende von Reisenden das LiCLOUDS HOTEL als \u201cdie perfekte Mischung aus Natur, Luxus und echter Gastfreundschaft\u201d bezeichnen.\u201d<\/p>\t\t\t\t\t\t\t\t<\/div>\n\t\t\t\t\t<\/div>\n\t\t\t\t<\/div>\n\t\t\t\t<section class=\"elementor-section elementor-top-section elementor-element elementor-element-7bee917d elementor-section-stretched elementor-section-boxed elementor-section-gap-beside-yes elementor-section-height-default elementor-section-height-default elementor-section-column-vertical-align-stretch\" data-id=\"7bee917d\" data-element_type=\"section\" data-e-type=\"section\" data-settings=\"{&quot;background_background&quot;:&quot;classic&quot;,&quot;stretch_section&quot;:&quot;section-stretched&quot;}\">\n\t\t\t\t\t\t<div class=\"elementor-container elementor-column-gap-extended\">\n\t\t\t\t\t<div class=\"elementor-column elementor-col-100 elementor-top-column elementor-element elementor-element-76689501\" data-id=\"76689501\" data-element_type=\"column\" data-e-type=\"column\">\n\t\t\t<div class=\"elementor-widget-wrap elementor-element-populated\">\n\t\t\t\t\t\t<div class=\"elementor-element elementor-element-1ab611ab elementor-widget elementor-widget-nuss-heading\" data-id=\"1ab611ab\" data-element_type=\"widget\" data-e-type=\"widget\" data-widget_type=\"nuss-heading.default\">\n\t\t\t\t<div class=\"elementor-widget-container\">\n\t\t\t\t\t\t\t<div class=\"nuss-modern-heading\">\r\n\t\t\t\t\t\t<div class=\"heading-secondary-wrap\">\r\n\t\t\t\t<h3 class=\"heading-secondary elementor-heading-title\">Verf\u00fcgbarkeit pr\u00fcfen <\/h3>\t\t\t<\/div>\r\n\t\t\r\n\t\t\t\r\n\t\t\t\r\n\t\t\t\t\t<\/div>\r\n\t\t\t\t\t<\/div>\n\t\t\t\t<\/div>\n\t\t\t\t<div class=\"elementor-element elementor-element-766ee7c elementor-widget elementor-widget-text-editor\" data-id=\"766ee7c\" data-element_type=\"widget\" data-e-type=\"widget\" data-widget_type=\"text-editor.default\">\n\t\t\t\t\t\t\t\t\t<iframe border=\"0\" src=\"https:\/\/www.trip.com\/partners\/ad\/S7313476?Allianceid=4590391&#038;SID=277435859&#038;trip_sub1=\" style=\"width:1200px;height:150px\" frameborder=\"0\" scrolling=\"no\" id=\"S7313476\"><\/iframe>\t\t\t\t\t\t\t\t<\/div>\n\t\t\t\t\t<\/div>\n\t\t<\/div>\n\t\t\t\t\t<\/div>\n\t\t<\/section>\n\t\t\t\t<\/div>","protected":false},"excerpt":{"rendered":"<p>LiCLOUDS HOTEL (Guilin Two Rivers and Four Lakes Xiangshan Park): Where Every Service is a Promise Kept \u2013 Experience the Art of Effortless Hospitality At LiCLOUDS HOTEL, we don\u2019t just offer services\u2014we curate experiences. Nestled at No. 2 Zhongshan Middle Road in Guilin\u2019s vibrant Xiangshan District, our hotel is more than a place to rest; [&hellip;]<\/p>\n","protected":false},"author":1,"featured_media":0,"parent":0,"menu_order":0,"comment_status":"closed","ping_status":"closed","template":"","meta":{"footnotes":""},"class_list":["post-647","page","type-page","status-publish","hentry","post-no-thumbnail"],"_links":{"self":[{"href":"https:\/\/licloudshotel.com\/de\/wp-json\/wp\/v2\/pages\/647","targetHints":{"allow":["GET"]}}],"collection":[{"href":"https:\/\/licloudshotel.com\/de\/wp-json\/wp\/v2\/pages"}],"about":[{"href":"https:\/\/licloudshotel.com\/de\/wp-json\/wp\/v2\/types\/page"}],"author":[{"embeddable":true,"href":"https:\/\/licloudshotel.com\/de\/wp-json\/wp\/v2\/users\/1"}],"replies":[{"embeddable":true,"href":"https:\/\/licloudshotel.com\/de\/wp-json\/wp\/v2\/comments?post=647"}],"version-history":[{"count":0,"href":"https:\/\/licloudshotel.com\/de\/wp-json\/wp\/v2\/pages\/647\/revisions"}],"wp:attachment":[{"href":"https:\/\/licloudshotel.com\/de\/wp-json\/wp\/v2\/media?parent=647"}],"curies":[{"name":"wp","href":"https:\/\/api.w.org\/{rel}","templated":true}]}}