{"id":5266,"date":"2021-07-18T08:03:35","date_gmt":"2021-07-18T08:03:35","guid":{"rendered":"https:\/\/nuss.uxper.co\/luxury-resort\/?page_id=5266"},"modified":"2025-11-24T13:36:40","modified_gmt":"2025-11-24T13:36:40","slug":"uber-uns","status":"publish","type":"page","link":"https:\/\/licloudshotel.com\/de\/uber-uns\/","title":{"rendered":"\u00dcber uns"},"content":{"rendered":"<div data-elementor-type=\"wp-page\" data-elementor-id=\"5266\" class=\"elementor elementor-5266\">\n\t\t\t\t\t\t<section class=\"elementor-section elementor-top-section elementor-element elementor-element-10416953 elementor-section-boxed elementor-section-gap-beside-yes elementor-section-height-default elementor-section-height-default elementor-section-column-vertical-align-stretch\" data-id=\"10416953\" data-element_type=\"section\" data-e-type=\"section\">\n\t\t\t\t\t\t<div class=\"elementor-container elementor-column-gap-extended\">\n\t\t\t\t\t<div class=\"elementor-column elementor-col-100 elementor-top-column elementor-element elementor-element-29c6aa8\" data-id=\"29c6aa8\" data-element_type=\"column\" data-e-type=\"column\">\n\t\t\t<div class=\"elementor-widget-wrap elementor-element-populated\">\n\t\t\t\t\t\t<div class=\"elementor-element elementor-element-7be18fe7 elementor-widget__width-initial elementor-invisible elementor-widget elementor-widget-text-editor\" data-id=\"7be18fe7\" data-element_type=\"widget\" data-e-type=\"widget\" data-settings=\"{&quot;_animation&quot;:&quot;nussFadeInUp&quot;}\" data-widget_type=\"text-editor.default\">\n\t\t\t\t\t\t\t\t\t<div class=\"svelte-1c06zsf\" data-lang-code=\"\"><p><strong data-spm-anchor-id=\"a2ty_o01.29997173.0.i18.2caac921Ka36hT\">LiCLOUDS HOTEL (Guilin Zwei Fl\u00fcsse und Vier Seen Xiangshan Park) \u2013 Ihr stilvoller, malerischer und familienfreundlicher R\u00fcckzugsort im Herzen von Guilin<\/strong><\/p><\/div>\t\t\t\t\t\t\t\t<\/div>\n\t\t\t\t\t<\/div>\n\t\t<\/div>\n\t\t\t\t\t<\/div>\n\t\t<\/section>\n\t\t\t\t<section class=\"elementor-section elementor-top-section elementor-element elementor-element-7d18327f elementor-section-boxed elementor-section-gap-beside-yes elementor-section-height-default elementor-section-height-default elementor-section-column-vertical-align-stretch\" data-id=\"7d18327f\" data-element_type=\"section\" data-e-type=\"section\">\n\t\t\t\t\t\t<div class=\"elementor-container elementor-column-gap-extended\">\n\t\t\t\t\t<div class=\"elementor-column elementor-col-50 elementor-top-column elementor-element elementor-element-56533670\" data-id=\"56533670\" data-element_type=\"column\" data-e-type=\"column\">\n\t\t\t<div class=\"elementor-widget-wrap elementor-element-populated\">\n\t\t\t\t\t\t<div class=\"elementor-element elementor-element-19c3f543 elementor-drop-cap-yes elementor-drop-cap-view-default elementor-invisible elementor-widget elementor-widget-text-editor\" data-id=\"19c3f543\" data-element_type=\"widget\" data-e-type=\"widget\" data-settings=\"{&quot;_animation&quot;:&quot;nussFadeInUp&quot;,&quot;drop_cap&quot;:&quot;yes&quot;}\" data-widget_type=\"text-editor.default\">\n\t\t\t\t\t\t\t\t\t<p>Eingebettet in die Zhongshan Middle Road Nr. 2 im pulsierenden Xiangshan-Bezirk von Guilin, <strong>LiCLOUDS HOTEL (Guilin Zwei Fl\u00fcsse und Vier Seen Xiangshan Park)<\/strong> Dieses Hotel ist mehr als nur eine Unterkunft \u2013 es ist Ihr Tor zur Seele einer der atemberaubendsten St\u00e4dte Chinas. Das 2024 renovierte, moderne 4-Sterne-Hotel bietet Reisenden eine unvergessliche Kombination aus h\u00f6chstem Komfort, atemberaubender Naturkulisse und aufmerksamem, pers\u00f6nlichem Service \u2013 und ist damit die ideale Wahl f\u00fcr Familien, Paare und Alleinreisende, die den perfekten Ausgangspunkt f\u00fcr ihre Guilin-Reise suchen.<\/p>\t\t\t\t\t\t\t\t<\/div>\n\t\t\t\t\t<\/div>\n\t\t<\/div>\n\t\t\t\t<div class=\"elementor-column elementor-col-50 elementor-top-column elementor-element elementor-element-30f14127\" data-id=\"30f14127\" data-element_type=\"column\" data-e-type=\"column\">\n\t\t\t<div class=\"elementor-widget-wrap elementor-element-populated\">\n\t\t\t\t\t\t<div class=\"elementor-element elementor-element-59aea08 elementor-widget elementor-widget-image\" data-id=\"59aea08\" data-element_type=\"widget\" data-e-type=\"widget\" data-widget_type=\"image.default\">\n\t\t\t\t\t\t\t\t\t\t\t\t\t\t\t<img fetchpriority=\"high\" decoding=\"async\" width=\"1024\" height=\"655\" src=\"https:\/\/licloudshotel.com\/wp-content\/uploads\/2025\/11\/home-1024x655.jpg\" class=\"attachment-large size-large wp-image-7301\" alt=\"\" srcset=\"https:\/\/licloudshotel.com\/wp-content\/uploads\/2025\/11\/home-1024x655.jpg 1024w, https:\/\/licloudshotel.com\/wp-content\/uploads\/2025\/11\/home-300x192.jpg 300w, https:\/\/licloudshotel.com\/wp-content\/uploads\/2025\/11\/home-768x491.jpg 768w, https:\/\/licloudshotel.com\/wp-content\/uploads\/2025\/11\/home-1536x982.jpg 1536w, https:\/\/licloudshotel.com\/wp-content\/uploads\/2025\/11\/home-2048x1310.jpg 2048w, https:\/\/licloudshotel.com\/wp-content\/uploads\/2025\/11\/home-18x12.jpg 18w\" sizes=\"(max-width: 1024px) 100vw, 1024px\" \/>\t\t\t\t\t\t\t\t\t\t\t\t\t\t\t<\/div>\n\t\t\t\t\t<\/div>\n\t\t<\/div>\n\t\t\t\t\t<\/div>\n\t\t<\/section>\n\t\t\t\t<section class=\"elementor-section elementor-top-section elementor-element elementor-element-29fb8578 elementor-section-height-min-height elementor-section-stretched elementor-section-full_width elementor-section-items-stretch elementor-section-height-default elementor-section-column-vertical-align-stretch\" data-id=\"29fb8578\" data-element_type=\"section\" data-e-type=\"section\" data-settings=\"{&quot;stretch_section&quot;:&quot;section-stretched&quot;}\">\n\t\t\t\t\t\t<div class=\"elementor-container elementor-column-gap-no\">\n\t\t\t\t\t<div class=\"elementor-column elementor-col-50 elementor-top-column elementor-element elementor-element-40ac270b\" data-id=\"40ac270b\" data-element_type=\"column\" data-e-type=\"column\">\n\t\t\t<div class=\"elementor-widget-wrap elementor-element-populated\">\n\t\t\t\t\t\t<div class=\"elementor-element elementor-element-20872773 elementor-widget__width-initial elementor-widget-mobile__width-inherit elementor-invisible nuss-elementor-loading nuss-slide-in-right elementor-widget elementor-widget-image\" data-id=\"20872773\" data-element_type=\"widget\" data-e-type=\"widget\" data-settings=\"{&quot;_animation&quot;:&quot;nussSlideInRight&quot;}\" data-widget_type=\"image.default\">\n\t\t\t\t\t\t\t\t\t\t\t\t\t\t\t<img decoding=\"async\" width=\"1139\" height=\"853\" src=\"https:\/\/licloudshotel.com\/wp-content\/uploads\/2025\/11\/LiCLOUDS-HOTEL-99.webp\" class=\"attachment-full size-full wp-image-7236\" alt=\"\" srcset=\"https:\/\/licloudshotel.com\/wp-content\/uploads\/2025\/11\/LiCLOUDS-HOTEL-99.webp 1139w, https:\/\/licloudshotel.com\/wp-content\/uploads\/2025\/11\/LiCLOUDS-HOTEL-99-300x225.webp 300w, https:\/\/licloudshotel.com\/wp-content\/uploads\/2025\/11\/LiCLOUDS-HOTEL-99-1024x767.webp 1024w, https:\/\/licloudshotel.com\/wp-content\/uploads\/2025\/11\/LiCLOUDS-HOTEL-99-768x575.webp 768w, https:\/\/licloudshotel.com\/wp-content\/uploads\/2025\/11\/LiCLOUDS-HOTEL-99-16x12.webp 16w\" sizes=\"(max-width: 1139px) 100vw, 1139px\" \/>\t\t\t\t\t\t\t\t\t\t\t\t\t\t\t<\/div>\n\t\t\t\t\t<\/div>\n\t\t<\/div>\n\t\t\t\t<div class=\"elementor-column elementor-col-50 elementor-top-column elementor-element elementor-element-2dac103\" data-id=\"2dac103\" data-element_type=\"column\" data-e-type=\"column\">\n\t\t\t<div class=\"elementor-widget-wrap elementor-element-populated\">\n\t\t\t\t\t\t<div class=\"elementor-element elementor-element-6f1b8966 elementor-invisible elementor-widget elementor-widget-text-editor\" data-id=\"6f1b8966\" data-element_type=\"widget\" data-e-type=\"widget\" data-settings=\"{&quot;_animation&quot;:&quot;nussFadeInUp&quot;}\" data-widget_type=\"text-editor.default\">\n\t\t\t\t\t\t\t\t\t<p><strong data-spm-anchor-id=\"a2ty_o01.29997173.0.i21.2caac921Ka36hT\">Warum das LiCLOUDS HOTEL heraussticht:<\/strong><\/p><ul dir=\"auto\"><li><strong>Unschlagbare Lage:<\/strong> Treten Sie vor die T\u00fcr und Sie sind nur wenige Minuten vom schimmernden Wasser des <strong>Zwei Fl\u00fcsse und vier Seen<\/strong>, mit dem ikonischen <strong>Xiangshan-Park<\/strong> und der ber\u00fchmte Elefantenr\u00fcsselh\u00fcgel ist nur wenige Schritte entfernt. Das gesch\u00e4ftige Treiben <strong>XiCheng Lu BuXingJie<\/strong> Die Fu\u00dfg\u00e4ngerzone ist nur 250 m entfernt, <strong>Bahnhof Guilin<\/strong> ist nur 1,3 km entfernt \u2013 ideal f\u00fcr reibungslose Ank\u00fcnfte und Abreisen.<\/li><li><strong data-spm-anchor-id=\"a2ty_o01.29997173.0.i20.2caac921Ka36hT\">Atemberaubende Aussicht aus jedem Zimmer:<\/strong> W\u00e4hlen Sie aus elegant gestalteten Zimmern mit <strong>Balkone in den oberen Stockwerken mit Flussblick<\/strong> oder <strong>traumhafte Tatami-Suiten mit Blick auf Xiangshan<\/strong> komplett mit extragro\u00dfen runden Badewannen mit Blick auf den Elefantenr\u00fcsselberg. Alle Zimmer sind ausgestattet mit <strong>Xiao Du Smart-Home-Steuerung f\u00fcr das ganze Haus<\/strong> F\u00fcr m\u00fchelose Beleuchtung, Temperaturregelung und Unterhaltung \u2013 alles per Sprachbefehl.<\/li><li><strong>Das Familienparadies neu gedacht:<\/strong> Sie reisen mit Kindern? LiCLOUDS ist genau das Richtige f\u00fcr Sie. Genie\u00dfen Sie gro\u00dfz\u00fcgige R\u00e4umlichkeiten. <strong>Familienzimmer<\/strong> mit separaten Spielbereichen, UV-sterilisiertem Spielzeug und Kinderzelten. Im 10. Stock k\u00f6nnen die Kleinen im Wasser planschen. <strong>Kinderbecken<\/strong>, besteigen <strong>Ozeanballrutsche<\/strong>, oder schlie\u00dfen Sie sich der <strong>Kinderclub<\/strong>. Eltern k\u00f6nnen beruhigt sein, denn Sicherheit, Hygiene und Spa\u00df sind nahtlos integriert.<\/li><li><strong>Intelligenter Luxus trifft auf nat\u00fcrliche Ruhe:<\/strong> Entspannen Sie sich im Hotel. <strong>zwei Freib\u00e4der<\/strong>, einschlie\u00dflich eines atemberaubenden <strong>Infinity-Pool auf dem Dach<\/strong> Genie\u00dfen Sie den atemberaubenden Blick auf die Karstlandschaft von Guilin. Entspannen Sie sich im Schatten auf Ihrer privaten Terrasse oder trinken Sie Kaffee am Meer. <strong>Restaurant am Pool<\/strong>. Die ruhige Atmosph\u00e4re passt perfekt zur poetischen Kulisse der Stadt.<\/li><li><strong>Au\u00dfergew\u00f6hnlicher Service, dem Sie vertrauen k\u00f6nnen:<\/strong> Mit einer Bewertung von 9,8\/10 f\u00fcr Service \u00fcbertrifft LiCLOUDS alle Erwartungen. G\u00e4ste sind begeistert von <strong>24\/7 WeChat-Concierge-Support<\/strong>, Englischsprachiges Personal und pers\u00f6nliche Betreuung \u2013 von der Organisation des Flughafentransfers bis hin zu Restaurantempfehlungen vor Ort. Ein Gast sprach sogar von einem \u201cpers\u00f6nlichen Butler-Service\u201d und hob damit das Personal hervor, das proaktiv bei allem hilft, von der sicheren Unterbringung bis zur Reiseplanung.<\/li><li><strong>K\u00f6stliche regionale Aromen und moderner Komfort:<\/strong> Beginnen Sie Ihren Tag mit einem gro\u00dfz\u00fcgigen <strong>Fr\u00fchst\u00fccksbuffet<\/strong> mit frischem chinesischem Congee (<em>Xiao mi zhou<\/em>), Dim Sum, westliches Geb\u00e4ck und vieles mehr \u2013 das Hotel wird f\u00fcr seine Vielfalt und Qualit\u00e4t gelobt. Au\u00dferdem bietet es kostenlose Speisen an. <strong>Privatparkplatz<\/strong>, A <strong>Fitnessstudio<\/strong>, <strong>Bibliothek<\/strong>, und sogar traditionelle <strong>Aktivit\u00e4ten zur Herstellung von Beuteln<\/strong> (Einige G\u00e4ste merkten jedoch an, dass es bei der Durchf\u00fchrung der Aktivit\u00e4ten noch Verbesserungspotenzial g\u00e4be.).<\/li><\/ul><p>Ob Sie den Li-Fluss erkunden, in der N\u00e4he des Solitary Beauty Peak wandern oder einfach die Ruhe und Sch\u00f6nheit der Wasserwege von Guilin genie\u00dfen m\u00f6chten \u2013 das LiCLOUDS HOTEL sorgt f\u00fcr einen ebenso komfortablen wie unvergesslichen Aufenthalt. Dank seiner modernen Technik, der familienfreundlichen Ausstattung und der erstklassigen Lage direkt neben den bekanntesten Sehensw\u00fcrdigkeiten der Stadt ist es kein Wunder, dass dieses Hotel regelm\u00e4\u00dfig zu den bestbewerteten Unterk\u00fcnften in Guilin z\u00e4hlt.<\/p><p data-spm-anchor-id=\"a2ty_o01.29997173.0.i22.2caac921Ka36hT\">Buchen Sie noch heute Ihren Aufenthalt im LiCLOUDS HOTEL \u2013 und entdecken Sie, warum Tausende von Reisenden es als \u201cdie perfekte Mischung aus Natur, Luxus und echter Gastfreundschaft\u201d im Herzen von Guilin bezeichnen.<\/p>\t\t\t\t\t\t\t\t<\/div>\n\t\t\t\t\t<\/div>\n\t\t<\/div>\n\t\t\t\t\t<\/div>\n\t\t<\/section>\n\t\t\t\t<section class=\"elementor-section elementor-top-section elementor-element elementor-element-2092b7d0 elementor-section-stretched elementor-section-boxed elementor-section-gap-beside-yes elementor-section-height-default elementor-section-height-default elementor-section-column-vertical-align-stretch\" data-id=\"2092b7d0\" data-element_type=\"section\" data-e-type=\"section\" data-settings=\"{&quot;background_background&quot;:&quot;classic&quot;,&quot;stretch_section&quot;:&quot;section-stretched&quot;}\">\n\t\t\t\t\t\t<div class=\"elementor-container elementor-column-gap-extended\">\n\t\t\t\t\t<div class=\"elementor-column elementor-col-100 elementor-top-column elementor-element elementor-element-be69d75\" data-id=\"be69d75\" data-element_type=\"column\" data-e-type=\"column\">\n\t\t\t<div class=\"elementor-widget-wrap elementor-element-populated\">\n\t\t\t\t\t\t<div class=\"elementor-element elementor-element-320c022 elementor-widget elementor-widget-nuss-heading\" data-id=\"320c022\" data-element_type=\"widget\" data-e-type=\"widget\" data-widget_type=\"nuss-heading.default\">\n\t\t\t\t<div class=\"elementor-widget-container\">\n\t\t\t\t\t\t\t<div class=\"nuss-modern-heading\">\r\n\t\t\t\t\t\t<div class=\"heading-secondary-wrap\">\r\n\t\t\t\t<h3 class=\"heading-secondary elementor-heading-title\">Verf\u00fcgbarkeit pr\u00fcfen <\/h3>\t\t\t<\/div>\r\n\t\t\r\n\t\t\t\r\n\t\t\t\r\n\t\t\t\t\t<\/div>\r\n\t\t\t\t\t<\/div>\n\t\t\t\t<\/div>\n\t\t\t\t<div class=\"elementor-element elementor-element-fe69a93 elementor-widget elementor-widget-text-editor\" data-id=\"fe69a93\" data-element_type=\"widget\" data-e-type=\"widget\" data-widget_type=\"text-editor.default\">\n\t\t\t\t\t\t\t\t\t<iframe border=\"0\" src=\"https:\/\/www.trip.com\/partners\/ad\/S7313476?Allianceid=4590391&#038;SID=277435859&#038;trip_sub1=\" style=\"width:1200px;height:150px\" frameborder=\"0\" scrolling=\"no\" id=\"S7313476\"><\/iframe>\t\t\t\t\t\t\t\t<\/div>\n\t\t\t\t\t<\/div>\n\t\t<\/div>\n\t\t\t\t\t<\/div>\n\t\t<\/section>\n\t\t\t\t<\/div>","protected":false},"excerpt":{"rendered":"<p>LiCLOUDS HOTEL (Guilin Two Rivers and Four Lakes Xiangshan Park) \u2013 Your Smart, Scenic &amp; Family-Friendly Escape in the Heart of Guilin Nestled at No. 2 Zhongshan Middle Road in Guilin\u2019s vibrant Xiangshan District, LiCLOUDS HOTEL (Guilin Two Rivers and Four Lakes Xiangshan Park) is not just a place to sleep\u2014it\u2019s your gateway to experiencing [&hellip;]<\/p>\n","protected":false},"author":1,"featured_media":0,"parent":0,"menu_order":0,"comment_status":"closed","ping_status":"closed","template":"","meta":{"footnotes":""},"class_list":["post-5266","page","type-page","status-publish","hentry","post-no-thumbnail"],"_links":{"self":[{"href":"https:\/\/licloudshotel.com\/de\/wp-json\/wp\/v2\/pages\/5266","targetHints":{"allow":["GET"]}}],"collection":[{"href":"https:\/\/licloudshotel.com\/de\/wp-json\/wp\/v2\/pages"}],"about":[{"href":"https:\/\/licloudshotel.com\/de\/wp-json\/wp\/v2\/types\/page"}],"author":[{"embeddable":true,"href":"https:\/\/licloudshotel.com\/de\/wp-json\/wp\/v2\/users\/1"}],"replies":[{"embeddable":true,"href":"https:\/\/licloudshotel.com\/de\/wp-json\/wp\/v2\/comments?post=5266"}],"version-history":[{"count":0,"href":"https:\/\/licloudshotel.com\/de\/wp-json\/wp\/v2\/pages\/5266\/revisions"}],"wp:attachment":[{"href":"https:\/\/licloudshotel.com\/de\/wp-json\/wp\/v2\/media?parent=5266"}],"curies":[{"name":"wp","href":"https:\/\/api.w.org\/{rel}","templated":true}]}}