{"id":2106,"date":"2021-03-25T04:08:26","date_gmt":"2021-03-25T04:08:26","guid":{"rendered":"http:\/\/localhost\/nuss\/?page_id=298"},"modified":"2025-11-24T15:26:12","modified_gmt":"2025-11-24T15:26:12","slug":"erfahrungen","status":"publish","type":"page","link":"https:\/\/licloudshotel.com\/de\/erfahrungen\/","title":{"rendered":"LiCLOUDS HOTEL Bewertungen"},"content":{"rendered":"<div data-elementor-type=\"wp-page\" data-elementor-id=\"2106\" class=\"elementor elementor-2106\">\n\t\t\t\t\t\t<section class=\"elementor-section elementor-top-section elementor-element elementor-element-1954ffc elementor-section-boxed elementor-section-gap-beside-yes elementor-section-height-default elementor-section-height-default elementor-section-column-vertical-align-stretch\" data-id=\"1954ffc\" data-element_type=\"section\" data-e-type=\"section\">\n\t\t\t\t\t\t<div class=\"elementor-container elementor-column-gap-extended\">\n\t\t\t\t\t<div class=\"elementor-column elementor-col-100 elementor-top-column elementor-element elementor-element-86aebc5\" data-id=\"86aebc5\" data-element_type=\"column\" data-e-type=\"column\">\n\t\t\t<div class=\"elementor-widget-wrap elementor-element-populated\">\n\t\t\t\t\t\t<div class=\"elementor-element elementor-element-11803d1 elementor-widget__width-initial elementor-invisible elementor-widget elementor-widget-text-editor\" data-id=\"11803d1\" data-element_type=\"widget\" data-e-type=\"widget\" data-settings=\"{&quot;_animation&quot;:&quot;nussFadeInUp&quot;}\" data-widget_type=\"text-editor.default\">\n\t\t\t\t\t\t\t\t\t<div class=\"svelte-1c06zsf\" data-lang-code=\"\"><p><strong data-spm-anchor-id=\"a2ty_o01.29997173.0.i36.2caac921Ka36hT\">LiCLOUDS HOTEL (Guilin, Xiangshan-Park, Zwei Fl\u00fcsse und Vier Seen): Wo \u00fcber 5.434 G\u00e4ste \u201cperfekt\u201d sagen \u2013 Echte Bewertungen, echte Erlebnisse<\/strong><\/p><div class=\"my-2\">\u00a0<\/div><\/div>\t\t\t\t\t\t\t\t<\/div>\n\t\t\t\t\t<\/div>\n\t\t<\/div>\n\t\t\t\t\t<\/div>\n\t\t<\/section>\n\t\t<div class=\"elementor-element elementor-element-95e7268 e-flex e-con-boxed e-con e-parent\" data-id=\"95e7268\" data-element_type=\"container\" data-e-type=\"container\">\n\t\t\t\t\t<div class=\"e-con-inner\">\n\t\t\t\t<div class=\"elementor-element elementor-element-bd47571 elementor-widget elementor-widget-image\" data-id=\"bd47571\" data-element_type=\"widget\" data-e-type=\"widget\" data-widget_type=\"image.default\">\n\t\t\t\t\t\t\t\t\t\t\t\t\t\t\t\t<a href=\"https:\/\/www.trip.com\/hotels\/guilin-hotel-detail-78220402\/zhong-shan-guo-ji-da-jiu-dian\/?Allianceid=4590391&#038;SID=277435859&#038;trip_sub1=&#038;trip_sub3=D7323290\" target=\"_blank\" rel=\"noopener\">\n\t\t\t\t\t\t\t<img fetchpriority=\"high\" decoding=\"async\" width=\"1713\" height=\"1023\" src=\"https:\/\/licloudshotel.com\/wp-content\/uploads\/2025\/11\/LiCLOUDS-HOTEL-reviews.jpg\" class=\"attachment-full size-full wp-image-7396\" alt=\"\" srcset=\"https:\/\/licloudshotel.com\/wp-content\/uploads\/2025\/11\/LiCLOUDS-HOTEL-reviews.jpg 1713w, https:\/\/licloudshotel.com\/wp-content\/uploads\/2025\/11\/LiCLOUDS-HOTEL-reviews-300x179.jpg 300w, https:\/\/licloudshotel.com\/wp-content\/uploads\/2025\/11\/LiCLOUDS-HOTEL-reviews-1024x612.jpg 1024w, https:\/\/licloudshotel.com\/wp-content\/uploads\/2025\/11\/LiCLOUDS-HOTEL-reviews-768x459.jpg 768w, https:\/\/licloudshotel.com\/wp-content\/uploads\/2025\/11\/LiCLOUDS-HOTEL-reviews-1536x917.jpg 1536w, https:\/\/licloudshotel.com\/wp-content\/uploads\/2025\/11\/LiCLOUDS-HOTEL-reviews-18x12.jpg 18w\" sizes=\"(max-width: 1713px) 100vw, 1713px\" \/>\t\t\t\t\t\t\t\t<\/a>\n\t\t\t\t\t\t\t\t\t\t\t\t\t\t\t<\/div>\n\t\t\t\t\t<\/div>\n\t\t\t\t<\/div>\n\t\t<div class=\"elementor-element elementor-element-3e39171 e-flex e-con-boxed e-con e-parent\" data-id=\"3e39171\" data-element_type=\"container\" data-e-type=\"container\">\n\t\t\t\t\t<div class=\"e-con-inner\">\n\t\t\t\t<div class=\"elementor-element elementor-element-7761d0c elementor-widget elementor-widget-text-editor\" data-id=\"7761d0c\" data-element_type=\"widget\" data-e-type=\"widget\" data-widget_type=\"text-editor.default\">\n\t\t\t\t\t\t\t\t\t<p>Vergessen Sie generische Hotelbewertungen. Bei <strong>LiCLOUDS HOTEL (Guilin Zwei Fl\u00fcsse und Vier Seen Xiangshan Park)<\/strong>, Das G\u00e4steerlebnis wird nicht nur bewertet \u2013 es wird gefeiert. Mit einer \u00fcberw\u00e4ltigenden <strong>Bewertung: 9,8\/10<\/strong> von \u00fcber <strong>5.434 verifizierte Bewertungen<\/strong> auf Trip.com \u2013 und keine einzige negative Bewertung im letzten Monat \u2013 ist dieses 4-Sterne-Juwel nicht nur beliebt; es ist <em>geliebten<\/em>. Reisende checken nicht einfach nur ein; sie schaffen unvergessliche Erinnerungen \u2013 dank einer perfekten Kombination aus intelligentem Design, au\u00dfergew\u00f6hnlichem Service und einer Lage, die Guilins ber\u00fchmteste Sehensw\u00fcrdigkeiten direkt vor die T\u00fcr bringt.<\/p><p><strong>Warum das LiCLOUDS HOTEL durchweg \u201cperfekte\u201d Bewertungen erh\u00e4lt:<\/strong><\/p><ul dir=\"auto\"><li><strong>Service, der sich wie pers\u00f6nliche Gastfreundschaft anf\u00fchlt:<\/strong> Der Hauptgrund f\u00fcr die Begeisterung der G\u00e4ste f\u00fcr das #1? Das Personal. Wie ein Gast es ausdr\u00fcckte: \u201cDer Service war au\u00dfergew\u00f6hnlich.\u201d Viele G\u00e4ste heben die proaktive, herzliche und aufrichtig hilfsbereite Art des Teams hervor. Eine Familie mit \u00e4lteren Angeh\u00f6rigen berichtete, wie das Hotel alles daran setzte, ihren Sonderwunsch nach nebeneinanderliegenden, ruhigen Zimmern zu erf\u00fcllen \u2013 ein Detail, das ihren Aufenthalt besonders angenehm machte. Ein anderer Gast beschrieb den Service als \u201cpers\u00f6nlichen Butlerservice\u201d. Das Personal f\u00fcgte ihn \u00fcber WeChat hinzu, um in Echtzeit Unterst\u00fctzung, Tipps f\u00fcr die Umgebung und sogar Hilfe bei kleinen pers\u00f6nlichen Angelegenheiten anzubieten. Besonders hervorzuheben ist ein junger Mitarbeiter, der f\u00fcr seinen \u201cvorbildlichen Service\u201d gelobt wurde. Er half beim Umzug der Safes, gab Restaurantempfehlungen und sorgte daf\u00fcr, dass es den G\u00e4sten an nichts fehlte.<\/li><li><strong>Zimmer, die auf Komfort und Wow-Effekt ausgelegt sind:<\/strong> Die G\u00e4ste loben immer wieder die sauberen, modernen und ger\u00e4umigen Zimmer \u2013 insbesondere nach der Renovierung im Jahr 2024. <strong>Balkonzimmer in den oberen Etagen mit Flussblick<\/strong> sind besonders beliebt und bieten private Terrassen mit Sonnenschirmen und bequemen Sofas, von denen aus man den Blick auf die Two Rivers und Four Lakes genie\u00dfen kann. F\u00fcr alle, die Romantik oder ein einzigartiges Erlebnis suchen, <strong>Xiangshan Tatami Doppelzimmer<\/strong> Es bietet traumhafte Ausblicke auf den Elephant Trunk Hill und eine extragro\u00dfe runde Badewanne \u2013 ein wahrhaft Instagram-taugliches Refugium. Familien lieben es. <strong>Familienzimmer<\/strong>, Ausgestattet mit speziellen Spielbereichen, LED-UV-Sterilisation f\u00fcr Spielzeug und Kinderzelten, macht das Reisen mit Kindern m\u00fchelos und unterhaltsam.<\/li><li><strong>Fr\u00fchst\u00fcck: Ein frischer, abwechslungsreicher Start in den Tag:<\/strong> Das t\u00e4gliche Fr\u00fchst\u00fccksbuffet ist ein absolutes Highlight. G\u00e4ste beschreiben es als \u201cfrisch und abwechslungsreich\u201d und es trifft sowohl den Geschmack chinesischer als auch westlicher Gaumen. Zu den Favoriten geh\u00f6rt das dampfende <em>Xiao mi zhou<\/em> (Reisbrei) und eine Auswahl an Dim Sum, dazu westliches Geb\u00e4ck und M\u00fcsli. Obwohl sich manche Reisende mehr westliche Optionen w\u00fcnschen, herrscht allgemeine \u00dcbereinstimmung: Es ist eine k\u00f6stliche, ansprechend pr\u00e4sentierte und effiziente M\u00f6glichkeit, sich vor der Erkundung von Guilin zu st\u00e4rken.<\/li><li><strong>Perfekt f\u00fcr Familien:<\/strong> Das LiCLOUDS HOTEL ist ideal f\u00fcr Familien. Der Spielplatz im 10. Stock bietet\u2026 <strong>Ozeanballrutsche<\/strong>, A <strong>Kinderbecken<\/strong>, und ein <strong>Kinderclub<\/strong>Alles ist auf sicheren, beaufsichtigten Spielspa\u00df ausgelegt. Eltern sch\u00e4tzen die liebevollen Details: Kinderbadem\u00e4ntel, Hausschuhe, Zahnb\u00fcrsten und sogar B\u00fccher und Videos. Ein Rezensent bezeichnete es ausdr\u00fccklich als \u201csehr geeignet f\u00fcr Familien mit Kindern\u201d und hob hervor, dass seine Kinder den Spielplatz und das Fr\u00fchst\u00fcck liebten. Die Kombination aus durchdachten Annehmlichkeiten und aufmerksamem Personal macht es zu einer stressfreien Oase f\u00fcr Eltern.<\/li><li><strong>Lage: Sehensw\u00fcrdigkeiten fu\u00dfl\u00e4ufig erreichbar, alles gut erreichbar:<\/strong> Das Hotel befindet sich in der Zhongshan Middle Road Nr. 2 und hat eine unschlagbare Lage. Es liegt einfach <strong>250 Meter von XiCheng Lu BuXingJie entfernt<\/strong> Fu\u00dfg\u00e4ngerzone, <strong>540 Meter von der Residenz von Li Zongren entfernt<\/strong>, und ein blo\u00dfes <strong>1,3 km vom Bahnhof Guilin entfernt<\/strong>. Das bedeutet, dass Sie bequem zu Fu\u00df zu Einkaufsm\u00f6glichkeiten, Restaurants und kulturellen Sehensw\u00fcrdigkeiten gelangen oder problemlos in einen Zug einsteigen k\u00f6nnen. F\u00fcr internationale Reisende gilt Folgendes:, <strong>Internationaler Flughafen Guilin Liangjiang<\/strong> liegt nur 28 km entfernt und bietet einen bevorzugten Flughafentransfer (gegen Geb\u00fchr).<\/li><\/ul><p><strong>Was G\u00e4ste am meisten lieben (Basierend auf \u00fcber 5.434 Bewertungen):<\/strong><\/p><ul dir=\"auto\"><li><strong>Sauberkeit (9,8\/10):<\/strong> \u201cMakellos\u201d, \u201ctadellos\u201d, \u201calles war sauber und ansprechend pr\u00e4sentiert\u201d \u2013 die G\u00e4ste loben immer wieder die hohen Hygienestandards.<\/li><li><strong>Ausstattung (9,7\/10):<\/strong> vom <strong>zwei kostenlose Au\u00dfenpools<\/strong> (einschlie\u00dflich eines Infinity-Pools auf dem Dach mit Panoramablick) bis zum <strong>kostenloses Fitnessstudio<\/strong>, <strong>Bibliothek<\/strong>, Und <strong>Serviceroboter<\/strong>, Die Einrichtungen bereichern jeden Aufenthalt.<\/li><li><strong>Lage (9,7\/10):<\/strong> \u201cNur wenige Gehminuten vom Bahnhof entfernt\u201d, \u201cperfekt f\u00fcr Sightseeing\u201d, \u201cin der N\u00e4he aller wichtigen Sehensw\u00fcrdigkeiten\u201d \u2013 die zentrale Lage ist ein riesiger Pluspunkt.<\/li><li><strong>Service (9,8\/10):<\/strong> \u201cAu\u00dfergew\u00f6hnlich\u201d, \u201cfreundlich und hilfsbereit\u201d, \u201cwie ein pers\u00f6nlicher Concierge\u201d \u2013 die Hingabe des Personals ist das Kronjuwel des Hotels.<\/li><\/ul><p><strong>Gaststimmen: Echte Geschichten aus echten Aufenthalten<\/strong><\/p><blockquote><p><em>\u201cWir hatten dieses Hotel urspr\u00fcnglich mit bescheidenen Erwartungen gebucht\u2026 Unsere Erfahrungen haben unsere Erwartungen jedoch bei Weitem \u00fcbertroffen.\u201d<\/em> \u2014 YouTube-ID: @Longmeetsworld, November 2025<\/p><p><em>\u201cIch hatte einen angenehmen Aufenthalt und eine gute Auswahl beim Fr\u00fchst\u00fcck. Darf ich vorschlagen, Kissen von besserer Qualit\u00e4t anzubieten?\u201d<\/em> \u2014 Gastnutzer, November 2025 <em>(Anmerkung: Selbst konstruktives Feedback ist im Vergleich zur \u00fcberw\u00e4ltigenden Positivit\u00e4t eher unbedeutend.)<\/em><\/p><p><em>\u201cSehr gut geeignet f\u00fcr Familien mit Kindern. Im 10. Stock gibt es einen Kinderspielplatz. Das Fr\u00fchst\u00fcck bei Xiao Mi Zhou war k\u00f6stlich.\u201d<\/em> \u2014 Gastnutzer, November 2025<\/p><\/blockquote><p><strong>Kleinere Anmerkungen &amp; Wie LiCLOUDS reagiert:<\/strong><\/p><p>Selbst Perfektion bietet Raum f\u00fcr Verbesserungen. Einige G\u00e4ste w\u00fcnschten sich eine bessere Kissenunterst\u00fctzung oder eine verbesserte Schalld\u00e4mmung. In einer Bewertung wurde eine weniger optimale Erfahrung bei einer traditionellen F\u00e4cherbastelaktion hervorgehoben, bei der ein Mitarbeiter desinteressiert wirkte. Der Rezensent betonte jedoch, dass dies ein Einzelfall war, der vom \u00fcberwiegend positiven Service im restlichen Hotel \u00fcberschattet wurde. Diese Transparenz unterstreicht das Engagement von LiCLOUDS, zuzuh\u00f6ren und sich stetig zu verbessern \u2013 Eigenschaften, die G\u00e4ste immer wieder zur\u00fcckkehren lassen.<\/p><p><strong>Buchen Sie noch heute Ihren \u201cperfekten\u201d Aufenthalt.<\/strong><\/p><p>Ob Sie als Alleinreisender Ruhe und Entspannung suchen, als Paar Romantik mit Blick auf den Elefantenr\u00fcsselberg genie\u00dfen m\u00f6chten oder als Familie Spa\u00df und Komfort w\u00fcnschen \u2013 das LiCLOUDS HOTEL bietet alles. Die Kombination aus moderner Technik, traumhafter Lage, familienfreundlichen Annehmlichkeiten und vor allem herzlichem Service macht es zu mehr als nur einer Unterkunft \u2013 es ist das Herzst\u00fcck Ihres Guilin-Abenteuers.<\/p><p>\u00dcberzeugen Sie sich selbst. Schlie\u00dfen Sie sich den \u00fcber 5.434 G\u00e4sten an, die dieses Hotel mit \u201cPerfekt\u201d bewertet haben, und entdecken Sie, warum das LiCLOUDS HOTEL die erste Wahl f\u00fcr Reisende ist, die ein unvergessliches F\u00fcnf-Sterne-Erlebnis im Herzen von Guilin suchen.<\/p>\t\t\t\t\t\t\t\t<\/div>\n\t\t\t\t\t<\/div>\n\t\t\t\t<\/div>\n\t\t\t\t<section class=\"elementor-section elementor-top-section elementor-element elementor-element-1030cf2d elementor-section-stretched elementor-section-boxed elementor-section-gap-beside-yes elementor-section-height-default elementor-section-height-default elementor-section-column-vertical-align-stretch\" data-id=\"1030cf2d\" data-element_type=\"section\" data-e-type=\"section\" data-settings=\"{&quot;background_background&quot;:&quot;classic&quot;,&quot;stretch_section&quot;:&quot;section-stretched&quot;}\">\n\t\t\t\t\t\t<div class=\"elementor-container elementor-column-gap-extended\">\n\t\t\t\t\t<div class=\"elementor-column elementor-col-100 elementor-top-column elementor-element elementor-element-6f298d93\" data-id=\"6f298d93\" data-element_type=\"column\" data-e-type=\"column\">\n\t\t\t<div class=\"elementor-widget-wrap elementor-element-populated\">\n\t\t\t\t\t\t<div class=\"elementor-element elementor-element-3040082a elementor-widget elementor-widget-nuss-heading\" data-id=\"3040082a\" data-element_type=\"widget\" data-e-type=\"widget\" data-widget_type=\"nuss-heading.default\">\n\t\t\t\t<div class=\"elementor-widget-container\">\n\t\t\t\t\t\t\t<div class=\"nuss-modern-heading\">\r\n\t\t\t\t\t\t<div class=\"heading-secondary-wrap\">\r\n\t\t\t\t<h3 class=\"heading-secondary elementor-heading-title\">Verf\u00fcgbarkeit pr\u00fcfen <\/h3>\t\t\t<\/div>\r\n\t\t\r\n\t\t\t\r\n\t\t\t\r\n\t\t\t\t\t<\/div>\r\n\t\t\t\t\t<\/div>\n\t\t\t\t<\/div>\n\t\t\t\t<div class=\"elementor-element elementor-element-66b7aaaa elementor-widget elementor-widget-text-editor\" data-id=\"66b7aaaa\" data-element_type=\"widget\" data-e-type=\"widget\" data-widget_type=\"text-editor.default\">\n\t\t\t\t\t\t\t\t\t<iframe border=\"0\" src=\"https:\/\/www.trip.com\/partners\/ad\/S7313476?Allianceid=4590391&#038;SID=277435859&#038;trip_sub1=\" style=\"width:1200px;height:150px\" frameborder=\"0\" scrolling=\"no\" id=\"S7313476\"><\/iframe>\t\t\t\t\t\t\t\t<\/div>\n\t\t\t\t\t<\/div>\n\t\t<\/div>\n\t\t\t\t\t<\/div>\n\t\t<\/section>\n\t\t\t\t<\/div>","protected":false},"excerpt":{"rendered":"<p>LiCLOUDS HOTEL (Guilin Two Rivers and Four Lakes Xiangshan Park): Where 5,434+ Guests Say \u201cPerfect\u201d \u2013 Real Reviews, Real Experiences \u00a0 Forget generic hotel reviews. At LiCLOUDS HOTEL (Guilin Two Rivers and Four Lakes Xiangshan Park), the guest experience isn\u2019t just rated\u2014it\u2019s celebrated. With a staggering 9.8\/10 rating from over 5,434 verified reviews on Trip.com\u2014and [&hellip;]<\/p>\n","protected":false},"author":1,"featured_media":0,"parent":0,"menu_order":0,"comment_status":"closed","ping_status":"closed","template":"","meta":{"footnotes":""},"class_list":["post-2106","page","type-page","status-publish","hentry","post-no-thumbnail"],"_links":{"self":[{"href":"https:\/\/licloudshotel.com\/de\/wp-json\/wp\/v2\/pages\/2106","targetHints":{"allow":["GET"]}}],"collection":[{"href":"https:\/\/licloudshotel.com\/de\/wp-json\/wp\/v2\/pages"}],"about":[{"href":"https:\/\/licloudshotel.com\/de\/wp-json\/wp\/v2\/types\/page"}],"author":[{"embeddable":true,"href":"https:\/\/licloudshotel.com\/de\/wp-json\/wp\/v2\/users\/1"}],"replies":[{"embeddable":true,"href":"https:\/\/licloudshotel.com\/de\/wp-json\/wp\/v2\/comments?post=2106"}],"version-history":[{"count":0,"href":"https:\/\/licloudshotel.com\/de\/wp-json\/wp\/v2\/pages\/2106\/revisions"}],"wp:attachment":[{"href":"https:\/\/licloudshotel.com\/de\/wp-json\/wp\/v2\/media?parent=2106"}],"curies":[{"name":"wp","href":"https:\/\/api.w.org\/{rel}","templated":true}]}}