{"id":2105,"date":"2021-03-24T07:25:45","date_gmt":"2021-03-24T07:25:45","guid":{"rendered":"http:\/\/localhost\/nuss\/?page_id=235"},"modified":"2025-11-24T15:34:02","modified_gmt":"2025-11-24T15:34:02","slug":"faqs","status":"publish","type":"page","link":"https:\/\/licloudshotel.com\/de\/faqs\/","title":{"rendered":"FAQs"},"content":{"rendered":"<div data-elementor-type=\"wp-page\" data-elementor-id=\"2105\" class=\"elementor elementor-2105\">\n\t\t\t\t\t\t<section class=\"elementor-section elementor-top-section elementor-element elementor-element-2a96a73 elementor-section-boxed elementor-section-gap-beside-yes elementor-section-height-default elementor-section-height-default elementor-section-column-vertical-align-stretch\" data-id=\"2a96a73\" data-element_type=\"section\" data-e-type=\"section\">\n\t\t\t\t\t\t<div class=\"elementor-container elementor-column-gap-extended\">\n\t\t\t\t\t<div class=\"elementor-column elementor-col-100 elementor-top-column elementor-element elementor-element-98ef20c\" data-id=\"98ef20c\" data-element_type=\"column\" data-e-type=\"column\">\n\t\t\t<div class=\"elementor-widget-wrap elementor-element-populated\">\n\t\t\t\t\t\t<div class=\"elementor-element elementor-element-97088c0 elementor-widget__width-initial elementor-invisible elementor-widget elementor-widget-text-editor\" data-id=\"97088c0\" data-element_type=\"widget\" data-e-type=\"widget\" data-settings=\"{&quot;_animation&quot;:&quot;nussFadeInUp&quot;}\" data-widget_type=\"text-editor.default\">\n\t\t\t\t\t\t\t\t\t<p>Nachfolgend finden Sie eine Liste der am h\u00e4ufigsten gestellten Fragen unserer G\u00e4ste.<\/p>\t\t\t\t\t\t\t\t<\/div>\n\t\t\t\t\t<\/div>\n\t\t<\/div>\n\t\t\t\t\t<\/div>\n\t\t<\/section>\n\t\t\t\t<section class=\"elementor-section elementor-top-section elementor-element elementor-element-b184647 elementor-section-gap-beside-no elementor-section-boxed elementor-section-height-default elementor-section-height-default elementor-section-column-vertical-align-stretch\" data-id=\"b184647\" data-element_type=\"section\" data-e-type=\"section\">\n\t\t\t\t\t\t<div class=\"elementor-container elementor-column-gap-extended\">\n\t\t\t\t\t<div class=\"elementor-column elementor-col-100 elementor-top-column elementor-element elementor-element-1d49749\" data-id=\"1d49749\" data-element_type=\"column\" data-e-type=\"column\">\n\t\t\t<div class=\"elementor-widget-wrap elementor-element-populated\">\n\t\t\t\t\t\t<div class=\"elementor-element elementor-element-b986a9e elementor-invisible elementor-widget elementor-widget-nuss-heading\" data-id=\"b986a9e\" data-element_type=\"widget\" data-e-type=\"widget\" data-settings=\"{&quot;_animation&quot;:&quot;nussFadeInUp&quot;}\" data-widget_type=\"nuss-heading.default\">\n\t\t\t\t<div class=\"elementor-widget-container\">\n\t\t\t\t\t\t\t<div class=\"nuss-modern-heading\">\r\n\t\t\t\r\n\t\t\t\t\t\t<div class=\"heading-primary-wrap\">\r\n\t\t\t\t<h4 class=\"heading-primary elementor-heading-title\">H\u00e4ufig gestellte Fragen<\/h4>\t\t\t<\/div>\r\n\t\t\r\n\t\t\t\t\t\t<div class=\"heading-divider-wrap\">\r\n\t\t\t\t<div class=\"heading-divider\" style=\"left: 0px;top: 6px\"><\/div>\r\n\t\t\t<\/div>\r\n\t\r\n\t\t\t\t\t<\/div>\r\n\t\t\t\t\t<\/div>\n\t\t\t\t<\/div>\n\t\t\t\t<div class=\"elementor-element elementor-element-50f0733 elementor-invisible elementor-widget elementor-widget-heading\" data-id=\"50f0733\" data-element_type=\"widget\" data-e-type=\"widget\" data-settings=\"{&quot;_animation&quot;:&quot;nussFadeInUp&quot;}\" data-widget_type=\"heading.default\">\n\t\t\t\t\t<h2 class=\"elementor-heading-title elementor-size-default\">Fragen und Antworten<\/h2>\t\t\t\t<\/div>\n\t\t\t\t<div class=\"elementor-element elementor-element-2aee4a2 elementor-widget elementor-widget-text-editor\" data-id=\"2aee4a2\" data-element_type=\"widget\" data-e-type=\"widget\" data-widget_type=\"text-editor.default\">\n\t\t\t\t\t\t\t\t\t<h3><strong data-spm-anchor-id=\"a2ty_o01.29997173.0.i41.2caac921Ka36hT\">1. Wann sind die Ein- und Auscheckzeiten?<\/strong><\/h3><p>Einchecken ist ab <strong>14:00<\/strong>, und der Check-out erfolgt durch <strong>12:00<\/strong>. Die Rezeption ist rund um die Uhr f\u00fcr Sie besetzt.<\/p><div class=\"py-2 my-3\"><hr \/><\/div><h3><strong>2. Bietet das Hotel einen Flughafentransfer an?<\/strong><\/h3><p>Ja, <strong>Priorisierter Flughafentransfer<\/strong> sind gegen Aufpreis erh\u00e4ltlich. Eine Vorabreservierung wird empfohlen.<\/p><div class=\"py-2 my-3\"><hr \/><\/div><h3><strong>3. Ist das Fr\u00fchst\u00fcck im Zimmerpreis inbegriffen?<\/strong><\/h3><p>Das Fr\u00fchst\u00fcck ist nicht automatisch im Preis inbegriffen, kann aber gegen Geb\u00fchr hinzugebucht werden. Das Buffet kostet <strong>68 CNY pro Erwachsenem<\/strong> Und <strong>48 CNY pro Kind \u00fcber 1,2 m<\/strong>. Kinder unter 1,2 m essen kostenlos.<\/p><div class=\"py-2 my-3\"><hr \/><\/div><h3><strong>4. Um wie viel Uhr wird das Fr\u00fchst\u00fcck serviert?<\/strong><\/h3><p>Das Fr\u00fchst\u00fcck wird t\u00e4glich serviert ab <strong>07:30 bis 10:30 Uhr<\/strong> im hoteleigenen Restaurant.<\/p><div class=\"py-2 my-3\"><hr \/><\/div><h3><strong>5. Verf\u00fcgt das Hotel \u00fcber einen Swimmingpool?<\/strong><\/h3><p>Ja! LiCLOUDS-Funktionen <strong>zwei kostenlose Freib\u00e4der<\/strong>, einschlie\u00dflich eines atemberaubenden <strong>Infinity-Pool auf dem Dach<\/strong> mit Panoramablick auf die Karstlandschaft von Guilin.<\/p><div class=\"py-2 my-3\"><hr \/><\/div><h3><strong>6. Gibt es kostenloses WLAN?<\/strong><\/h3><p>Ja, kostenloses Highspeed-WLAN steht in allen Zimmern und \u00f6ffentlichen Bereichen zur Verf\u00fcgung.<\/p><div class=\"py-2 my-3\"><hr \/><\/div><h3><strong>7. Kann ich mein Auto im Hotel parken?<\/strong><\/h3><p>Absolut. <strong>Kostenlose Privatparkpl\u00e4tze<\/strong> ist vor Ort verf\u00fcgbar, allerdings sind die Pl\u00e4tze begrenzt und eine Reservierung ist nicht erforderlich.<\/p><div class=\"py-2 my-3\"><hr \/><\/div><h3><strong>8. Ist das Hotel familienfreundlich?<\/strong><\/h3><p>Auf jeden Fall. Das Hotel bietet <strong>Familienzimmer<\/strong>, A <strong>Kinderbecken<\/strong>, <strong>Spielplatz<\/strong>, <strong>Kinderclub<\/strong>, und Annehmlichkeiten wie Kinderbadem\u00e4ntel, Hausschuhe und UV-sterilisiertes Spielzeug.<\/p><div class=\"py-2 my-3\"><hr \/><\/div><h3><strong>9. Sind Haustiere erlaubt?<\/strong><\/h3><p>Nein, Haustiere sind im LiCLOUDS HOTEL nicht gestattet. Auch Assistenztiere sind nicht erlaubt.<\/p><div class=\"py-2 my-3\"><hr \/><\/div><h3><strong>10. Haben Sie englischsprachiges Personal?<\/strong><\/h3><p>Ja, das Hotel besch\u00e4ftigt <strong>Englischsprachiges Personal<\/strong> Internationale G\u00e4ste bei Reservierungen, Wegbeschreibungen und lokalen Empfehlungen zu unterst\u00fctzen.<\/p><div class=\"py-2 my-3\"><hr \/><\/div><h3><strong>11. Wie weit ist das Hotel vom Bahnhof Guilin entfernt?<\/strong><\/h3><p>Das Hotel ist einfach <strong>1,3 km (ca. 250 m Fu\u00dfweg)<\/strong> vom Bahnhof Guilin aus, was die Anreise f\u00fcr Bahnreisende \u00e4u\u00dferst bequem macht.<\/p><div class=\"py-2 my-3\"><hr \/><\/div><h3><strong>12. Wie weit ist das Hotel vom internationalen Flughafen Guilin Liangjiang entfernt?<\/strong><\/h3><p>Es ist ungef\u00e4hr <strong>28 km entfernt<\/strong>, Die Fahrt dauert etwa 42 Minuten. Flughafentransfers k\u00f6nnen gegen Geb\u00fchr arrangiert werden.<\/p><div class=\"py-2 my-3\"><hr \/><\/div><h3><strong>13. Was sind die besten Sehensw\u00fcrdigkeiten in der N\u00e4he?<\/strong><\/h3><p>Sie sind nur wenige Schritte entfernt <strong>XiCheng Lu BuXingJie<\/strong> (250 m), <strong>Wohnsitz von Li Zongren<\/strong> (540 m) und <strong>Sanhua-Keller<\/strong> (580 m). <strong>Elefantenr\u00fcsselh\u00fcgel<\/strong> und die <strong>Zwei Fl\u00fcsse und vier Seen<\/strong> Die landschaftlich reizvollen Gebiete sind leicht zug\u00e4nglich.<\/p><div class=\"py-2 my-3\"><hr \/><\/div><h3><strong>14. Bietet das Hotel Business-Einrichtungen an?<\/strong><\/h3><p>Ja. Zu den Einrichtungen geh\u00f6ren: <strong>Konferenzr\u00e4ume<\/strong>, <strong>Coworking-Spaces<\/strong>, <strong>Sekretariatsdienste<\/strong>, <strong>Faxen\/Kopieren<\/strong>, Und <strong>Multifunktionsr\u00e4ume<\/strong> (teilweise gegen Aufpreis).<\/p><div class=\"py-2 my-3\"><hr \/><\/div><h3><strong>15. Gibt es ein Fitnessstudio?<\/strong><\/h3><p>Ja, ein <strong>kostenloses Fitnesscenter<\/strong> steht G\u00e4sten zur Verf\u00fcgung, die w\u00e4hrend ihrer Reise aktiv bleiben m\u00f6chten.<\/p><div class=\"py-2 my-3\"><hr \/><\/div><h3><strong>16. Kann ich spezielle Zimmerw\u00fcnsche \u00e4u\u00dfern?<\/strong><\/h3><p>Selbstverst\u00e4ndlich. G\u00e4ste k\u00f6nnen bei der Buchung oder bei der Ankunft bestimmte Zimmertypen oder Arrangements (z. B. nebeneinanderliegende Zimmer, ruhige Etagen) anfragen. Viele G\u00e4ste berichten, dass diese W\u00fcnsche ber\u00fccksichtigt werden.<\/p><div class=\"py-2 my-3\"><hr \/><\/div><h3><strong>17. Gibt es irgendwelche Aktivit\u00e4ten f\u00fcr Kinder?<\/strong><\/h3><p>Ja! Kinder k\u00f6nnen das genie\u00dfen <strong>Ozeanballrutsche<\/strong>, <strong>Kinderbecken<\/strong>, <strong>Spielplatz<\/strong>, Und <strong>Kinderclub<\/strong> im 10. Stock. Traditionelle Aktivit\u00e4ten wie <strong>Beutelherstellung<\/strong> werden ebenfalls angeboten.<\/p><div class=\"py-2 my-3\"><hr \/><\/div><h3><strong>18. Welche Zahlungsmethoden werden akzeptiert?<\/strong><\/h3><p>Das Hotel akzeptiert <strong>Barzahlungen<\/strong> Vor Ort. Kreditkarten werden je nach Buchungsplattform akzeptiert; bitte erkundigen Sie sich direkt beim Hotel.<\/p><div class=\"py-2 my-3\"><hr \/><\/div><h3><strong>19. Gibt es eine 24-Stunden-Rezeption?<\/strong><\/h3><p>Ja, die Rezeption ist ge\u00f6ffnet. <strong>24 Stunden<\/strong> G\u00e4sten beim Einchecken, Concierge-Services, Gep\u00e4ckaufbewahrung und bei n\u00e4chtlichen Bed\u00fcrfnissen behilflich zu sein.<\/p><div class=\"py-2 my-3\"><hr \/><\/div><h3><strong>20. Wie ist die Bewertung und der Rezensionsstatus des Hotels?<\/strong><\/h3><p data-spm-anchor-id=\"a2ty_o01.29997173.0.i40.2caac921Ka36hT\">Das LiCLOUDS HOTEL r\u00fchmt sich eines herausragenden <strong>Bewertung: 9,8\/10<\/strong> von \u00fcber <strong>5.434 verifizierte Bewertungen<\/strong> Auf Trip.com gab es im letzten Monat keine negativen Bewertungen. G\u00e4ste loben durchweg den Service, die Sauberkeit, die Lage und die familienfreundlichen Einrichtungen.<\/p>\t\t\t\t\t\t\t\t<\/div>\n\t\t\t\t\t<\/div>\n\t\t<\/div>\n\t\t\t\t\t<\/div>\n\t\t<\/section>\n\t\t\t\t<section class=\"elementor-section elementor-top-section elementor-element elementor-element-35835974 elementor-section-stretched elementor-section-boxed elementor-section-gap-beside-yes elementor-section-height-default elementor-section-height-default elementor-section-column-vertical-align-stretch\" data-id=\"35835974\" data-element_type=\"section\" data-e-type=\"section\" data-settings=\"{&quot;background_background&quot;:&quot;classic&quot;,&quot;stretch_section&quot;:&quot;section-stretched&quot;}\">\n\t\t\t\t\t\t<div class=\"elementor-container elementor-column-gap-extended\">\n\t\t\t\t\t<div class=\"elementor-column elementor-col-100 elementor-top-column elementor-element elementor-element-7a9d885c\" data-id=\"7a9d885c\" data-element_type=\"column\" data-e-type=\"column\">\n\t\t\t<div class=\"elementor-widget-wrap elementor-element-populated\">\n\t\t\t\t\t\t<div class=\"elementor-element elementor-element-1ab5a9e9 elementor-widget elementor-widget-nuss-heading\" data-id=\"1ab5a9e9\" data-element_type=\"widget\" data-e-type=\"widget\" data-widget_type=\"nuss-heading.default\">\n\t\t\t\t<div class=\"elementor-widget-container\">\n\t\t\t\t\t\t\t<div class=\"nuss-modern-heading\">\r\n\t\t\t\t\t\t<div class=\"heading-secondary-wrap\">\r\n\t\t\t\t<h3 class=\"heading-secondary elementor-heading-title\">Verf\u00fcgbarkeit pr\u00fcfen <\/h3>\t\t\t<\/div>\r\n\t\t\r\n\t\t\t\r\n\t\t\t\r\n\t\t\t\t\t<\/div>\r\n\t\t\t\t\t<\/div>\n\t\t\t\t<\/div>\n\t\t\t\t<div class=\"elementor-element elementor-element-42ec2fd5 elementor-widget elementor-widget-text-editor\" data-id=\"42ec2fd5\" data-element_type=\"widget\" data-e-type=\"widget\" data-widget_type=\"text-editor.default\">\n\t\t\t\t\t\t\t\t\t<iframe border=\"0\" src=\"https:\/\/www.trip.com\/partners\/ad\/S7313476?Allianceid=4590391&#038;SID=277435859&#038;trip_sub1=\" style=\"width:1200px;height:150px\" frameborder=\"0\" scrolling=\"no\" id=\"S7313476\"><\/iframe>\t\t\t\t\t\t\t\t<\/div>\n\t\t\t\t\t<\/div>\n\t\t<\/div>\n\t\t\t\t\t<\/div>\n\t\t<\/section>\n\t\t\t\t<\/div>","protected":false},"excerpt":{"rendered":"<p>Below, you will find a list of the questions most frequently asked by our guests. FAQ&#8217;S Questions &amp; Answers 1. What are the check-in and check-out times? Check-in is from 14:00, and check-out is by 12:00. The front desk operates 24\/7 for your convenience. 2. Does the hotel offer airport transfer services? Yes, priority airport [&hellip;]<\/p>\n","protected":false},"author":1,"featured_media":0,"parent":0,"menu_order":0,"comment_status":"closed","ping_status":"closed","template":"","meta":{"footnotes":""},"class_list":["post-2105","page","type-page","status-publish","hentry","post-no-thumbnail"],"_links":{"self":[{"href":"https:\/\/licloudshotel.com\/de\/wp-json\/wp\/v2\/pages\/2105","targetHints":{"allow":["GET"]}}],"collection":[{"href":"https:\/\/licloudshotel.com\/de\/wp-json\/wp\/v2\/pages"}],"about":[{"href":"https:\/\/licloudshotel.com\/de\/wp-json\/wp\/v2\/types\/page"}],"author":[{"embeddable":true,"href":"https:\/\/licloudshotel.com\/de\/wp-json\/wp\/v2\/users\/1"}],"replies":[{"embeddable":true,"href":"https:\/\/licloudshotel.com\/de\/wp-json\/wp\/v2\/comments?post=2105"}],"version-history":[{"count":0,"href":"https:\/\/licloudshotel.com\/de\/wp-json\/wp\/v2\/pages\/2105\/revisions"}],"wp:attachment":[{"href":"https:\/\/licloudshotel.com\/de\/wp-json\/wp\/v2\/media?parent=2105"}],"curies":[{"name":"wp","href":"https:\/\/api.w.org\/{rel}","templated":true}]}}