{"id":2104,"date":"2021-03-23T09:33:48","date_gmt":"2021-03-23T09:33:48","guid":{"rendered":"http:\/\/localhost\/nuss\/?page_id=167"},"modified":"2025-11-24T15:37:31","modified_gmt":"2025-11-24T15:37:31","slug":"unsere-geschichte","status":"publish","type":"page","link":"https:\/\/licloudshotel.com\/de\/unsere-geschichte\/","title":{"rendered":"Unsere Geschichte"},"content":{"rendered":"<div data-elementor-type=\"wp-page\" data-elementor-id=\"2104\" class=\"elementor elementor-2104\">\n\t\t\t\t\t\t<section class=\"elementor-section elementor-top-section elementor-element elementor-element-8f5bb9d elementor-section-boxed elementor-section-gap-beside-yes elementor-section-height-default elementor-section-height-default elementor-section-column-vertical-align-stretch\" data-id=\"8f5bb9d\" data-element_type=\"section\" data-e-type=\"section\">\n\t\t\t\t\t\t<div class=\"elementor-container elementor-column-gap-extended\">\n\t\t\t\t\t<div class=\"elementor-column elementor-col-100 elementor-top-column elementor-element elementor-element-7ec4215\" data-id=\"7ec4215\" data-element_type=\"column\" data-e-type=\"column\">\n\t\t\t<div class=\"elementor-widget-wrap elementor-element-populated\">\n\t\t\t\t\t\t<div class=\"elementor-element elementor-element-edd9d03 elementor-widget__width-initial elementor-invisible elementor-widget elementor-widget-text-editor\" data-id=\"edd9d03\" data-element_type=\"widget\" data-e-type=\"widget\" data-settings=\"{&quot;_animation&quot;:&quot;nussFadeInUp&quot;}\" data-widget_type=\"text-editor.default\">\n\t\t\t\t\t\t\t\t\t<p><strong data-spm-anchor-id=\"a2ty_o01.29997173.0.i48.2caac921Ka36hT\">Unsere Geschichte: Wo moderne Eleganz auf die zeitlose Seele von Guilin trifft<\/strong><\/p>\t\t\t\t\t\t\t\t<\/div>\n\t\t\t\t\t<\/div>\n\t\t<\/div>\n\t\t\t\t\t<\/div>\n\t\t<\/section>\n\t\t<div class=\"elementor-element elementor-element-ae7e42f e-flex e-con-boxed e-con e-parent\" data-id=\"ae7e42f\" data-element_type=\"container\" data-e-type=\"container\">\n\t\t\t\t\t<div class=\"e-con-inner\">\n\t\t\t\t<div class=\"elementor-element elementor-element-136c3a3 elementor-widget elementor-widget-text-editor\" data-id=\"136c3a3\" data-element_type=\"widget\" data-e-type=\"widget\" data-widget_type=\"text-editor.default\">\n\t\t\t\t\t\t\t\t\t<p>Im LiCLOUDS HOTEL (Guilin Two Rivers and Four Lakes Xiangshan Park) geht es uns nicht nur um Steine, M\u00f6rtel und luxuri\u00f6se Annehmlichkeiten \u2013 wir schaffen einen Ort der Ruhe und Sch\u00f6nheit, an dem die uralte Poesie der Landschaft Guilins mit dem modernen, unkomplizierten Reisekomfort verschmilzt. Gelegen in der Zhongshan Middle Road Nr. 2, im Herzen des Xiangshan-Bezirks, sind wir mehr als nur ein Hotel; wir sind ein lebendiges Kapitel in der Geschichte einer der atemberaubendsten St\u00e4dte Chinas.<\/p><p><strong>Entstanden aus einer Vision nahtloser Sch\u00f6nheit<\/strong><\/p><p>Wir \u00f6ffneten unsere T\u00fcren im Jahr 2021, doch unsere wahre Wiedergeburt erfolgte 2024 \u2013 eine umfassende, vision\u00e4re Renovierung, die uns in das verwandelte, was unsere G\u00e4ste heute als \u201cdie perfekte Verbindung von Natur, Luxus und herzlicher Gastfreundschaft\u201d bezeichnen. Unsere Gr\u00fcnder sahen nicht nur ein leeres Geb\u00e4ude, sondern eine Leinwand. Eine Leinwand vor der Kulisse des glitzernden Wassers der Zwei Fl\u00fcsse und Vier Seen, eingerahmt von der ikonischen Silhouette des Elefantenr\u00fcsselbergs und pulsierend vor der Energie der Fu\u00dfg\u00e4ngerzone XiCheng Lu BuXingJie. Ihre Mission? Einen Ort zu schaffen, an dem Reisende von ihrem privaten Balkon aus den Blick auf nebelverhangene Karstgipfel genie\u00dfen, im Infinity-Pool auf dem Dach schwimmen und anschlie\u00dfend eine geschichtstr\u00e4chtige Stadt erkunden k\u00f6nnen \u2013 und das alles, ohne auf Komfort oder Bequemlichkeit verzichten zu m\u00fcssen.<\/p><p><strong>Das Herzst\u00fcck unserer Gastfreundschaft: Sie<\/strong><\/p><p>Unsere Geschichte spiegelt sich in den L\u00e4cheln unserer G\u00e4ste, den Dankesnachrichten an der Rezeption und den \u00fcber 5.434 Bewertungen wider, die uns auf Trip.com konstant eine nahezu perfekte Bewertung von 9,8\/10 bescheren. Wir wollten nicht einfach nur ein weiteres 4-Sterne-Hotel sein; wir wollten Ihr Hotel sein. <em>Ein Zuhause fernab von Zuhause<\/em>, Ihr zuverl\u00e4ssiger Partner bei Entdeckungen und Ihr ruhiger R\u00fcckzugsort nach einem erlebnisreichen Tag.<\/p><p>Deshalb investieren wir genauso viel in unsere Mitarbeiter wie in unsere Unterk\u00fcnfte. Vom Moment Ihrer Ankunft an werden Sie nicht mit einem vorgefertigten Text begr\u00fc\u00dft, sondern mit dem ehrlichen Wunsch, Ihren Aufenthalt zu etwas Besonderem zu machen. Unsere englischsprachigen Mitarbeiter sind nicht nur f\u00fcr Sie da \u2013 sie kn\u00fcpfen Kontakte. Sie f\u00fcgen Sie auf WeChat hinzu, um Ihnen in Echtzeit zu helfen, geben Ihnen proaktiv Tipps f\u00fcr die Umgebung und merken sich Ihre Vorlieben. Ein Gast beschrieb unseren Service als \u201cpers\u00f6nlichen Butlerservice\u201d, und das empfinden wir als gr\u00f6\u00dftes Lob. Als eine Familie mit \u00e4lteren Angeh\u00f6rigen ruhige, nebeneinanderliegende Zimmer w\u00fcnschte, haben wir dies erm\u00f6glicht. Als eine Gruppe internationaler Freunde Hilfe beim traditionellen Herstellen von Dufts\u00e4ckchen ben\u00f6tigte, ging unsere junge Mitarbeiterin weit \u00fcber das \u00dcbliche hinaus und machte aus einer potenziellen Schwierigkeit eine sch\u00f6ne Erinnerung.<\/p><p><strong>Konzipiert f\u00fcr jede Art von Reise<\/strong><\/p><p>Unsere Geschichte schlie\u00dft jeden Reisenden ein. F\u00fcr Familien haben wir spezielle Angebote entwickelt. <strong>Familienzimmer<\/strong> Mit UV-sterilisiertem Spielzeug, Kinderzelten und einem lebhaften Spielplatz im 10. Stock mit Ozeanballrutsche und Kinderclub. F\u00fcr Paare, die Romantik suchen, haben wir Folgendes entworfen: <strong>Xiangshan Tatami Doppelzimmer<\/strong>, Hier trifft der traumhafte Blick auf den Elephant Trunk Hill auf eine riesige runde Badewanne unter dem Sternenhimmel. F\u00fcr Gesch\u00e4ftsreisende haben wir eine Oase der Ruhe geschaffen. <strong>Coworking-Spaces<\/strong> Wir bieten Konferenzr\u00e4ume mit modernster Technik, alle in fu\u00dfl\u00e4ufiger Entfernung zum Bahnhof. Und f\u00fcr Alleinreisende bieten wir gem\u00fctliche, smarte Zimmer mit Xiao-Du-Sprachsteuerung und Balkonen, die sich perfekt eignen, um bei einer Tasse Tee das Treiben zu beobachten.<\/p><p><strong>Verwurzelt in Guilin, mit Blick in die Zukunft<\/strong><\/p><p>Unsere Lage ist unser Erbe. Direkt an der Zhongshan Middle Road gelegen, befinden wir uns in unmittelbarer N\u00e4he von Kultursch\u00e4tzen wie dem Wohnhaus von Li Zongren und dem Sanhua-Keller sowie nur wenige Minuten von der lebhaften XiCheng Lu BuXingJie entfernt. Doch wir blicken auch nach vorn. Wir setzen auf Innovation: Unsere Serviceroboter bringen Ihnen Annehmlichkeiten mit einem L\u00e4cheln, unsere Zimmer lassen sich per Sprachsteuerung bedienen, und dank kostenlosem WLAN und Fitnessraum bleiben Sie stets verbunden und voller Energie. Wir pflegen Traditionen durch Aktivit\u00e4ten wie die Herstellung von Dufts\u00e4ckchen und sorgen gleichzeitig daf\u00fcr, dass unsere Einrichtungen \u2013 von unseren beiden kostenlosen Au\u00dfenpools bis hin zu unserer Bibliothek \u2013 modern, sauber und einladend sind.<\/p><p><strong>Ein Versprechen, geschrieben in Stein und Himmel<\/strong><\/p><p>Unsere Geschichte schreibt sich mit jedem Gast weiter, der unser Haus betritt. Sie spiegelt sich in der makellosen Sauberkeit wider, die uns eine Bewertung von 9,8\/10 einbringt, im k\u00f6stlichen Fr\u00fchst\u00fcck, das Ihnen Energie f\u00fcr Ihre Abenteuer schenkt, und in den liebevollen Details, die Ihren Aufenthalt unvergesslich machen. Wir sind stolz darauf, als #1 4-Sterne-Select-Hotel in Guilin ausgezeichnet worden zu sein \u2013 nicht aufgrund von Auszeichnungen, sondern aufgrund Ihres Vertrauens.<\/p><p>Ob Sie nun Wasserf\u00e4lle bestaunen, Karstgipfel besteigen oder einfach nur in einem Zimmer entspannen m\u00f6chten, das sich wie ein privater R\u00fcckzugsort anf\u00fchlt \u2013 eines ist sicher: Im LiCLOUDS HOTEL wird Ihre Geschichte Teil unserer. Wir sind nicht nur ein Reiseziel, sondern der Beginn Ihres n\u00e4chsten gro\u00dfen Abenteuers im Herzen von Guilin.<\/p><p data-spm-anchor-id=\"a2ty_o01.29997173.0.i51.2caac921Ka36hT\">Willkommen zu Hause.<\/p>\t\t\t\t\t\t\t\t<\/div>\n\t\t\t\t\t<\/div>\n\t\t\t\t<\/div>\n\t\t\t\t<section class=\"elementor-section elementor-top-section elementor-element elementor-element-465c28db elementor-section-stretched elementor-section-boxed elementor-section-gap-beside-yes elementor-section-height-default elementor-section-height-default elementor-section-column-vertical-align-stretch\" data-id=\"465c28db\" data-element_type=\"section\" data-e-type=\"section\" data-settings=\"{&quot;background_background&quot;:&quot;classic&quot;,&quot;stretch_section&quot;:&quot;section-stretched&quot;}\">\n\t\t\t\t\t\t<div class=\"elementor-container elementor-column-gap-extended\">\n\t\t\t\t\t<div class=\"elementor-column elementor-col-100 elementor-top-column elementor-element elementor-element-2afbfd6a\" data-id=\"2afbfd6a\" data-element_type=\"column\" data-e-type=\"column\">\n\t\t\t<div class=\"elementor-widget-wrap elementor-element-populated\">\n\t\t\t\t\t\t<div class=\"elementor-element elementor-element-4a3465f0 elementor-widget elementor-widget-nuss-heading\" data-id=\"4a3465f0\" data-element_type=\"widget\" data-e-type=\"widget\" data-widget_type=\"nuss-heading.default\">\n\t\t\t\t<div class=\"elementor-widget-container\">\n\t\t\t\t\t\t\t<div class=\"nuss-modern-heading\">\r\n\t\t\t\t\t\t<div class=\"heading-secondary-wrap\">\r\n\t\t\t\t<h3 class=\"heading-secondary elementor-heading-title\">Verf\u00fcgbarkeit pr\u00fcfen <\/h3>\t\t\t<\/div>\r\n\t\t\r\n\t\t\t\r\n\t\t\t\r\n\t\t\t\t\t<\/div>\r\n\t\t\t\t\t<\/div>\n\t\t\t\t<\/div>\n\t\t\t\t<div class=\"elementor-element elementor-element-5a72a479 elementor-widget elementor-widget-text-editor\" data-id=\"5a72a479\" data-element_type=\"widget\" data-e-type=\"widget\" data-widget_type=\"text-editor.default\">\n\t\t\t\t\t\t\t\t\t<iframe border=\"0\" src=\"https:\/\/www.trip.com\/partners\/ad\/S7313476?Allianceid=4590391&#038;SID=277435859&#038;trip_sub1=\" style=\"width:1200px;height:150px\" frameborder=\"0\" scrolling=\"no\" id=\"S7313476\"><\/iframe>\t\t\t\t\t\t\t\t<\/div>\n\t\t\t\t\t<\/div>\n\t\t<\/div>\n\t\t\t\t\t<\/div>\n\t\t<\/section>\n\t\t\t\t<\/div>","protected":false},"excerpt":{"rendered":"<p>Our Story: Where Modern Elegance Meets the Timeless Soul of Guilin At LiCLOUDS HOTEL (Guilin Two Rivers and Four Lakes Xiangshan Park), our story isn\u2019t just about bricks, mortar, and luxury amenities\u2014it\u2019s about crafting a sanctuary where the ancient poetry of Guilin\u2019s landscape harmonizes with the smart, seamless rhythms of modern travel. Nestled at No. [&hellip;]<\/p>\n","protected":false},"author":1,"featured_media":0,"parent":0,"menu_order":0,"comment_status":"closed","ping_status":"closed","template":"","meta":{"footnotes":""},"class_list":["post-2104","page","type-page","status-publish","hentry","post-no-thumbnail"],"_links":{"self":[{"href":"https:\/\/licloudshotel.com\/de\/wp-json\/wp\/v2\/pages\/2104","targetHints":{"allow":["GET"]}}],"collection":[{"href":"https:\/\/licloudshotel.com\/de\/wp-json\/wp\/v2\/pages"}],"about":[{"href":"https:\/\/licloudshotel.com\/de\/wp-json\/wp\/v2\/types\/page"}],"author":[{"embeddable":true,"href":"https:\/\/licloudshotel.com\/de\/wp-json\/wp\/v2\/users\/1"}],"replies":[{"embeddable":true,"href":"https:\/\/licloudshotel.com\/de\/wp-json\/wp\/v2\/comments?post=2104"}],"version-history":[{"count":0,"href":"https:\/\/licloudshotel.com\/de\/wp-json\/wp\/v2\/pages\/2104\/revisions"}],"wp:attachment":[{"href":"https:\/\/licloudshotel.com\/de\/wp-json\/wp\/v2\/media?parent=2104"}],"curies":[{"name":"wp","href":"https:\/\/api.w.org\/{rel}","templated":true}]}}